{"id":2866,"date":"2025-02-13T08:19:30","date_gmt":"2025-02-13T11:19:30","guid":{"rendered":"https:\/\/wp.ufpel.edu.br\/ppgfil\/?page_id=2866"},"modified":"2025-03-20T07:22:42","modified_gmt":"2025-03-20T10:22:42","slug":"grupos-de-pesquisa","status":"publish","type":"page","link":"https:\/\/wp.ufpel.edu.br\/ppgfil\/grupos-de-pesquisa\/","title":{"rendered":"Grupos de Estudos\/Pesquisa"},"content":{"rendered":"<p>Dentre os Grupos de Estudos\/Pesquisa coordenados por docentes do PPGFIL com atividade regular, encontram-se os seguintes:<\/p>\n<p><strong>Grupo de Estudos sobre Filosofia Medieval<\/strong>.<\/p>\n<p>Vigente desde maio de 2003, o Grupo de Estudos sobre Filosofia Medieval, tem como inten\u00e7\u00e3o, possibilitar aos alunos de gradua\u00e7\u00e3o ou p\u00f3s-gradua\u00e7\u00e3o, a possibilidade de aprofundamento em determinados temas, problemas ou autores medievais. No entanto, sendo um projeto de extens\u00e3o universit\u00e1ria, o grupo sempre teve em conta, algumas peculiaridades: n\u00e3o \u00e9 uma atividade dedicada exclusivamente aos alunos do curso de Filosofia. Alunos de outros cursos da universidade participam e, mais ainda, as atividades est\u00e3o \u00e0 disposi\u00e7\u00e3o da comunidade em geral, mesmo fora do \u00e2mbito universit\u00e1rio. E, de fato, a comunidade nunca deixou de se fazer presente.<\/p>\n<p>Sendo um instrumento de estudo e de divulga\u00e7\u00e3o das pesquisas sobre filosofia medieval, o grupo, embora n\u00e3o tenha como objetivo prec\u00edpuo a forma\u00e7\u00e3o de pesquisadores, esta, no entanto, acaba por ser uma consequ\u00eancia, uma vez que um n\u00famero de significativo de estudantes que passam pelo grupo acabam por direcionar suas pesquisas, ainda na gradua\u00e7\u00e3o e, sobretudo, na p\u00f3s-gradua\u00e7\u00e3o, para temas de filosofia medieval.<\/p>\n<p>O grupo de estudos, com suas reuni\u00f5es semanais, vem sendo, h\u00e1 mais de vinte anos, um espa\u00e7o muito especial de reflex\u00e3o em torno de quest\u00f5es filos\u00f3ficas relevantes do medievo: f\u00e9 e raz\u00e3o, as rela\u00e7\u00f5es entre poder temporal e espiritual, o problema dos universais, quest\u00f5es metaf\u00edsicas, provas da exist\u00eancia de Deus, \u00e9tica e virtude, s\u00e3o alguns dos muitos temas estudados.<\/p>\n<p>\u00c9 sempre com renovada satisfa\u00e7\u00e3o que temos visto, sobretudo no in\u00edcio das atividades de cada ano, um significativo n\u00famero de pessoas, a maioria constitu\u00edda por jovens estudantes, procurar o grupo de estudos. Nem todos continuam acompanhando os trabalhos; \u00e9 certo que alguns buscam apenas a leg\u00edtima oportunidade de realizar uma atividade extracurricular que possa ser acrescentada ao hist\u00f3rico escolar; outros frequentam o grupo movidos pela curiosidade; outros ainda, envoltos no entusiasmo dos primeiros passos, ainda incertos, na vida acad\u00eamica. Todos eles, no entanto, t\u00eam a oportunidade de conhecer melhor o trabalho filos\u00f3fico da idade m\u00e9dia.<\/p>\n<p><em>Prof. Dr. Manoel Vasconcellos<\/em><\/p>\n<p>Certificado no Diret\u00f3rio dos Grupos de Pesquisa do CNPq:<\/p>\n<p><a href=\"http:\/\/dgp.cnpq.br\/dgp\/espelhogrupo\/813840\">http:\/\/dgp.cnpq.br\/dgp\/espelhogrupo\/813840<\/a><\/p>\n<p>&nbsp;<\/p>\n<p><strong>Grupo de Estudos Nietzsche UFPel<\/strong><\/p>\n<p>O Grupo de Estudos Nietzsche UFPel foi criado em 2003 como um projeto de extens\u00e3o universit\u00e1ria dedicado a &#8220;reunir alunos e estudiosos da comunidade interessados em discutir quest\u00f5es relevantes do pensamento de Nietzsche, da filosofia e da cultura atual&#8221;. Sob a coordena\u00e7\u00e3o do professor Clademir Araldi, o Grupo iniciou suas atividades pela leitura de <em>Humano, demasiado humano<\/em> e pela recep\u00e7\u00e3o da edi\u00e7\u00e3o itinerante do &#8220;XIV Encontros Nietzsche (homenagem a Gerd Bornheim)&#8221;, organizado pelo Grupo de Estudos Nietzsche da Universidade de S\u00e3o Paulo (GEN), que teve lugar na UFPel entre 26 e 28 de junho de 2003.<\/p>\n<p>Consolidando-se em 2004 com a an\u00e1lise da obra <em>Para al\u00e9m de bem e mal<\/em> e pela organiza\u00e7\u00e3o do \u201cXVI Encontros Nietzsche\u201d, sediado em Pelotas entre os dias 14 e 16 de Junho, a partir de agosto de 2009 o Grupo passa a ser coordenado pelos professores Clademir Araldi e Lu\u00eds Rubira. Destaca-se, neste novo ciclo, a realiza\u00e7\u00e3o do \u201cXXVII Encontros Nietzsche (Brasil \u2013 Fran\u00e7a \u2013 It\u00e1lia)\u201d, realizado entre setembro e outubro de 2009, o qual contou com a presen\u00e7a de C\u00e9line Denat, Marco Brusotti, Patrick Wotling e Scarlett Marton.<\/p>\n<p>Realizando anualmente com a comunidade em geral a exegese e o debate das obras do fil\u00f3sofo alem\u00e3o, o GEN-UFPel contribuiu para a forma\u00e7\u00e3o de mais de duas dezenas de mestres e doutores no \u00e2mbito do PPG em Filosofia da UFPel. Mantendo interc\u00e2mbio permanente com pesquisadores e grupos de pesquisa nacionais e estrangeiros (dentre os quais destacamos o GIRN e o HiperNietzsche), no ano de 2024 o Grupo Nietzsche UFPel realizou os Encontros Nietzsche Mercosul, reunindo 25 palestrantes oriundos da Argentina, do Chile, do Peru, do Uruguai e de diversas universidades de nosso pa\u00eds.<\/p>\n<p style=\"text-align: justify;\"><em>Prof. Dr. Lu\u00eds Rubira<\/em><\/p>\n<p>Certificado no Diret\u00f3rio dos Grupos de Pesquisa do CNPq:<\/p>\n<p><a href=\"http:\/\/dgp.cnpq.br\/dgp\/espelhogrupo\/385591\">http:\/\/dgp.cnpq.br\/dgp\/espelhogrupo\/385591<\/a><\/p>\n<p>&nbsp;<\/p>\n<p><strong>Grupo de pesquisa Est\u00e9tica e Cr\u00edtica da Modernidade<\/strong><\/p>\n<p>O grupo de pesquisa &#8220;Est\u00e9tica e Cr\u00edtica da Modernidade&#8221;, criado em 2003, pretende investigar a ruptura no pensamento filos\u00f3fico da modernidade ocorrida no s\u00e9culo XIX, com o pensamento de Nietzsche. Al\u00e9m da cr\u00edtica de Nietzsche \u00e0 modernidade (nos seus v\u00e1rios \u00e2mbitos: moral, metaf\u00edsica, cultura, arte, pol\u00edtica, ci\u00eancia), s\u00e3o investigados tamb\u00e9m os desdobramentos e repercuss\u00f5es dessa perspectiva de an\u00e1lise em fil\u00f3sofos como M. Heidegger e M. Foucault. Partindo da an\u00e1lise da cr\u00edtica da moral de Nietzsche, e de sua abordagem naturalista dos fen\u00f4menos morais, abordamos a nova compreens\u00e3o da modernidade que se instaura com a pretens\u00e3o de estabelecer novos modelos de subjetividade, a partir da cria\u00e7\u00e3o de valores, de novos tipos de homem e de novas formas de vida. Julgamos necess\u00e1rio aprofundar a discuss\u00e3o acerca do significado da filosofia nietzschiana, tanto no que se refere \u00e0 cr\u00edtica geneal\u00f3gica da filosofia tradicional (moral e metaf\u00edsica), como em sua vertente criativo-construtiva.<\/p>\n<p style=\"text-align: justify;\"><em>Prof. Dr. Clademir Araldi<\/em><\/p>\n<p>Certificado no Diret\u00f3rio dos Grupos de Pesquisa do CNPq:<\/p>\n<p><a href=\"http:\/\/dgp.cnpq.br\/dgp\/espelhogrupo\/26396\">http:\/\/dgp.cnpq.br\/dgp\/espelhogrupo\/26396<\/a><\/p>\n<p>&nbsp;<\/p>\n<p><strong>Grupo de Estudos Hannah Arendt (GEHAr)<\/strong><\/p>\n<p>O Grupo de Estudos Hannah Arendt iniciou as leituras e as discuss\u00f5es dos textos da autora em outubro de 2009. Dele, al\u00e9m da coordenadora, Profa S\u00f4nia Schio participaram alunos da Gradua\u00e7\u00e3o, do Mestrado em Filosofia da UFPel (iniciado em 2008) e pessoas da comunidade. Esse \u201censaio\u201d de pesquisa foi programado para a dura\u00e7\u00e3o de 3 meses, ou seja, at\u00e9 dezembro daquele ano de 2009. Entretanto, ao final do per\u00edodo, os participantes decidiram que ele seria continuado em 2010, com hor\u00e1rio no vespertino, isto \u00e9, entre as aulas da tarde e as da noite. Tamb\u00e9m foi escolhida a obra a ler comentada. Ele foi registrado na Pr\u00f3-Reitoria de Extens\u00e3o, momento em que os participantes come\u00e7aram a receber certifica\u00e7\u00e3o. Os pr\u00f3prios participantes elaboram os cartazes convidando os colegas.<\/p>\n<p>A partir de 2013, os encontros passaram a ocorrer no turno da manh\u00e3. Em 2019, houve a comemora\u00e7\u00e3o dos \u201c10 anos\u201d. Em 2020, com a pandemia, as reuni\u00f5es passaram a ser remotas (via Skype). Os artigos, oriundos do evento, atrasaram e foram publicados em 2023, na Dissertatio do PPGFil da UFPel. Em 2024, comemorou-se os \u201c15 anos\u201d ininterruptos do Grupo.<\/p>\n<p>Os encontros, atualmente, s\u00e3o mistos: presenciais e remotos, pois desde 2021, h\u00e1 a participa\u00e7\u00e3o de pessoas de outras cidades do RS e do Brasil. Nesses anos foram lidas variadas obras: <em>Origens do Totalitarismo, A condi\u00e7\u00e3o Humana, Entre o Passado e o futuro, Compreender, Pensar sem Corrim\u00e3o, Eichmann em Jerusal\u00e9m<\/em> \u2013 os artigos, em completude, as obras, sempre que poss\u00edvel. Al\u00e9m destes, os artigos elaborados pelos componentes do GEHAr ou outros de interesses nas tem\u00e1ticas abordadas.<\/p>\n<p style=\"text-align: justify;\"><em>Profa. Dra. S\u00f4nia Maria Schio <\/em>(Por ocasi\u00e3o dos 15 anos do GEHAr da UFPel)<\/p>\n<p style=\"text-align: justify;\">Certificado no Diret\u00f3rio dos Grupos de Pesquisa do CNPq:<\/p>\n<p><a href=\"http:\/\/dgp.cnpq.br\/dgp\/espelhogrupo\/786890\">http:\/\/dgp.cnpq.br\/dgp\/espelhogrupo\/786890<\/a><\/p>\n<p>&nbsp;<\/p>\n<p><strong>Grupo de Estudos Ecopol\u00edticas e o Sul Global<\/strong><\/p>\n<p>O Grupo de Estudos Ecopol\u00edticas e o Sul Global foi criado em 2023, procurando dar resposta \u00e0s demandas de discentes e \u00e0s suas preocupa\u00e7\u00f5es com a quest\u00e3o ecol\u00f3gica e suas implica\u00e7\u00f5es para o Sul Global.<\/p>\n<p>O objetivo do grupo \u00e9 repensar o sentido das rela\u00e7\u00f5es atuais entre ser humano, mundo e Terra, profundamente marcadas pelos processos de aliena\u00e7\u00e3o, destrui\u00e7\u00e3o e excesso cujo \u00edndice \u00e9 a crise ecol\u00f3gica, assim contribuindo para o debate atual sobre os problemas sociopol\u00edticos decorrentes da crise ecol\u00f3gica, por meio da produ\u00e7\u00e3o de saberes que t\u00eam como \u00eanfase de estudo as teorias cr\u00edticas realizadas no Sul Global.<\/p>\n<p>O Grupo de Estudos Ecopol\u00edticas e Sul Global assume como premissa de trabalho o fato de a quest\u00e3o ecol\u00f3gica se ter tornado numa quest\u00e3o pol\u00edtica transversal e de primeira ordem, de tal forma que toda a pol\u00edtica se transformou numa Ecopol\u00edtica.<\/p>\n<p>Assume tamb\u00e9m a perspectiva de que a melhor pr\u00e1tica ecopol\u00edtica deve come\u00e7ar por um processo de descentramento cr\u00edtico relativamente \u00e0s perspectivas dominantes, sejam do ponto de vista pol\u00edtico, econ\u00f4mico, cultural ou outros.<\/p>\n<p>O recorte tem\u00e1tico da ecopol\u00edtica poder\u00e1 auxiliar n\u00e3o apenas na sele\u00e7\u00e3o do material de estudo, mas tamb\u00e9m na investiga\u00e7\u00e3o da crise ecol\u00f3gica, assunto adjacente \u00e0 cr\u00edtica da colonialidade.<\/p>\n<p>Essa problematiza\u00e7\u00e3o enquanto fio condutor permite que, para al\u00e9m das discuss\u00f5es sobre o problema, tamb\u00e9m seja poss\u00edvel verificar a elabora\u00e7\u00e3o de solu\u00e7\u00f5es ou, pelo menos, indicar caminhos poss\u00edveis.<\/p>\n<p>(a) Privilegiar o estudo de autores\/as e obras do Sul Global, sem exclus\u00e3o de contributos relevantes provenientes no Norte Global;<br \/>\n(b) Adotar uma abordagem interdisciplinar e plural que ter\u00e1 como eixos a quest\u00e3o da colonialidade, a cr\u00edtica da sociedade contempor\u00e2nea, a an\u00e1lise filos\u00f3fica das estruturas ontol\u00f3gicas e pol\u00edticas que est\u00e3o na sua origem;<br \/>\n(c) Considerar propostas \u00e9ticas e pol\u00edticas para uma habita\u00e7\u00e3o equilibrada e sustent\u00e1vel da Terra.<\/p>\n<p>O Grupo de Estudos Ecopol\u00edticas e Sul Global re\u00fane uma vez por semana, em hor\u00e1rio definido no in\u00edcio de cada semestre e devidamente publicitado nos espa\u00e7os da universidade e nas redes sociais.<\/p>\n<p style=\"text-align: justify;\"><em>Prof. Dr. Nuno Castanheira<\/em><\/p>\n<p>Registro no Portal Institucional da UFPel:<\/p>\n<p><a href=\"https:\/\/institucional.ufpel.edu.br\/projetos\/id\/u7168\">https:\/\/institucional.ufpel.edu.br\/projetos\/id\/u7168<\/a><\/p>\n","protected":false},"excerpt":{"rendered":"<p>Dentre os Grupos de Estudos\/Pesquisa coordenados por docentes do PPGFIL com atividade regular, encontram-se os seguintes: Grupo de Estudos sobre Filosofia Medieval. Vigente desde maio de 2003, o Grupo de Estudos sobre Filosofia Medieval, tem como inten\u00e7\u00e3o, possibilitar aos alunos de gradua\u00e7\u00e3o ou p\u00f3s-gradua\u00e7\u00e3o, a possibilidade de aprofundamento em determinados temas, problemas ou autores medievais. [&hellip;]<\/p>\n","protected":false},"author":16,"featured_media":0,"parent":0,"menu_order":0,"comment_status":"closed","ping_status":"closed","template":"","meta":{"jetpack_post_was_ever_published":false,"footnotes":""},"class_list":["post-2866","page","type-page","status-publish","hentry"],"jetpack_sharing_enabled":true,"_links":{"self":[{"href":"https:\/\/wp.ufpel.edu.br\/ppgfil\/wp-json\/wp\/v2\/pages\/2866","targetHints":{"allow":["GET"]}}],"collection":[{"href":"https:\/\/wp.ufpel.edu.br\/ppgfil\/wp-json\/wp\/v2\/pages"}],"about":[{"href":"https:\/\/wp.ufpel.edu.br\/ppgfil\/wp-json\/wp\/v2\/types\/page"}],"author":[{"embeddable":true,"href":"https:\/\/wp.ufpel.edu.br\/ppgfil\/wp-json\/wp\/v2\/users\/16"}],"replies":[{"embeddable":true,"href":"https:\/\/wp.ufpel.edu.br\/ppgfil\/wp-json\/wp\/v2\/comments?post=2866"}],"version-history":[{"count":13,"href":"https:\/\/wp.ufpel.edu.br\/ppgfil\/wp-json\/wp\/v2\/pages\/2866\/revisions"}],"predecessor-version":[{"id":2972,"href":"https:\/\/wp.ufpel.edu.br\/ppgfil\/wp-json\/wp\/v2\/pages\/2866\/revisions\/2972"}],"wp:attachment":[{"href":"https:\/\/wp.ufpel.edu.br\/ppgfil\/wp-json\/wp\/v2\/media?parent=2866"}],"curies":[{"name":"wp","href":"https:\/\/api.w.org\/{rel}","templated":true}]}}