{"id":2856,"date":"2025-02-12T09:42:14","date_gmt":"2025-02-12T12:42:14","guid":{"rendered":"https:\/\/wp.ufpel.edu.br\/ppgfil\/?page_id=2856"},"modified":"2025-02-12T09:42:14","modified_gmt":"2025-02-12T12:42:14","slug":"encontros-de-egressos","status":"publish","type":"page","link":"https:\/\/wp.ufpel.edu.br\/ppgfil\/encontros-de-egressos\/","title":{"rendered":"Encontros de Egressos"},"content":{"rendered":"<p>O Encontro de Egressos e P\u00f3s-Graduandos do Programa de P\u00f3s-Gradua\u00e7\u00e3o em Filosofia da UFPel foi criado em 2023, em homenagem aos quinze anos de exist\u00eancia do PPGFIL-UFPel. Trata-se de um evento bianual que visa reunir os egressos e os atuais discentes do Programa, de modo a melhor acompanhar e valorizar as experi\u00eancias dos egressos por meio de depoimentos e relatos de suas experi\u00eancias durante e ap\u00f3s sua forma\u00e7\u00e3o, avaliando tamb\u00e9m o impacto social atual de suas atividades profissionais.<\/p>\n<p>&nbsp;<\/p>\n<p>I Encontro de Egressos e P\u00f3s-Graduandos do PPGFIL-UFPel (09\/2023):<\/p>\n<p><img class=\"\" src=\"https:\/\/wp.ufpel.edu.br\/ppgfil\/files\/2023\/09\/I-Encontro-de-Egressos-PPGFIL-2023.png\" width=\"560\" height=\"802\" \/><\/p>\n","protected":false},"excerpt":{"rendered":"<p>O Encontro de Egressos e P\u00f3s-Graduandos do Programa de P\u00f3s-Gradua\u00e7\u00e3o em Filosofia da UFPel foi criado em 2023, em homenagem aos quinze anos de exist\u00eancia do PPGFIL-UFPel. Trata-se de um evento bianual que visa reunir os egressos e os atuais discentes do Programa, de modo a melhor acompanhar e valorizar as experi\u00eancias dos egressos por [&hellip;]<\/p>\n","protected":false},"author":16,"featured_media":0,"parent":0,"menu_order":0,"comment_status":"closed","ping_status":"closed","template":"","meta":{"jetpack_post_was_ever_published":false,"footnotes":""},"class_list":["post-2856","page","type-page","status-publish","hentry"],"jetpack_sharing_enabled":true,"_links":{"self":[{"href":"https:\/\/wp.ufpel.edu.br\/ppgfil\/wp-json\/wp\/v2\/pages\/2856","targetHints":{"allow":["GET"]}}],"collection":[{"href":"https:\/\/wp.ufpel.edu.br\/ppgfil\/wp-json\/wp\/v2\/pages"}],"about":[{"href":"https:\/\/wp.ufpel.edu.br\/ppgfil\/wp-json\/wp\/v2\/types\/page"}],"author":[{"embeddable":true,"href":"https:\/\/wp.ufpel.edu.br\/ppgfil\/wp-json\/wp\/v2\/users\/16"}],"replies":[{"embeddable":true,"href":"https:\/\/wp.ufpel.edu.br\/ppgfil\/wp-json\/wp\/v2\/comments?post=2856"}],"version-history":[{"count":1,"href":"https:\/\/wp.ufpel.edu.br\/ppgfil\/wp-json\/wp\/v2\/pages\/2856\/revisions"}],"predecessor-version":[{"id":2859,"href":"https:\/\/wp.ufpel.edu.br\/ppgfil\/wp-json\/wp\/v2\/pages\/2856\/revisions\/2859"}],"wp:attachment":[{"href":"https:\/\/wp.ufpel.edu.br\/ppgfil\/wp-json\/wp\/v2\/media?parent=2856"}],"curies":[{"name":"wp","href":"https:\/\/api.w.org\/{rel}","templated":true}]}}