{"id":2841,"date":"2025-02-12T06:42:46","date_gmt":"2025-02-12T09:42:46","guid":{"rendered":"https:\/\/wp.ufpel.edu.br\/ppgfil\/?page_id=2841"},"modified":"2025-02-12T09:22:09","modified_gmt":"2025-02-12T12:22:09","slug":"forum-filosofico","status":"publish","type":"page","link":"https:\/\/wp.ufpel.edu.br\/ppgfil\/forum-filosofico\/","title":{"rendered":"F\u00f3rum Filos\u00f3fico"},"content":{"rendered":"<p>O F\u00f3rum Filos\u00f3fico (criado em abril de 2024) \u00e9 um evento anual destinado aos discentes matriculados no Programa de P\u00f3s-gradua\u00e7\u00e3o em Filosofia UFPEL e tem como finalidade principal a apresenta\u00e7\u00e3o e o debate filos\u00f3fico de seus respectivos projetos de pesquisa, bem como cap\u00edtulos de disserta\u00e7\u00e3o ou de tese, visando o aprofundamento de quest\u00f5es te\u00f3ricas e metodol\u00f3gicas ligadas aos mesmos.<\/p>\n<p>&nbsp;<\/p>\n<p>I F\u00f3rum Filos\u00f3fico (29 e 30\/04\/2024). Programa\u00e7\u00e3o:<\/p>\n<p><a href=\"https:\/\/wp.ufpel.edu.br\/ppgfil\/files\/2024\/04\/2024_I-FORUM-FILOSOFICO_Programa-Atualizado.pdf\">https:\/\/wp.ufpel.edu.br\/ppgfil\/files\/2024\/04\/2024_I-FORUM-FILOSOFICO_Programa-Atualizado.pdf<\/a><\/p>\n","protected":false},"excerpt":{"rendered":"<p>O F\u00f3rum Filos\u00f3fico (criado em abril de 2024) \u00e9 um evento anual destinado aos discentes matriculados no Programa de P\u00f3s-gradua\u00e7\u00e3o em Filosofia UFPEL e tem como finalidade principal a apresenta\u00e7\u00e3o e o debate filos\u00f3fico de seus respectivos projetos de pesquisa, bem como cap\u00edtulos de disserta\u00e7\u00e3o ou de tese, visando o aprofundamento de quest\u00f5es te\u00f3ricas e [&hellip;]<\/p>\n","protected":false},"author":16,"featured_media":0,"parent":0,"menu_order":0,"comment_status":"closed","ping_status":"closed","template":"","meta":{"jetpack_post_was_ever_published":false,"footnotes":""},"class_list":["post-2841","page","type-page","status-publish","hentry"],"jetpack_sharing_enabled":true,"_links":{"self":[{"href":"https:\/\/wp.ufpel.edu.br\/ppgfil\/wp-json\/wp\/v2\/pages\/2841","targetHints":{"allow":["GET"]}}],"collection":[{"href":"https:\/\/wp.ufpel.edu.br\/ppgfil\/wp-json\/wp\/v2\/pages"}],"about":[{"href":"https:\/\/wp.ufpel.edu.br\/ppgfil\/wp-json\/wp\/v2\/types\/page"}],"author":[{"embeddable":true,"href":"https:\/\/wp.ufpel.edu.br\/ppgfil\/wp-json\/wp\/v2\/users\/16"}],"replies":[{"embeddable":true,"href":"https:\/\/wp.ufpel.edu.br\/ppgfil\/wp-json\/wp\/v2\/comments?post=2841"}],"version-history":[{"count":3,"href":"https:\/\/wp.ufpel.edu.br\/ppgfil\/wp-json\/wp\/v2\/pages\/2841\/revisions"}],"predecessor-version":[{"id":2852,"href":"https:\/\/wp.ufpel.edu.br\/ppgfil\/wp-json\/wp\/v2\/pages\/2841\/revisions\/2852"}],"wp:attachment":[{"href":"https:\/\/wp.ufpel.edu.br\/ppgfil\/wp-json\/wp\/v2\/media?parent=2841"}],"curies":[{"name":"wp","href":"https:\/\/api.w.org\/{rel}","templated":true}]}}