{"id":2837,"date":"2025-02-12T06:41:08","date_gmt":"2025-02-12T09:41:08","guid":{"rendered":"https:\/\/wp.ufpel.edu.br\/ppgfil\/?page_id=2837"},"modified":"2025-02-21T10:43:39","modified_gmt":"2025-02-21T13:43:39","slug":"seminario-de-autoavaliacao-do-ppgfil","status":"publish","type":"page","link":"https:\/\/wp.ufpel.edu.br\/ppgfil\/seminario-de-autoavaliacao-do-ppgfil\/","title":{"rendered":"Semin\u00e1rio de Autoavalia\u00e7\u00e3o"},"content":{"rendered":"<p>A Avalia\u00e7\u00e3o Quadrienal dos Programas de P\u00f3s-Gradua\u00e7\u00e3o <em>stricto sensu<\/em> realizado pela CAPES instituiu a necessidade de cada Programa realizar periodicamente sua autoavalia\u00e7\u00e3o envolvendo docentes, discentes, t\u00e9cnicos e egressos. Devido a import\u00e2ncia da autoavalia\u00e7\u00e3o para a consolida\u00e7\u00e3o e crescimento do PPGFIL, a Coordena\u00e7\u00e3o criou, no segundo semestre de 2022, o Semin\u00e1rio de Autoavalia\u00e7\u00e3o como atividade permanente do Programa. Seguem, abaixo, algumas das reuni\u00f5es realizadas, que incluem membros externos ao programa, os quais tamb\u00e9m contribu\u00edram para a reflex\u00e3o em torno do Planejamento Estrat\u00e9gico:<\/p>\n<p>&nbsp;<\/p>\n<p>Data: 28\/09\/2022<br \/>\nTema: Resultado da \u00faltima Avalia\u00e7\u00e3o Quadrienal da CAPES e Projeto Estrat\u00e9gico do PPGFIL (2022 a 2024).<br \/>\nParticipantes: Membros do Colegiado.<\/p>\n<p>Data: 08\/11\/2022<br \/>\nTema: Autoavalia\u00e7\u00e3o e planejamento estrat\u00e9gico do PPGFIL para o Quadri\u00eanio 2021-2024.<br \/>\nConvidado externo: Prof. Dr. Delamar Volpato Dutra (UFSC \/ Membro da Comiss\u00e3o de Avalia\u00e7\u00e3o da CAPES para a \u00e1rea de Filosofia &#8211; Quadri\u00eanio 2016-2020).<br \/>\nParticipantes: Membros do Colegiado.<\/p>\n<p>Data: 09\/12\/2022<br \/>\nTema: Avalia\u00e7\u00e3o Quadrienal da CAPES e o Planejamento Estrat\u00e9gico para o PPGFIL.<br \/>\nConvidado externo: Prof. Dr. S\u00e9rgio Dela-S\u00e1via (UFRN \/ Representante do PPGFIL-UFRN nas reuni\u00f5es de \u00c1rea da Capes).<br \/>\nParticipantes: Membros do Colegiado<\/p>\n<p>Data: 20\/04\/2023<br \/>\nTema: Avalia\u00e7\u00e3o externa do PPGFIL.<br \/>\nConvidado externo: Prof. Dr. Jelson Oliveira (PUCPR \/ Membro da Comiss\u00e3o de Avalia\u00e7\u00e3o da CAPES para a \u00e1rea de Filosofia &#8211; Quadri\u00eanio 2016-2020).<br \/>\nParticipantes: Membros do Colegiado e Representantes da Pr\u00f3-Reitoria de Pesquisa da UFPel.<\/p>\n<p>Data: 13\/10\/2023<br \/>\nTema: I Encontro de Egressos e P\u00f3s-Graduandos do PPGFIL-UFPel<br \/>\nParticipantes: Docentes, discentes e egressos do PPGFIL-UFPel.<\/p>\n<p>Data: 20\/12\/2023<br \/>\nAtividade: Nomea\u00e7\u00e3o da Comiss\u00e3o Interna de Autoavalia\u00e7\u00e3o do PPGFIL-UFPel para o Quadri\u00eanio 2021-2024 (Portaria n. 78, de 20\/12\/2023)<br \/>\nMembros da Comiss\u00e3o: Prof. Dr. Clademir Araldi, Prof. Dr. Lu\u00eds Rubira, Prof. Dr. Nuno Castanheira.<\/p>\n<p>Data: 14\/02\/2024<br \/>\nAtividade: In\u00edcio das reuni\u00f5es quinzenais da Comiss\u00e3o de Autoavalia\u00e7\u00e3o para elabora\u00e7\u00e3o do relat\u00f3rio de autoavalia\u00e7\u00e3o e de atividades de autoavalia\u00e7\u00e3o referentes ao Quadri\u00eanio 2021-2024.<br \/>\nParticipantes: Membros da Comiss\u00e3o e representante discente.<\/p>\n<p>Data: 21\/10\/2024<br \/>\nTema: Preenchimento da Plataforma Sucupira para a avalia\u00e7\u00e3o do Quadri\u00eanio 2021-2024<br \/>\nConvidado externo: Prof. Dr. Jorge Viesenteiner (UFES \/ Coordenador de \u00c1rea da Filosofia na CAPES).<br \/>\nParticipantes: Membros do Colegiado.<\/p>\n","protected":false},"excerpt":{"rendered":"<p>A Avalia\u00e7\u00e3o Quadrienal dos Programas de P\u00f3s-Gradua\u00e7\u00e3o stricto sensu realizado pela CAPES instituiu a necessidade de cada Programa realizar periodicamente sua autoavalia\u00e7\u00e3o envolvendo docentes, discentes, t\u00e9cnicos e egressos. Devido a import\u00e2ncia da autoavalia\u00e7\u00e3o para a consolida\u00e7\u00e3o e crescimento do PPGFIL, a Coordena\u00e7\u00e3o criou, no segundo semestre de 2022, o Semin\u00e1rio de Autoavalia\u00e7\u00e3o como atividade permanente [&hellip;]<\/p>\n","protected":false},"author":16,"featured_media":0,"parent":0,"menu_order":0,"comment_status":"closed","ping_status":"closed","template":"","meta":{"jetpack_post_was_ever_published":false,"footnotes":""},"class_list":["post-2837","page","type-page","status-publish","hentry"],"jetpack_sharing_enabled":true,"_links":{"self":[{"href":"https:\/\/wp.ufpel.edu.br\/ppgfil\/wp-json\/wp\/v2\/pages\/2837","targetHints":{"allow":["GET"]}}],"collection":[{"href":"https:\/\/wp.ufpel.edu.br\/ppgfil\/wp-json\/wp\/v2\/pages"}],"about":[{"href":"https:\/\/wp.ufpel.edu.br\/ppgfil\/wp-json\/wp\/v2\/types\/page"}],"author":[{"embeddable":true,"href":"https:\/\/wp.ufpel.edu.br\/ppgfil\/wp-json\/wp\/v2\/users\/16"}],"replies":[{"embeddable":true,"href":"https:\/\/wp.ufpel.edu.br\/ppgfil\/wp-json\/wp\/v2\/comments?post=2837"}],"version-history":[{"count":4,"href":"https:\/\/wp.ufpel.edu.br\/ppgfil\/wp-json\/wp\/v2\/pages\/2837\/revisions"}],"predecessor-version":[{"id":2906,"href":"https:\/\/wp.ufpel.edu.br\/ppgfil\/wp-json\/wp\/v2\/pages\/2837\/revisions\/2906"}],"wp:attachment":[{"href":"https:\/\/wp.ufpel.edu.br\/ppgfil\/wp-json\/wp\/v2\/media?parent=2837"}],"curies":[{"name":"wp","href":"https:\/\/api.w.org\/{rel}","templated":true}]}}