{"id":2700,"date":"2024-10-18T10:43:53","date_gmt":"2024-10-18T13:43:53","guid":{"rendered":"https:\/\/wp.ufpel.edu.br\/ppgfil\/?page_id=2700"},"modified":"2025-04-11T16:29:53","modified_gmt":"2025-04-11T19:29:53","slug":"premios-e-titulos","status":"publish","type":"page","link":"https:\/\/wp.ufpel.edu.br\/ppgfil\/premios-e-titulos\/","title":{"rendered":"Pr\u00eamios e T\u00edtulos"},"content":{"rendered":"<p>No Curr\u00edculo Lattes, a se\u00e7\u00e3o \u201cPr\u00eamios e T\u00edtulos\u201d \u00e9 definida pelo CNPq como \u201cop\u00e7\u00e3o destinada \u00e0 indica\u00e7\u00e3o dos principais pr\u00eamios e t\u00edtulos honor\u00edficos que o usu\u00e1rio recebeu pela atua\u00e7\u00e3o destacada nas \u00e1reas cient\u00edfica, tecnol\u00f3gica e art\u00edstica\/cultural\u201d.<\/p>\n<p>Com base no Curr\u00edculo Lattes de discentes e docentes, seguem abaixo alguns dos Pr\u00eamios e T\u00edtulos obtidos no \u00e2mbito do PPG em Filosofia da UFPel:<\/p>\n<hr \/>\n<h1 style=\"text-align: center;\">2024<\/h1>\n<hr \/>\n<p>* Men\u00e7\u00e3o Honrosa no Pr\u00eamio ANPOF<\/p>\n<p>Disserta\u00e7\u00e3o: Hospitalidade e hostilidade: uma an\u00e1lise da Conven\u00e7\u00e3o Relativa ao Estatuto do Refugiado \u00e0 luz do Direito Cosmopolita Kantiano<\/p>\n<p>Discente: Carolina Moreira Paulsen<\/p>\n<p>Orientador: Keberson Bresolin<\/p>\n<hr \/>\n<p>* Finalista da 1a Edi\u00e7\u00e3o do Pr\u00eamio Jabuti de Literatura<\/p>\n<p>Livro: Fernando Pessoa, Nietzsche e o niilismo (S\u00e3o Paulo: Editora Dial\u00e9tica, 2024)<\/p>\n<p>Egresso: Fabr\u00edcio Fonseca Machado<\/p>\n<p>(Orientador no mestrado: Clademir Araldi)<\/p>\n<hr \/>\n<p>* Edital FAPERGS 09\/2023 \u2013 Programa Pesquisador Ga\u00facho (PqG), Funda\u00e7\u00e3o de Amparo \u00e0 pesquisa do Estado do Rio Grande do Sul<\/p>\n<p>Proposta aprovada em 2024: Direito e Estado<\/p>\n<p>Docente: Keberson Bresolin<\/p>\n<hr \/>\n<p>* Edital PAEP 37\/2023 \u2013 CAPES<\/p>\n<p>Proposta aprovada em 2024: 53<sup>o<\/sup> Encontros Nietzsche \u2013 Mercosul: pol\u00edtica, cultura e civiliza\u00e7\u00e3o<\/p>\n<p>Docente: Lu\u00eds Rubira<\/p>\n<hr \/>\n<p>* Edital PAEP 37\/2023 \u2013 CAPES<\/p>\n<p>Proposta aprovada em 2024: IX Col\u00f3quio Internacional Kant \u2013 \u201cKant e os antigos\u201d<\/p>\n<p>Docente: Robinson dos Santos<\/p>\n<hr \/>\n<p>* Edital CNPq\/MCTI N\u00ba 10\/2023 &#8211; UNIVERSAL<\/p>\n<p>Proposta aprovada em 2024: Faces of Vulnerability: Justice, Human Rights, and Technologies<\/p>\n<p>Docente: Evandro Barbosa<\/p>\n<hr \/>\n<p>* Bolsa do Programa Institucional de Doutorado Sandu\u00edche no Exterior (PDSE \/ CAPES) para est\u00e1gio na Universidade de Santiago de Compostela \/ Espanha<\/p>\n<p>Discente: Ivo Luciano da Assun\u00e7\u00e3o Rodrigues<\/p>\n<p>Orientador: Evandro Barbosa<\/p>\n<hr \/>\n<p>* Bolsa do Programa Institucional de Doutorado Sandu\u00edche no Exterior (PDSE \/ CAPES) para est\u00e1gio na University of Edinburgh \/ Esc\u00f3cia<\/p>\n<p>Discente: Josiana Barbosa de Andrade<\/p>\n<p>Orientador: Lu\u00eds Rubira<\/p>\n<hr \/>\n<p>* Bolsa do Programa Institucional de Doutorado Sandu\u00edche no Exterior (PDSE \/ CAPES) para est\u00e1gio na Universit\u00e0 Degli Studi di Padova \/ It\u00e1lia<\/p>\n<p>Discente: Roberto Barboza da Silva<\/p>\n<p>Orientador: Manoel Vasconcellos<\/p>\n<hr \/>\n<p>* Bolsa Pesquisador S\u00eanior CNPq<\/p>\n<p>Docente: Robinson dos Santos<\/p>\n<hr \/>\n<h1 style=\"text-align: center;\"><strong>2023<\/strong><\/h1>\n<hr \/>\n<p>* Destaque no XXV Encontro de P\u00f3s-Gradua\u00e7\u00e3o (ENPOS \/ UFPel)<\/p>\n<p>Comunica\u00e7\u00e3o: Wagner e a <em>d\u00e9cadence<\/em> fisiol\u00f3gica e art\u00edstica<\/p>\n<p>Discente: Augusto Martins de Avila<\/p>\n<p>Orientador: Clademir Lu\u00eds Araldi<\/p>\n<hr \/>\n<p>* Destaque no XXV Encontro de P\u00f3s-Gradua\u00e7\u00e3o (ENPOS \/ UFPel)<\/p>\n<p>Comunica\u00e7\u00e3o: O que n\u00f3s devemos aos refugiados: ligando direitos humanos, humanidade e vulnerabilidade pol\u00edtica<\/p>\n<p>Discente: Carolina Moreira Paulsen<\/p>\n<p>Orientador: Keberson Bresolin<\/p>\n<hr \/>\n<p>* Destaque no XXV Encontro de P\u00f3s-Gradua\u00e7\u00e3o (ENPOS \/ UFPel)<\/p>\n<p>Comunica\u00e7\u00e3o: Biopol\u00edtica: as viol\u00eancias sobre os corpos das mulheres<\/p>\n<p>Discente: Bruna dos Santos Leite<\/p>\n<p>Orientadora: Sonia Maria Schio<\/p>\n<hr \/>\n<p>* Pr\u00eamio Trezentas On\u00e7as<\/p>\n<p>Docente: Lu\u00eds Rubira<\/p>\n<hr \/>\n<p>* Bolsa de Pesquisa Alexander von Humboldt-Stiftung<\/p>\n<p>Docente: Robinson dos Santos<\/p>\n<hr \/>\n<h1 style=\"text-align: center;\"><strong>2022<\/strong><\/h1>\n<hr \/>\n<p>* Pr\u00eamio Fil\u00f3sofas de Distin\u00e7\u00e3o Acad\u00eamica, outorgado pela Rede Brasileira de Mulheres Fil\u00f3sofas e Diretoria da ANPOF<\/p>\n<p>Disserta\u00e7\u00e3o: Um retorno a Simone de Beauvoir: estudo do drama da coexist\u00eancia \u00e0 luz da g\u00eanese e estrutura da filosofia beauvoiriana<\/p>\n<p>Discente: Josiana Barbosa de Andrade<\/p>\n<p>Orientador: Lu\u00eds Rubira<\/p>\n<hr \/>\n<p>* Bolsa de Produtividade em Pesquisa do CNPq \u2013 n\u00edvel 2<\/p>\n<p>Docente: Evandro Barbosa<\/p>\n<hr \/>\n<p>* Bolsa de Produtividade em Pesquisa do CNPq \u2013 n\u00edvel 2<\/p>\n<p>Docente: Robinson dos Santos<\/p>\n<hr \/>\n<p>* Edital CNPq\/MCTI\/FNDCT N\u00ba 18\/2021<\/p>\n<p>Proposta aprovada: Pandemia COVID-19 e o papel das emo\u00e7\u00f5es em comportamentos normativos<\/p>\n<p>Docente: Evandro Barbosa<\/p>\n<hr \/>\n<p>* Bolsa do Programa Institucional de Doutorado Sandu\u00edche no Exterior (PDSE \/ CAPES) para est\u00e1gio na Brown University (Rhose Island \/ Estados Unidos)<\/p>\n<p>Discente: Celina Alcantara Brod<\/p>\n<p>Orientador: Evandro Barbosa<\/p>\n<hr \/>\n<p>* Bolsa do Programa Institucional de Doutorado Sandu\u00edche no Exterior (PDSE \/ CAPES) para est\u00e1gio na Pontificia Universidad Catolica Argentina Santa Maria de Los Buenos Aires<\/p>\n<p>Discente: Julian Ritzel Farret<\/p>\n<p>Orientador: S\u00e9rgio Ricardo Strefling<\/p>\n<hr \/>\n<p>* Bolsa de Mobilidade Acad\u00eamica no Exterior (Mestrado-sandu\u00edche), Erasmus Mundus, para est\u00e1gio na Universit\u00e0 degli Studi di Sassari \/ It\u00e1lia<\/p>\n<p>Discente: Raiza Alves Pereira<\/p>\n<p>Orientadora: Fl\u00e1via de Carvalho Chagas<\/p>\n<hr \/>\n<p>* Destaque no XXIV Encontro de P\u00f3s-Gradua\u00e7\u00e3o (ENPOS \/ UFPel)<\/p>\n<p>Comunica\u00e7\u00e3o: Moralidade e matem\u00e1tica: argumentos desmanteladores evolutivos e o<\/p>\n<p>problema Benacerraf-Field<\/p>\n<p>Discente: Mariana Marques Burkle<\/p>\n<p>Orientador: Juliano Santos do Carmo<\/p>\n<hr \/>\n<p>* Destaque no XXIV Encontro de P\u00f3s-Gradua\u00e7\u00e3o (ENPOS \/ UFPel)<\/p>\n<p>Comunica\u00e7\u00e3o: O conhecimento imediato do ser em Santo Tom\u00e1s de Aquino<\/p>\n<p>Discente: Willian Kalinowski<\/p>\n<p>Orientador: S\u00e9rgio Ricardo Strefling<\/p>\n<hr \/>\n<h1 style=\"text-align: center;\"><strong>2019<\/strong><\/h1>\n<hr \/>\n<p>* Bolsa Professor Visitante no Exterior (PVE Junior) \u2013 CAPES<\/p>\n<p>Docente: Evandro Barbosa<\/p>\n<hr \/>\n<p>* Bolsa de Pesquisa CAPES\/HUMBOLDT \u2013 Pesquisador Experiente<\/p>\n<p>Docente: Robinson dos Santos<\/p>\n<hr \/>\n<p>* Destaque no XXI Encontro de P\u00f3s-Gradua\u00e7\u00e3o (ENPOS \/ UFPel)<\/p>\n<p>Comunica\u00e7\u00e3o: A navalha de Ockham: fun\u00e7\u00e3o l\u00f3gica e crit\u00e9rios de aplica\u00e7\u00e3o<\/p>\n<p>Discente: William Saraiva Borges<\/p>\n<p>Orientador: S\u00e9rgio Ricardo Strefling<\/p>\n<hr \/>\n<h1 style=\"text-align: center;\"><strong>2018<\/strong><\/h1>\n<hr \/>\n<p>* Destaque no XX Encontro de P\u00f3s-Gradua\u00e7\u00e3o (ENPOS \/ UFPel)<\/p>\n<p>Comunica\u00e7\u00e3o: Elementos para uma rela\u00e7\u00e3o entre hist\u00f3ria e \u201cnatureza humana\u201d na filosofia de Nietzsche<\/p>\n<p>Discente: Nicolle Eloisa Lemos<\/p>\n<p>Orientador: Clademir Araldi<\/p>\n<hr \/>\n<p><strong>2016<\/strong><\/p>\n<hr \/>\n<p>* 1<sup>o<\/sup> lugar no XVIII Encontro de P\u00f3s-Gradua\u00e7\u00e3o (ENPOS \/ UFPel), Ci\u00eancias Humanas<\/p>\n<p>Comunica\u00e7\u00e3o: O compatibilismo estoico<\/p>\n<p>Discente: Camila Pilotto Figueiredo<\/p>\n<p>Orientador: Jo\u00e3o Hobuss<\/p>\n<hr \/>\n<h1 style=\"text-align: center;\"><strong>2015<\/strong><\/h1>\n<hr \/>\n<p>* Destaque no XVII Encontro de P\u00f3s-Gradua\u00e7\u00e3o (ENPOF \/ UFPel)<\/p>\n<p>Comunica\u00e7\u00e3o: A normatividade das pr\u00e1ticas lingu\u00edsticas<\/p>\n<p>Discente: Lucas Vin\u00edcius Cintra Mendes<\/p>\n<p>Docente: Juliano Santos do Carmo<\/p>\n<hr \/>\n<p>* Finalista no Pr\u00eamio A\u00e7orianos de Literatura (categoria Ensaio)<\/p>\n<p>Docente: Lu\u00eds Rubira<\/p>\n<hr \/>\n<h1 style=\"text-align: center;\"><strong>2014<\/strong><\/h1>\n<hr \/>\n<p>* Bolsa de P\u00f3s-Doutorado no exterior \u2013 T\u00fcbingen Universit\u00e4t, Humboldt-Stiftung, Alemanha<\/p>\n<p>Docente: Keberson Bresolin<\/p>\n<hr \/>\n<p>* Bolsa de P\u00f3s-Doutorado no exterior CAPES \u2013 Universit\u00e9 de Reims Champagne-Ardenne, Fran\u00e7a<\/p>\n<p>Docente: Lu\u00eds Rubira<\/p>\n<hr \/>\n<p>* Edital MCTI\/CNPQ\/Universal 14\/2014<\/p>\n<p>Proposta aprovada: Justifica\u00e7\u00e3o e legitima\u00e7\u00e3o do Estado: um di\u00e1logo entre John Rawls e Robert Nozick<\/p>\n<p>Docente: Keberson Bresolin<\/p>\n<hr \/>\n<p>* Destaque no XVI Encontro de P\u00f3s-Gradua\u00e7\u00e3o (ENPOS \/ UFPel)<\/p>\n<p>Comunica\u00e7\u00e3o: A ideia de Bem Comum em John Finnis<\/p>\n<p>Discente: John Florindo de Miranda<\/p>\n<p>Orientador: Carlos Adriano Ferraz<\/p>\n<hr \/>\n<p>* Destaque no XVI Encontro de P\u00f3s-Gradua\u00e7\u00e3o (ENPOS \/ UFPel)<\/p>\n<p>Comunica\u00e7\u00e3o: Marx e a filosofia pol\u00edtica: a quest\u00e3o da coletividade<\/p>\n<p>Discente: Ricardo Rojas Fabres<\/p>\n<p>Orientador: Jovino Pizzi<\/p>\n<hr \/>\n<p>* Destaque no XVI Encontro de P\u00f3s-Gradua\u00e7\u00e3o (ENPOS \/ UFPel)<\/p>\n<p>Comunica\u00e7\u00e3o: Arendt e C\u00edcero: concep\u00e7\u00f5es de sociabilidade<\/p>\n<p>Discente: Rossana Batista Padilha<\/p>\n<p>Docente: S\u00f4nia Maria Schio<\/p>\n<hr \/>\n<h1 style=\"text-align: center;\"><strong>2013<\/strong><\/h1>\n<hr \/>\n<p>* Aux\u00edlio Participa\u00e7\u00e3o em Eventos Cient\u00edficos no Exterior \u2013 CNPq<\/p>\n<p>Proposta aprovada: participa\u00e7\u00e3o no VI Congresso do Groupe Internationale de Recherche sur Nietzsche. Centro de Estudos Colli-Montinari \/ Universit\u00e0 di Pisa \/ It\u00e1lia<\/p>\n<p>Docente: Lu\u00eds Rubira<\/p>\n<hr \/>\n<p>* Bolsa de P\u00f3s-Doutorado no Exterior \u2013 CAPES.<\/p>\n<p>Docente: Robinson dos Santos<\/p>\n<hr \/>\n<h1 style=\"text-align: center;\"><strong>2012<\/strong><\/h1>\n<hr \/>\n<p>* Men\u00e7\u00e3o Honrosa no Pr\u00eamio ANPOF<\/p>\n<p>Disserta\u00e7\u00e3o: Ethica Nicomachea: uma leitura particularista<\/p>\n<p>Discente: Arthur Piranema da Cruz<\/p>\n<p>Orientador: Jo\u00e3o Hobuss<\/p>\n<hr \/>\n<p>* Men\u00e7\u00e3o Honrosa no XIV Encontro de P\u00f3s-gradua\u00e7\u00e3o (ENPOS \/ UFPel)<\/p>\n<p>Comunica\u00e7\u00e3o: Uma an\u00e1lise do projeto naturalista nietzschiano: o \u201cnaturalismo\u201d de Nietzsche como uma supera\u00e7\u00e3o do dualismo esp\u00edrito natureza<\/p>\n<p>Discente: Leonardo Camacho de Oliveira<\/p>\n<p>Docente: Clademir Lu\u00eds Araldi.<\/p>\n<hr \/>\n<p>* Aux\u00edlio Participa\u00e7\u00e3o em Eventos Cient\u00edficos no Exterior \u2013 CNPq<\/p>\n<p>Proposta aprovada: participa\u00e7\u00e3o no V Congresso do Groupe Internationale de Recherche Nietzsche (GIRN), Universidade Nova de Lisboa \/ Portugal<\/p>\n<p>Docente: Lu\u00eds Rubira<\/p>\n<hr \/>\n<h1 style=\"text-align: center;\"><strong>2011<\/strong><\/h1>\n<hr \/>\n<p>* Men\u00e7\u00e3o Honrosa no XIII Encontro de P\u00f3s-Gradua\u00e7\u00e3o (ENPOS \/ UFPEL)<\/p>\n<p>Comunica\u00e7\u00e3o: A reformula\u00e7\u00e3o moral em Mestre Eckhart<\/p>\n<p>Discente: Antonio Carlos Lucio<\/p>\n<p>Orientador: Manoel Vasconcellos<\/p>\n","protected":false},"excerpt":{"rendered":"<p>No Curr\u00edculo Lattes, a se\u00e7\u00e3o \u201cPr\u00eamios e T\u00edtulos\u201d \u00e9 definida pelo CNPq como \u201cop\u00e7\u00e3o destinada \u00e0 indica\u00e7\u00e3o dos principais pr\u00eamios e t\u00edtulos honor\u00edficos que o usu\u00e1rio recebeu pela atua\u00e7\u00e3o destacada nas \u00e1reas cient\u00edfica, tecnol\u00f3gica e art\u00edstica\/cultural\u201d. Com base no Curr\u00edculo Lattes de discentes e docentes, seguem abaixo alguns dos Pr\u00eamios e T\u00edtulos obtidos no \u00e2mbito [&hellip;]<\/p>\n","protected":false},"author":16,"featured_media":0,"parent":0,"menu_order":0,"comment_status":"closed","ping_status":"closed","template":"","meta":{"jetpack_post_was_ever_published":false,"footnotes":""},"class_list":["post-2700","page","type-page","status-publish","hentry"],"jetpack_sharing_enabled":true,"_links":{"self":[{"href":"https:\/\/wp.ufpel.edu.br\/ppgfil\/wp-json\/wp\/v2\/pages\/2700","targetHints":{"allow":["GET"]}}],"collection":[{"href":"https:\/\/wp.ufpel.edu.br\/ppgfil\/wp-json\/wp\/v2\/pages"}],"about":[{"href":"https:\/\/wp.ufpel.edu.br\/ppgfil\/wp-json\/wp\/v2\/types\/page"}],"author":[{"embeddable":true,"href":"https:\/\/wp.ufpel.edu.br\/ppgfil\/wp-json\/wp\/v2\/users\/16"}],"replies":[{"embeddable":true,"href":"https:\/\/wp.ufpel.edu.br\/ppgfil\/wp-json\/wp\/v2\/comments?post=2700"}],"version-history":[{"count":9,"href":"https:\/\/wp.ufpel.edu.br\/ppgfil\/wp-json\/wp\/v2\/pages\/2700\/revisions"}],"predecessor-version":[{"id":3141,"href":"https:\/\/wp.ufpel.edu.br\/ppgfil\/wp-json\/wp\/v2\/pages\/2700\/revisions\/3141"}],"wp:attachment":[{"href":"https:\/\/wp.ufpel.edu.br\/ppgfil\/wp-json\/wp\/v2\/media?parent=2700"}],"curies":[{"name":"wp","href":"https:\/\/api.w.org\/{rel}","templated":true}]}}