{"id":26,"date":"2016-02-23T16:48:11","date_gmt":"2016-02-23T19:48:11","guid":{"rendered":"https:\/\/wp.ufpel.edu.br\/ppgfil\/?page_id=26"},"modified":"2019-06-17T16:38:54","modified_gmt":"2019-06-17T19:38:54","slug":"processo-seletivo","status":"publish","type":"page","link":"https:\/\/wp.ufpel.edu.br\/ppgfil\/processo-seletivo\/","title":{"rendered":"Processo Seletivo"},"content":{"rendered":"<p style=\"text-align: center\"><strong>PROCESSO SELETIVO<\/strong><\/p>\n<p>As informa\u00e7\u00f5es sobre o processo de sele\u00e7\u00e3o encontram-se em <a href=\"https:\/\/wp.ufpel.edu.br\/ppgfil\/editais\/\"><strong>Editais\u00a0<\/strong><\/a><\/p>\n","protected":false},"excerpt":{"rendered":"<p>PROCESSO SELETIVO As informa\u00e7\u00f5es sobre o processo de sele\u00e7\u00e3o encontram-se em Editais\u00a0<\/p>\n","protected":false},"author":16,"featured_media":0,"parent":0,"menu_order":0,"comment_status":"closed","ping_status":"closed","template":"","meta":{"jetpack_post_was_ever_published":false,"footnotes":""},"class_list":["post-26","page","type-page","status-publish","hentry"],"jetpack_sharing_enabled":true,"_links":{"self":[{"href":"https:\/\/wp.ufpel.edu.br\/ppgfil\/wp-json\/wp\/v2\/pages\/26","targetHints":{"allow":["GET"]}}],"collection":[{"href":"https:\/\/wp.ufpel.edu.br\/ppgfil\/wp-json\/wp\/v2\/pages"}],"about":[{"href":"https:\/\/wp.ufpel.edu.br\/ppgfil\/wp-json\/wp\/v2\/types\/page"}],"author":[{"embeddable":true,"href":"https:\/\/wp.ufpel.edu.br\/ppgfil\/wp-json\/wp\/v2\/users\/16"}],"replies":[{"embeddable":true,"href":"https:\/\/wp.ufpel.edu.br\/ppgfil\/wp-json\/wp\/v2\/comments?post=26"}],"version-history":[{"count":4,"href":"https:\/\/wp.ufpel.edu.br\/ppgfil\/wp-json\/wp\/v2\/pages\/26\/revisions"}],"predecessor-version":[{"id":853,"href":"https:\/\/wp.ufpel.edu.br\/ppgfil\/wp-json\/wp\/v2\/pages\/26\/revisions\/853"}],"wp:attachment":[{"href":"https:\/\/wp.ufpel.edu.br\/ppgfil\/wp-json\/wp\/v2\/media?parent=26"}],"curies":[{"name":"wp","href":"https:\/\/api.w.org\/{rel}","templated":true}]}}