{"id":2574,"date":"2024-07-29T10:38:37","date_gmt":"2024-07-29T13:38:37","guid":{"rendered":"https:\/\/wp.ufpel.edu.br\/ppgfil\/?page_id=2574"},"modified":"2024-07-29T11:08:13","modified_gmt":"2024-07-29T14:08:13","slug":"sobre-o-nepfil-online","status":"publish","type":"page","link":"https:\/\/wp.ufpel.edu.br\/ppgfil\/sobre-o-nepfil-online\/","title":{"rendered":"Sobre o NEPFIL online"},"content":{"rendered":"<p>O NEPFIL online foi criado em 11 de setembro de 2013, em Pelotas, regi\u00e3o sul do Estado do Rio Grande do Sul, junto ao N\u00facleo de Ensino e Pesquisa em Filosofia do Departamento de Filosofia da Universidade Federal de Pelotas. O NEPFIL online iniciou sua trajet\u00f3ria produzindo livros did\u00e1ticos para atender \u00e0s necessidades dos cursos de Licenciatura e Bacharelado em Filosofia e com o compromisso de garantir acesso irrestrito aos materiais para todos os acad\u00eamicos de forma gratuita. O trabalho era realizado com o apoio de bolsistas e professores volunt\u00e1rios do Departamento de Filosofia da UFPel.<\/p>\n<p>Com seu pr\u00f3prio prefixo editorial junto \u00e0 Ag\u00eancia Brasileira do ISBN (at\u00e9 ent\u00e3o sob a responsabilidade da Funda\u00e7\u00e3o Biblioteca Nacional), foram publicados os primeiros volumes em janeiro de 2014. Naquela \u00e9poca, o Departamento de Filosofia j\u00e1 possu\u00eda uma prestigiada cole\u00e7\u00e3o de livros impressos (publicados pela Editora da UFPel), cujo t\u00edtulo era \u201cCole\u00e7\u00e3o Dissertatio Filosofia\u201d. Com o tempo, passamos a compreender que os livros digitais ampliaram a visibilidade e o acesso dos materiais publicados, motivo pelo qual a Cole\u00e7\u00e3o Dissertatio Filosofia foi incorporada ao NEPFIL online (que traz at\u00e9 hoje nas capas de seus livros a logomarca \u201cDissertatio Filosofia\u201d). Logo ap\u00f3s suas primeiras publica\u00e7\u00f5es, o NEPFIL online, rapidamente, ganhou notoriedade e as obras passaram a ser incorporadas nos projetos pedag\u00f3gicos de diversos cursos de institui\u00e7\u00f5es p\u00fablicas e privadas (viabilizado atrav\u00e9s da Licen\u00e7a\u00a0<em>Creative Commons<\/em>\u00a0em tr\u00eas camadas: uso com atribui\u00e7\u00e3o de autoria, sem fins comerciais e compartilhamento igual).<\/p>\n<p>Em 2017, o NEPFIL online firmou parceria com a Editora da UFPel para publica\u00e7\u00f5es em duplo selo (Dissertatio Filosofia e Editora da UFPel) e tamb\u00e9m com o Grupo de Pesquisa Investiga\u00e7\u00e3o Filos\u00f3fica (CNPq) para um grande projeto de tradu\u00e7\u00f5es de verbetes da renomada\u00a0<em>Stanford Encyclopedia of Philosophy<\/em>\u00a0para a l\u00edngua portuguesa. Da parceria com o Grupo de Pesquisa Investiga\u00e7\u00e3o Filos\u00f3fica surgiu a \u201cS\u00e9rie Investiga\u00e7\u00e3o Filos\u00f3fica\u201d que hoje j\u00e1 conta com 34 volumes publicados. A \u201cS\u00e9rie Dissertatio Filosofia\u201d na vers\u00e3o online possui 76 volumes publicados.<\/p>\n<p>Em 2024, o NEPFIL online completou 10 anos com um expressivo cat\u00e1logo de 110 volumes de obras autorais, colet\u00e2neas e tradu\u00e7\u00f5es voltadas para as mais diversas \u00e1reas de interesse filos\u00f3fico. Nossa miss\u00e3o \u00e9 promover a Filosofia em L\u00edngua Portuguesa para universalizar o acesso aos estudantes de todos os n\u00edveis de ensino no Brasil e de forma completamente gratuita. Todos os livros podem ser acessados e baixados no site do n\u00facleo.\u00a0Al\u00e9m disso, todas as publica\u00e7\u00f5es s\u00e3o rigorosamente selecionadas, diagramadas e revisadas para oferecer materiais de alta qualidade, de forma sustent\u00e1vel e com credibilidade.<\/p>\n<p>O NEPFIL online \u00e9 hoje uma das iniciativas mais importantes do pa\u00eds na \u00e1rea de Filosofia e que conta com um excelente tr\u00e1fego de downloads (foram registrados 62.493 downloads desde 2020 quando as estat\u00edsticas do Jetpack passaram a ser coletadas no site e com um pico de 1.053 downloads em um \u00fanico dia no m\u00eas de agosto de 2023). O grande interesse por nossos livros \u00e9 motivo de grande alegria por parte de toda a equipe, uma vez que atesta a import\u00e2ncia de nosso projeto editorial.<\/p>\n","protected":false},"excerpt":{"rendered":"<p>O NEPFIL online foi criado em 11 de setembro de 2013, em Pelotas, regi\u00e3o sul do Estado do Rio Grande do Sul, junto ao N\u00facleo de Ensino e Pesquisa em Filosofia do Departamento de Filosofia da Universidade Federal de Pelotas. O NEPFIL online iniciou sua trajet\u00f3ria produzindo livros did\u00e1ticos para atender \u00e0s necessidades dos cursos [&hellip;]<\/p>\n","protected":false},"author":16,"featured_media":0,"parent":0,"menu_order":0,"comment_status":"closed","ping_status":"closed","template":"","meta":{"jetpack_post_was_ever_published":false,"footnotes":""},"class_list":["post-2574","page","type-page","status-publish","hentry"],"jetpack_sharing_enabled":true,"_links":{"self":[{"href":"https:\/\/wp.ufpel.edu.br\/ppgfil\/wp-json\/wp\/v2\/pages\/2574","targetHints":{"allow":["GET"]}}],"collection":[{"href":"https:\/\/wp.ufpel.edu.br\/ppgfil\/wp-json\/wp\/v2\/pages"}],"about":[{"href":"https:\/\/wp.ufpel.edu.br\/ppgfil\/wp-json\/wp\/v2\/types\/page"}],"author":[{"embeddable":true,"href":"https:\/\/wp.ufpel.edu.br\/ppgfil\/wp-json\/wp\/v2\/users\/16"}],"replies":[{"embeddable":true,"href":"https:\/\/wp.ufpel.edu.br\/ppgfil\/wp-json\/wp\/v2\/comments?post=2574"}],"version-history":[{"count":3,"href":"https:\/\/wp.ufpel.edu.br\/ppgfil\/wp-json\/wp\/v2\/pages\/2574\/revisions"}],"predecessor-version":[{"id":2588,"href":"https:\/\/wp.ufpel.edu.br\/ppgfil\/wp-json\/wp\/v2\/pages\/2574\/revisions\/2588"}],"wp:attachment":[{"href":"https:\/\/wp.ufpel.edu.br\/ppgfil\/wp-json\/wp\/v2\/media?parent=2574"}],"curies":[{"name":"wp","href":"https:\/\/api.w.org\/{rel}","templated":true}]}}