{"id":2566,"date":"2024-07-26T14:41:10","date_gmt":"2024-07-26T17:41:10","guid":{"rendered":"https:\/\/wp.ufpel.edu.br\/ppgfil\/?page_id=2566"},"modified":"2025-10-16T15:07:17","modified_gmt":"2025-10-16T18:07:17","slug":"procedimentos-processos-e-solicitacoes","status":"publish","type":"page","link":"https:\/\/wp.ufpel.edu.br\/ppgfil\/procedimentos-processos-e-solicitacoes\/","title":{"rendered":"Procedimentos, processos e solicita\u00e7\u00f5es"},"content":{"rendered":"<strong class=\"collapseomatic \" id=\"id69d9697bc7e71\" rel=\"-highlander\" tabindex=\"0\" title=\"&lt;strong&gt;AGENDAR DEFESA ( Tese \/ Disserta\u00e7\u00e3o)&lt;\/strong&gt;\"    ><strong>AGENDAR DEFESA ( Tese \/ Disserta\u00e7\u00e3o)<\/strong><\/strong><div id=\"target-id69d9697bc7e71\" class=\"collapseomatic_content \">\n<h1><strong><span style=\"font-size: 14pt;\">DEFESAS:<\/span>\u00a0<\/strong><\/h1>\n<ol>\n<li style=\"font-weight: 400;\" aria-level=\"1\"><b>ENVIAR CARTA CONVITE PARA OS MEMBROS DA BANCA<\/b><span style=\"font-weight: 400;\">\u00a0<\/span><\/li>\n<\/ol>\n<p><span style=\"font-weight: 400;\">(DISPON\u00cdVEL EM: <\/span><a href=\"https:\/\/docs.google.com\/document\/d\/1k3MEFStC6wwxi4KEd_o41-MzY9KdVJVE\/edit?usp=sharing&amp;ouid=112272643586255289834&amp;rtpof=true&amp;sd=true\"><span style=\"font-weight: 400;\">https:\/\/docs.google.com\/document\/d\/1k3MEFStC6wwxi4KEd_o41-MzY9KdVJVE\/edit?usp=sharing&amp;ouid=112272643586255289834&amp;rtpof=true&amp;sd=true<\/span><\/a><\/p>\n<p>(a carta convite \u00e9 um m\u00e9todo eficaz de conseguir todas as informa\u00e7\u00f5es dos membros da banca que s\u00e3o necess\u00e1rias para preencher o formul\u00e1rio de solicita\u00e7\u00e3o de banca).<\/p>\n<p><b>\u00a0 2. BAIXAR E PREENCHER O FORMUL\u00c1RIO DE SOLICITA\u00c7\u00c3O DE BANCA (DISPONIVEL EM:<\/b> <a href=\"https:\/\/docs.google.com\/document\/d\/1bDwGBwKw7DV_-5I3ACdVSEqW5d4TRUIT\/edit?usp=sharing&amp;ouid=112272643586255289834&amp;rtpof=true&amp;sd=true\"><span style=\"font-weight: 400;\">https:\/\/docs.google.com\/document\/d\/1bDwGBwKw7DV_-5I3ACdVSEqW5d4TRUIT\/edit?usp=sharing&amp;ouid=112272643586255289834&amp;rtpof=true&amp;sd=true<\/span><\/a><span style=\"font-weight: 400;\">) \u00a0 * o formul\u00e1rio precisa ser assinado pelo\/a orientando\/a e seu\/sua\u00a0 via GOV.BR<\/span><span style=\"font-weight: 400;\">,<\/span><\/p>\n<p><b>\u00a0 3. FAZER O CARTAZ DE DIVULGA\u00c7\u00c3O<\/b><span style=\"font-weight: 400;\">.\u00a0<\/span><\/p>\n<p><b>\u00a0 4. ANEXAR O FORMUL\u00c1RIO DE SOLICITA\u00c7\u00c3O DE BANCA E O CARTAZ NO GOGLOE FORMS: Dispon\u00edvel em h<a href=\"https:\/\/forms.gle\/VMvU1BDnSd8SaMpu8\">ttps:\/\/forms.gle\/VMvU1BDnSd8SaMpu8<\/a><\/b><\/p>\n<p><b>*O prazo de solicita\u00e7\u00e3o de banca \u00e9 de 30 dias de anteced\u00eancia da data da Banca.\u00a0\u00a0<\/b><\/p>\n<\/div>\n<strong class=\"collapseomatic \" id=\"id69d9697bc7f67\" rel=\"-highlander\" tabindex=\"0\" title=\"&lt;strong&gt;AGENDAR QUALIFICA\u00c7\u00c3O ( Tese \/ Disserta\u00e7\u00e3o)&lt;\/strong&gt;\"    ><strong>AGENDAR QUALIFICA\u00c7\u00c3O ( Tese \/ Disserta\u00e7\u00e3o)<\/strong><\/strong><div id=\"target-id69d9697bc7f67\" class=\"collapseomatic_content \">\n<ol>\n<li style=\"font-weight: 400;\" aria-level=\"1\"><span style=\"font-weight: 400;\">O\/A ORIENTADOR\/A DEVER\u00c1 PREENCHER A DATA E HOR\u00c1RIO QUE OCORRER\u00c1 A BANCA, BEM COMO OS MEMBROS DA BANCA (EM CASO DE MEMBROS EXTERNOS \u00c9 OBRIGAT\u00d3RIO O PREENCHIMENTO DOS DADOS NESTE FORMUL\u00c1RIO: <\/span><a href=\"https:\/\/forms.gle\/nmz7QsPSsqmzXhy97\"><span style=\"font-weight: 400;\">https:\/\/forms.gle\/nmz7QsPSsqmzXhy97<\/span><\/a><span style=\"font-weight: 400;\">)\u00a0<\/span><\/li>\n<\/ol>\n<ol>\n<li style=\"font-weight: 400;\" aria-level=\"1\"><span style=\"font-weight: 400;\">AP\u00d3S A BANCA O\/A ORIENTADOR DEVER\u00c1 BAIXAR, PREENCHER E ASSINAR A ATA DE QUALIFICA\u00c7\u00c3O (N\u00c3O \u00c9 NECESS\u00c1RIO OS DEMAIS MEMBROS DA BANCA ASSINAREM) DISPON\u00cdVEL EM: <\/span><a href=\"https:\/\/docs.google.com\/document\/d\/1Zh60oG5KDdf1h5_lFc1ykFJzwp00kK0J\/edit?usp=sharing&amp;ouid=112272643586255289834&amp;rtpof=true&amp;sd=true\"><span style=\"font-weight: 400;\">https:\/\/docs.google.com\/document\/d\/1Zh60oG5KDdf1h5_lFc1ykFJzwp00kK0J\/edit?usp=sharing&amp;ouid=112272643586255289834&amp;rtpof=true&amp;sd=true<\/span><\/a><\/li>\n<li style=\"font-weight: 400;\" aria-level=\"1\"><span style=\"font-weight: 400;\">ENVIAR POR E-MAIL PARA SECRETARIA DO PROGRAMA.\u00a0<\/span><\/li>\n<\/ol>\n<\/div>\n<strong class=\"collapseomatic \" id=\"id69d9697bc7fc2\" rel=\"-highlander\" tabindex=\"0\" title=\"&lt;strong&gt;APROVEITAMENTO DE CR\u00c9DITOS&lt;\/strong&gt;\"    ><strong>APROVEITAMENTO DE CR\u00c9DITOS<\/strong><\/strong><div id=\"target-id69d9697bc7fc2\" class=\"collapseomatic_content \">\n<p>&nbsp;<\/p>\n<ol>\n<li>PREENCHER O FORMUL\u00c1RIO ESPEC\u00cdFICO &#8211; FORMUL\u00c1RIO 6 &#8211;\u00a0 Que se encontra na p\u00e1gina do PPGFIL :\u00a0 \u00a0<a href=\"https:\/\/wp.ufpel.edu.br\/ppgfil\/documentos\/\" target=\"_blank\" rel=\"noopener\" data-saferedirecturl=\"https:\/\/www.google.com\/url?q=https:\/\/wp.ufpel.edu.br\/ppgfil\/documentos\/.&amp;source=gmail&amp;ust=1722101987591000&amp;usg=AOvVaw3u8vzr4DPCLsaZqaIn1fYc\">https:\/\/wp.ufpel.edu.br\/<wbr \/>ppgfil\/documentos\/.\u00a0<\/a>\u00a0(Precisa estar assinado pelo\/a orientador\/a e estudante &#8211;\u00a0 A coordena\u00e7\u00e3o assinar\u00e1 ap\u00f3s o recebimento na secretaria);<\/li>\n<li>Juntar os comprovantes (Hist\u00f3rico + Ementa e plano de trabalho (se houver);<\/li>\n<li>Preencher e encaminhar os documento supracitados\u00a0 pelo Google Forms:<a href=\"https:\/\/forms.gle\/NfsizkZT9hDJ7ytZA\" target=\"_blank\" rel=\"noopener\" data-saferedirecturl=\"https:\/\/www.google.com\/url?q=https:\/\/forms.gle\/NfsizkZT9hDJ7ytZA&amp;source=gmail&amp;ust=1722101987591000&amp;usg=AOvVaw3j6MQGGzJl_6luEZRs9eLc\">\u00a0https:\/\/forms.gle\/<wbr \/>NfsizkZT9hDJ7ytZA<\/a><\/li>\n<\/ol>\n<div><\/div>\n<div><strong>AP\u00d3S ESTE PROCEDIMENTO:<\/strong><\/div>\n<div>A secretaria encaminhar\u00e1 para aprova\u00e7\u00e3o do colegiado;<\/div>\n<div>Ap\u00f3s aprova\u00e7\u00e3o do colegiado a secretaria insere no sistema cobalto, conforme ordem de envio e cronograma com outras atividades.<\/div>\n<div>Assim que inserido o\/a estudante receber\u00e1 e-mail com a informa\u00e7\u00e3o a respeito da sua situa\u00e7\u00e3o.<\/div>\n<div><\/div><\/div>\n<div>\n<strong class=\"collapseomatic \" id=\"id69d9697bc801c\" rel=\"-highlander\" tabindex=\"0\" title=\"&lt;strong&gt;PROFICI\u00caNCIA&lt;\/strong&gt;\"    ><strong>PROFICI\u00caNCIA<\/strong><\/strong><div id=\"target-id69d9697bc801c\" class=\"collapseomatic_content \">\n<p>O\/A estudante deve preencher a\u00a0<a href=\"https:\/\/docs.google.com\/document\/d\/16B0DkF2rBeFJD1OzzcWOk1njqmNbMZI_\/edit?usp=sharing&amp;ouid=112272643586255289834&amp;rtpof=true&amp;sd=true)\">&#8220;solicita\u00e7\u00e3o de profici\u00eancia&#8221;<\/a>\u00a0que deve ser assinado\u00a0<strong>tamb\u00e9m pelo seu\/sua orientador\/a (via GOV.BR),\u00a0<\/strong>juntar o certificado e\/ou hist\u00f3rico da profici\u00eancia (frente e verso) e encaminhar estes documentos via google forms: dispon\u00edvel em https:\/\/forms.gle\/bhwxKBmJcnH17Wae9<\/p>\n<p>Obs.: Para o Mestrado \u00e9 obrigat\u00f3rio um idioma e para o Doutorado \u00e9 obrigat\u00f3rio dois idiomas.<\/p>\n<p>Obs. 2: Caso voc\u00ea deseje realizar aproveitamento de profici\u00eancia do mestrado, anexe como comprovante somente o hist\u00f3rico onde conste a profici\u00eancia. Ser\u00e1 considerada a data de conclus\u00e3o do mestrado como sendo a data da realiza\u00e7\u00e3o do teste e a institui\u00e7\u00e3o onde foi realizado o teste ser\u00e1 considerada a universidade onde voc\u00ea concluiu o mestrado.<\/p>\n<\/div>\n<\/div>\n<div>\n<strong class=\"collapseomatic \" id=\"id69d9697bc8069\" rel=\"-highlander\" tabindex=\"0\" title=\"&lt;strong&gt;EST\u00c1GIO DOC\u00caNCIA&lt;\/strong&gt;\"    ><strong>EST\u00c1GIO DOC\u00caNCIA<\/strong><\/strong><div id=\"target-id69d9697bc8069\" class=\"collapseomatic_content \">\n<p>\u00c9 de responsabilidade do orientador a solicita\u00e7\u00e3o da \u00a0matr\u00edcula para o orientando, conforme Art. 45 do Regimento.\u00a0 \u00c9 obrigat\u00f3rio o preenchimento do plano de trabalho detalhado, assinado pelo estagi\u00e1rio, professor\u00a0 respons\u00e1vel pela disciplina e orientador, conforme o supracitado artigo do regimento.<\/p>\n<p>O prazo para solicita\u00e7\u00e3o de est\u00e1gio neste semestre \u00e9 at\u00e9 30\/09\/2025 e pode ser encaminhada por e-mail.<\/p>\n<p>O plano ser\u00e1 encaminhado para a aprova\u00e7\u00e3o da Comiss\u00e3o de bolsas, conforme Resolu\u00e7\u00e3o 47\/2027, somente ap\u00f3s ser\u00e1 realizada a matr\u00edcula no cobalto.<\/p>\n<p><strong>Ao t\u00e9rmino do Est\u00e1gio \u00e9 obrigat\u00f3ria a apresenta\u00e7\u00e3o do relat\u00f3rio que ser\u00e1 encaminhado \u00e0 comiss\u00e3o de bolsas e ao colegiado para aprova\u00e7\u00e3o<\/strong>.<\/p>\n<p><strong><a href=\"https:\/\/wp.ufpel.edu.br\/ppgfil\/files\/2025\/10\/documento-orientador-estagio-docente-3.docx\">o modelo do plano de trabalho<\/a><\/strong><\/p>\n<p>DOCUMENTOS NORTEADORES:<\/p>\n<ul>\n<li>RESOLU\u00c7\u00c3O N\u00ba 47, DE 21 DE DEZEMBRO DE 2017 do COCEPE;<\/li>\n<li>REGIMENTO DO PROGRAMA &#8211; SE\u00c7\u00c3O VI;<\/li>\n<\/ul>\n<\/div>\n<div><\/div><\/div>\n","protected":false},"excerpt":{"rendered":"","protected":false},"author":16,"featured_media":0,"parent":0,"menu_order":0,"comment_status":"closed","ping_status":"closed","template":"","meta":{"jetpack_post_was_ever_published":false,"footnotes":""},"class_list":["post-2566","page","type-page","status-publish","hentry"],"jetpack_sharing_enabled":true,"_links":{"self":[{"href":"https:\/\/wp.ufpel.edu.br\/ppgfil\/wp-json\/wp\/v2\/pages\/2566","targetHints":{"allow":["GET"]}}],"collection":[{"href":"https:\/\/wp.ufpel.edu.br\/ppgfil\/wp-json\/wp\/v2\/pages"}],"about":[{"href":"https:\/\/wp.ufpel.edu.br\/ppgfil\/wp-json\/wp\/v2\/types\/page"}],"author":[{"embeddable":true,"href":"https:\/\/wp.ufpel.edu.br\/ppgfil\/wp-json\/wp\/v2\/users\/16"}],"replies":[{"embeddable":true,"href":"https:\/\/wp.ufpel.edu.br\/ppgfil\/wp-json\/wp\/v2\/comments?post=2566"}],"version-history":[{"count":3,"href":"https:\/\/wp.ufpel.edu.br\/ppgfil\/wp-json\/wp\/v2\/pages\/2566\/revisions"}],"predecessor-version":[{"id":3464,"href":"https:\/\/wp.ufpel.edu.br\/ppgfil\/wp-json\/wp\/v2\/pages\/2566\/revisions\/3464"}],"wp:attachment":[{"href":"https:\/\/wp.ufpel.edu.br\/ppgfil\/wp-json\/wp\/v2\/media?parent=2566"}],"curies":[{"name":"wp","href":"https:\/\/api.w.org\/{rel}","templated":true}]}}