{"id":2551,"date":"2024-07-26T10:24:03","date_gmt":"2024-07-26T13:24:03","guid":{"rendered":"https:\/\/wp.ufpel.edu.br\/ppgfil\/?page_id=2551"},"modified":"2024-12-18T16:51:05","modified_gmt":"2024-12-18T19:51:05","slug":"acordos-e-convenios","status":"publish","type":"page","link":"https:\/\/wp.ufpel.edu.br\/ppgfil\/acordos-e-convenios\/","title":{"rendered":"Acordos e Conv\u00eanios"},"content":{"rendered":"<p><strong>Conv\u00eanio de Colabora\u00e7\u00e3o com a Universidad de La Rep\u00fablica\u00a0 (UDELAR\/Uruguai)<\/strong><\/p>\n<p>O Programa de P\u00f3s-Gradua\u00e7\u00e3o em Filosofia da Universidade Federal de Pelotas (UFPel) estabeleceu em julho de 2024, um conv\u00eanio com o Instituto de Filosof\u00eda da Facultad de Humanidades y Ciencias de la Educaci\u00f3n da Universidad de la Rep\u00fablica, Uruguai.<\/p>\n<p>O acordo, com validade de cinco anos, cria oportunidades para interc\u00e2mbio de docentes e estudantes de P\u00f3s-Gradua\u00e7\u00e3o, que inclui a realiza\u00e7\u00e3o de est\u00e1gio de pesquisa, est\u00e1gio doutoral, doutorado-sanduiche, estudos de p\u00f3s-doutorado; a participa\u00e7\u00e3o em Congressos, Semin\u00e1rios, Simp\u00f3sios, Col\u00f3quios, Workshops, Grupos de Estudo, Grupos de Pesquisa, Minicursos, Aulas e Cursos.<\/p>\n<p>A iniciativa refor\u00e7a a integra\u00e7\u00e3o da UFPel com pa\u00edses do Mercosul. Para maiores informa\u00e7\u00f5es: <a href=\"https:\/\/wp.ufpel.edu.br\/international\/files\/2024\/07\/Universid-de-la-Republica-Acordo-Especifico-PPGFilo.pdf\">https:\/\/wp.ufpel.edu.br\/international\/files\/2024\/07\/Universid-de-la-Republica-Acordo-Especifico-PPGFilo.pdf<\/a><\/p>\n<p>&nbsp;<\/p>\n","protected":false},"excerpt":{"rendered":"<p>Conv\u00eanio de Colabora\u00e7\u00e3o com a Universidad de La Rep\u00fablica\u00a0 (UDELAR\/Uruguai) O Programa de P\u00f3s-Gradua\u00e7\u00e3o em Filosofia da Universidade Federal de Pelotas (UFPel) estabeleceu em julho de 2024, um conv\u00eanio com o Instituto de Filosof\u00eda da Facultad de Humanidades y Ciencias de la Educaci\u00f3n da Universidad de la Rep\u00fablica, Uruguai. O acordo, com validade de cinco [&hellip;]<\/p>\n","protected":false},"author":16,"featured_media":0,"parent":0,"menu_order":0,"comment_status":"closed","ping_status":"closed","template":"","meta":{"jetpack_post_was_ever_published":false,"footnotes":""},"class_list":["post-2551","page","type-page","status-publish","hentry"],"jetpack_sharing_enabled":true,"_links":{"self":[{"href":"https:\/\/wp.ufpel.edu.br\/ppgfil\/wp-json\/wp\/v2\/pages\/2551","targetHints":{"allow":["GET"]}}],"collection":[{"href":"https:\/\/wp.ufpel.edu.br\/ppgfil\/wp-json\/wp\/v2\/pages"}],"about":[{"href":"https:\/\/wp.ufpel.edu.br\/ppgfil\/wp-json\/wp\/v2\/types\/page"}],"author":[{"embeddable":true,"href":"https:\/\/wp.ufpel.edu.br\/ppgfil\/wp-json\/wp\/v2\/users\/16"}],"replies":[{"embeddable":true,"href":"https:\/\/wp.ufpel.edu.br\/ppgfil\/wp-json\/wp\/v2\/comments?post=2551"}],"version-history":[{"count":7,"href":"https:\/\/wp.ufpel.edu.br\/ppgfil\/wp-json\/wp\/v2\/pages\/2551\/revisions"}],"predecessor-version":[{"id":3133,"href":"https:\/\/wp.ufpel.edu.br\/ppgfil\/wp-json\/wp\/v2\/pages\/2551\/revisions\/3133"}],"wp:attachment":[{"href":"https:\/\/wp.ufpel.edu.br\/ppgfil\/wp-json\/wp\/v2\/media?parent=2551"}],"curies":[{"name":"wp","href":"https:\/\/api.w.org\/{rel}","templated":true}]}}