{"id":2403,"date":"2024-02-20T12:11:06","date_gmt":"2024-02-20T15:11:06","guid":{"rendered":"https:\/\/wp.ufpel.edu.br\/ppgfil\/?page_id=2403"},"modified":"2025-01-26T17:35:12","modified_gmt":"2025-01-26T20:35:12","slug":"evento-internacional","status":"publish","type":"page","link":"https:\/\/wp.ufpel.edu.br\/ppgfil\/evento-internacional\/","title":{"rendered":"Evento Internacional"},"content":{"rendered":"<p>ENCONTROS NIETZSCHE MERCOSUL, de 18 a 22\/11\/2024:<\/p>\n<p><a href=\"https:\/\/wp.ufpel.edu.br\/ppgfil\/files\/2024\/10\/Cartaz-Encontros-Nietzsche-Mercosul.pdf\">Cartaz Encontros Nietzsche Mercosul<\/a><\/p>\n<p><a href=\"https:\/\/wp.ufpel.edu.br\/ppgfil\/files\/2024\/11\/Programacao-Encontros-Nietzsche-Mercosul-1.pdf\">Programa\u00e7\u00e3o Encontros Nietzsche Mercosul<\/a><\/p>\n<p>&nbsp;<\/p>\n<p>SIMP\u00d3SIO INTERNACIONAL EM COMEMORA\u00c7\u00c3O AOS 700 ANOS DA CANONIZA\u00c7\u00c3O DE SANTO TOM\u00c1S DE AQUINO (1323-2023), de 28\/08 a 04\/09\/2023:<\/p>\n<p><a href=\"https:\/\/wp.ufpel.edu.br\/ppgfil\/files\/2025\/01\/Simposio-Internacional-Tomas-de-Aquino-2023.jpeg\">Cartaz<\/a><\/p>\n<p>&nbsp;<\/p>\n","protected":false},"excerpt":{"rendered":"<p>ENCONTROS NIETZSCHE MERCOSUL, de 18 a 22\/11\/2024: Cartaz Encontros Nietzsche Mercosul Programa\u00e7\u00e3o Encontros Nietzsche Mercosul &nbsp; SIMP\u00d3SIO INTERNACIONAL EM COMEMORA\u00c7\u00c3O AOS 700 ANOS DA CANONIZA\u00c7\u00c3O DE SANTO TOM\u00c1S DE AQUINO (1323-2023), de 28\/08 a 04\/09\/2023: Cartaz &nbsp;<\/p>\n","protected":false},"author":16,"featured_media":0,"parent":0,"menu_order":0,"comment_status":"closed","ping_status":"closed","template":"","meta":{"jetpack_post_was_ever_published":false,"footnotes":""},"class_list":["post-2403","page","type-page","status-publish","hentry"],"jetpack_sharing_enabled":true,"_links":{"self":[{"href":"https:\/\/wp.ufpel.edu.br\/ppgfil\/wp-json\/wp\/v2\/pages\/2403","targetHints":{"allow":["GET"]}}],"collection":[{"href":"https:\/\/wp.ufpel.edu.br\/ppgfil\/wp-json\/wp\/v2\/pages"}],"about":[{"href":"https:\/\/wp.ufpel.edu.br\/ppgfil\/wp-json\/wp\/v2\/types\/page"}],"author":[{"embeddable":true,"href":"https:\/\/wp.ufpel.edu.br\/ppgfil\/wp-json\/wp\/v2\/users\/16"}],"replies":[{"embeddable":true,"href":"https:\/\/wp.ufpel.edu.br\/ppgfil\/wp-json\/wp\/v2\/comments?post=2403"}],"version-history":[{"count":17,"href":"https:\/\/wp.ufpel.edu.br\/ppgfil\/wp-json\/wp\/v2\/pages\/2403\/revisions"}],"predecessor-version":[{"id":2827,"href":"https:\/\/wp.ufpel.edu.br\/ppgfil\/wp-json\/wp\/v2\/pages\/2403\/revisions\/2827"}],"wp:attachment":[{"href":"https:\/\/wp.ufpel.edu.br\/ppgfil\/wp-json\/wp\/v2\/media?parent=2403"}],"curies":[{"name":"wp","href":"https:\/\/api.w.org\/{rel}","templated":true}]}}