{"id":23,"date":"2016-02-23T16:47:07","date_gmt":"2016-02-23T19:47:07","guid":{"rendered":"https:\/\/wp.ufpel.edu.br\/ppgfil\/?page_id=23"},"modified":"2024-07-26T10:02:59","modified_gmt":"2024-07-26T13:02:59","slug":"estrutura-curricular","status":"publish","type":"page","link":"https:\/\/wp.ufpel.edu.br\/ppgfil\/area-de-concentracao\/estrutura-curricular\/","title":{"rendered":"Estrutura Curricular"},"content":{"rendered":"<p style=\"text-align: center;\"><strong>ESTRUTURA CURRICULAR<\/strong><\/p>\n<p class=\"text\" style=\"text-align: justify;\"><span class=\"titulo\">\u00c1rea de Concentra\u00e7\u00e3o: <\/span><strong>\u00c9tica e Filosofia Pol\u00edtica<\/strong><\/p>\n<p style=\"text-align: justify;\"><span class=\"titulo\"><strong>Linhas de Pesquisa:<\/strong><br \/>\n<\/span>Concep\u00e7\u00f5es de Virtude<br \/>\nFundamenta\u00e7\u00e3o e Cr\u00edtica da Moral<br \/>\nDireito, Sociedade e Estado<br \/>\nEpistemologia Moral<\/p>\n<p class=\"text\" style=\"text-align: justify;\"><strong><span class=\"titulo\">Disciplinas:<\/span><\/strong><span class=\"titulo\"><br \/>\n<\/span>O curso de Mestrado \u00e9 composto pelo total de 20 (vinte) cr\u00e9ditos a serem cursados em disciplinas, teste de profici\u00eancia em l\u00edngua estrangeira (ingl\u00eas, franc\u00eas, alem\u00e3o ou italiano), exame de qualifica\u00e7\u00e3o e defesa da disserta\u00e7\u00e3o.<\/p>\n<p class=\"text\" style=\"text-align: justify;\">O curso de Doutorado \u00e9 composto pelo total de 40 (quarenta) cr\u00e9ditos a serem cursados em disciplinas, com possibilidade de aproveitamento de disciplinas cursadas em\u00a0 mestrado reconhecido pela CAPES, teste de profici\u00eancia em duas l\u00ednguas estrangeiras (ingl\u00eas, franc\u00eas, alem\u00e3o ou italiano), exame de qualifica\u00e7\u00e3o e defesa da tese.<\/p>\n<p class=\"text\" style=\"text-align: justify;\"><strong>Disciplinas:<\/strong><\/p>\n<p class=\"text\" style=\"text-align: justify;\">Linha: <u>Concep\u00e7\u00f5es de Virtude<\/u><\/p>\n<p style=\"text-align: justify;\">Virtude e Felicidade (4 cr\u00e9ditos)<br \/>\nConcep\u00e7\u00f5es de Virtude na Filosofia Antiga (4 cr\u00e9ditos)<br \/>\nAs Virtudes na Filosofia Medieval (4 cr\u00e9ditos)<br \/>\nTeorias da Virtude (4 cr\u00e9ditos)<\/p>\n<p class=\"text\" style=\"text-align: justify;\">Linha: <u>Fundamenta\u00e7\u00e3o e Cr\u00edtica da Moral<\/u><\/p>\n<p class=\"text\" style=\"text-align: justify;\">Elementos de Filosofia Moral (4 cr\u00e9ditos)<br \/>\nProblemas de Fundamenta\u00e7\u00e3o da Moral (4 cr\u00e9ditos)<br \/>\nGenealogia e Cr\u00edtica da Moral (4 cr\u00e9ditos)<br \/>\nT\u00f3picos de \u00c9tica Contempor\u00e2nea (4 cr\u00e9ditos)<br \/>\nT\u00f3picos de Meta\u00e9tica (2 cr\u00e9ditos)<\/p>\n<p class=\"text\" style=\"text-align: justify;\">Linha: <u>Direito, Sociedade e Estado<\/u><\/p>\n<p class=\"text\" style=\"text-align: justify;\">Elementos de Filosofia do Direito (4 cr\u00e9ditos)<br \/>\nFilosofias Contempor\u00e2neas do Direito (4 cr\u00e9ditos)<br \/>\nFundamentos Pol\u00edticos do Pensamento Pol\u00edtico Moderno (4 cr\u00e9ditos)<br \/>\nSociedade e Estado na Filosofia Pol\u00edtica Moderna e Contempor\u00e2nea (4 cr\u00e9ditos)<br \/>\nT\u00f3picos de Filosofia Pol\u00edtica (2 cr\u00e9ditos)<\/p>\n<p class=\"text\" style=\"text-align: justify;\">Linha: <u>Epistemologia Moral<\/u><\/p>\n<p class=\"text\" style=\"text-align: justify;\">Elementos de Epistemologia Moral (4 cr\u00e9ditos)<br \/>\nNormas e A\u00e7\u00f5es: a l\u00f3gica das normas prescritivas (4 cr\u00e9ditos)<br \/>\nA Constitui\u00e7\u00e3o Sem\u00e2ntica e Pragm\u00e1tica das Proposi\u00e7\u00f5es Morais (4 cr\u00e9ditos)<br \/>\nConhecimento, Justifica\u00e7\u00e3o e Consequ\u00eancias \u00e0 Filosofia Moral (4 cr\u00e9ditos)<\/p>\n<p class=\"text\" style=\"text-align: justify;\"><strong>Professores orientadores por linha de pesquisa:<\/strong><\/p>\n<p class=\"text\" style=\"text-align: justify;\"><strong>Concep\u00e7\u00f5es de Virtude:<\/strong><br \/>\nDr. Jo\u00e3o Hobuss<br \/>\nDr. Manoel Vasconcellos<br \/>\nDr. S\u00e9rgio Strefling<\/p>\n<p class=\"text\" style=\"text-align: justify;\"><strong>Fundamenta\u00e7\u00e3o e Cr\u00edtica da Moral:<\/strong><br \/>\nDr. Clademir Araldi<br \/>\nDr. Lu\u00eds Eduardo Xavier Rubira<\/p>\n<p class=\"text\" style=\"text-align: justify;\"><strong>Direito, Sociedade e Estado<\/strong>:<br \/>\nDr. Jovino Pizzi<br \/>\nDr. Keberson Bresolin<br \/>\nDra. S\u00f4nia Maria Schio<\/p>\n<p class=\"text\" style=\"text-align: justify;\"><u><strong class=\"text\">Epistemologia Moral<\/strong><\/u>:<br \/>\nDr. Evandro Barbosa<br \/>\nDr. Juliano do Carmo<br \/>\nDr. Robinson dos Santos<\/p>\n<p style=\"text-align: justify;\"><strong>Al\u00e9m da pesquisa nas Linhas de Pesquisas espec\u00edficas, os professores do PPG Filosofia tamb\u00e9m desenvolvem estudos em temas de interesse correlacionados:<\/strong><\/p>\n<table style=\"height: 982px;\" width=\"822\">\n<tbody>\n<tr style=\"height: 130px;\">\n<td style=\"height: 130px; width: 171px;\">Clademir Araldi<\/td>\n<td style=\"height: 130px; width: 634px;\">A \u00c9tica em Schopenhauer. A cr\u00edtica da moral e a \u00e9tica no pensamento de Nietzsche. O naturalismo \u00e9tico de Nietzsche. A \u00e9tica do cuidado de si em Foucault.<\/td>\n<\/tr>\n<tr style=\"height: 62px;\">\n<td style=\"height: 62px; width: 171px;\">Evandro Barbosa<\/td>\n<td style=\"height: 62px; width: 634px;\">Meta\u00e9tica. As Teorias deontol\u00f3gicas e consequencialistas. A Filosofia do Direito e Filosofia Pol\u00edtica Contempor\u00e2nea. A obriga\u00e7\u00e3o e a motiva\u00e7\u00e3o moral. Naturalismo, normatividade e contratualismo.<\/td>\n<\/tr>\n<tr style=\"height: 84px;\">\n<td style=\"height: 84px; width: 171px;\">Jo\u00e3o Hobuss<\/td>\n<td style=\"height: 84px; width: 634px;\">\u00c9tica e Filosofia Pol\u00edtica Antiga. Liberdade da Vontade. Responsabilidade Moral. Determinismo, Libertarismo, Compatibilismo, Psicologia Moral.<\/td>\n<\/tr>\n<tr style=\"height: 84px;\">\n<td style=\"height: 84px; width: 171px;\">Jovino Pizzi<\/td>\n<td style=\"height: 84px; width: 634px;\">\u00c9tica contempor\u00e2nea. \u00c9tica do Discurso. Escola de Frankfurt. Pol\u00edticas de reconhecimento. Modelos de \u00a0Democracia. Teorias da justi\u00e7a.<\/td>\n<\/tr>\n<tr style=\"height: 62px;\">\n<td style=\"height: 62px; width: 171px;\">Juliano do Carmo<\/td>\n<td style=\"height: 62px; width: 634px;\">Epistemologia Moral. Metafilosofia. Naturalismo moral.\u00a0 A l\u00f3gica do discurso ficcional. A l\u00f3gica dos racioc\u00ednios hipot\u00e9ticos.<\/td>\n<\/tr>\n<tr style=\"height: 62px;\">\n<td style=\"height: 79px; width: 171px;\">Keberson Bresolin<\/td>\n<td style=\"height: 79px; width: 634px;\">Filosofia pr\u00e1tica Kantiana. Teoria juspol\u00edticas contempor\u00e2neas com enfoque em Habermas, Ralws, Alexy e Nozick.<\/td>\n<\/tr>\n<tr style=\"height: 10px;\">\n<td style=\"width: 171px; height: 10px;\"><\/td>\n<td style=\"width: 634px; height: 10px;\"><\/td>\n<\/tr>\n<tr style=\"height: 62px;\">\n<td style=\"height: 62px; width: 171px;\">Lu\u00eds Rubira<\/td>\n<td style=\"height: 62px; width: 634px;\">Moral, tempo, valores, transvalora\u00e7\u00e3o e eterno retorno em Nietzsche. Os moralistas franceses. A recep\u00e7\u00e3o moral e pol\u00edtica da Filosofia de Nietzsche no Brasil. A Filosofia moral e pol\u00edtica Moderna e\u00a0Contempor\u00e2nea.<\/td>\n<\/tr>\n<tr style=\"height: 84px;\">\n<td style=\"height: 84px; width: 171px;\">Manoel Vasconcellos<\/td>\n<td style=\"height: 84px; width: 634px;\">\u00a0A Filosofia medieval: \u00e9tica e pol\u00edtica.<\/td>\n<\/tr>\n<tr style=\"height: 39px;\">\n<td style=\"height: 39px; width: 171px;\">Nuno Castanheira<\/td>\n<td style=\"height: 39px; width: 634px;\">Filosofia da Ac\u00e7\u00e3o e dos Valores. A Filosofia Pol\u00edtica de Hannah Arendt \u00e0 Luz da Filosofia Especulativa de Hegel. Filosofia e Interdisciplinaridade. Neurofilosofia. Teorias da Justi\u00e7a e Teoria Cr\u00edtica. \u00c9tica e Filosofia Pol\u00edtica.<\/td>\n<\/tr>\n<tr style=\"height: 62px;\">\n<td style=\"height: 62px; width: 171px;\">Robinson dos Santos<\/td>\n<td style=\"height: 62px; width: 634px;\">Quest\u00f5es de filosofia te\u00f3rica e pr\u00e1tica de Kant.\u00a0 Temas de Meta\u00e9tica: Realismo e antirrealismo moral. Ceticismo moral. Valor moral. Justifica\u00e7\u00e3o de normas. Responsabilidade. Dignidade.<\/td>\n<\/tr>\n<tr style=\"height: 62px;\">\n<td style=\"height: 62px; width: 171px;\">S\u00e9rgio Strefling<\/td>\n<td style=\"height: 62px; width: 634px;\">\u00c9tica, Direito e Pol\u00edtica: Santo Agostinho, Santo Tom\u00e1s de Aquino e Mars\u00edlio de P\u00e1dua.<\/td>\n<\/tr>\n<tr style=\"height: 62px;\">\n<td style=\"height: 62px; width: 171px;\">S\u00f4nia Maria Schio<\/td>\n<td style=\"height: 62px; width: 634px;\">O Pensamento Pol\u00edtico de Hannah Arendt. Filosofia Pol\u00edtica, Filosofia do Direito; Maquiavel. Utopistas, Montesquieu, Kant, Escola de\u00a0 Frankfurt, Foucault.<\/td>\n<\/tr>\n<\/tbody>\n<\/table>\n<p style=\"text-align: justify;\">\n","protected":false},"excerpt":{"rendered":"<p>ESTRUTURA CURRICULAR \u00c1rea de Concentra\u00e7\u00e3o: \u00c9tica e Filosofia Pol\u00edtica Linhas de Pesquisa: Concep\u00e7\u00f5es de Virtude Fundamenta\u00e7\u00e3o e Cr\u00edtica da Moral Direito, Sociedade e Estado Epistemologia Moral Disciplinas: O curso de Mestrado \u00e9 composto pelo total de 20 (vinte) cr\u00e9ditos a serem cursados em disciplinas, teste de profici\u00eancia em l\u00edngua estrangeira (ingl\u00eas, franc\u00eas, alem\u00e3o ou italiano), [&hellip;]<\/p>\n","protected":false},"author":16,"featured_media":0,"parent":17,"menu_order":0,"comment_status":"closed","ping_status":"closed","template":"","meta":{"jetpack_post_was_ever_published":false,"footnotes":""},"class_list":["post-23","page","type-page","status-publish","hentry"],"jetpack_sharing_enabled":true,"_links":{"self":[{"href":"https:\/\/wp.ufpel.edu.br\/ppgfil\/wp-json\/wp\/v2\/pages\/23","targetHints":{"allow":["GET"]}}],"collection":[{"href":"https:\/\/wp.ufpel.edu.br\/ppgfil\/wp-json\/wp\/v2\/pages"}],"about":[{"href":"https:\/\/wp.ufpel.edu.br\/ppgfil\/wp-json\/wp\/v2\/types\/page"}],"author":[{"embeddable":true,"href":"https:\/\/wp.ufpel.edu.br\/ppgfil\/wp-json\/wp\/v2\/users\/16"}],"replies":[{"embeddable":true,"href":"https:\/\/wp.ufpel.edu.br\/ppgfil\/wp-json\/wp\/v2\/comments?post=23"}],"version-history":[{"count":14,"href":"https:\/\/wp.ufpel.edu.br\/ppgfil\/wp-json\/wp\/v2\/pages\/23\/revisions"}],"predecessor-version":[{"id":2538,"href":"https:\/\/wp.ufpel.edu.br\/ppgfil\/wp-json\/wp\/v2\/pages\/23\/revisions\/2538"}],"up":[{"embeddable":true,"href":"https:\/\/wp.ufpel.edu.br\/ppgfil\/wp-json\/wp\/v2\/pages\/17"}],"wp:attachment":[{"href":"https:\/\/wp.ufpel.edu.br\/ppgfil\/wp-json\/wp\/v2\/media?parent=23"}],"curies":[{"name":"wp","href":"https:\/\/api.w.org\/{rel}","templated":true}]}}