{"id":2235,"date":"2023-10-22T09:44:21","date_gmt":"2023-10-22T12:44:21","guid":{"rendered":"https:\/\/wp.ufpel.edu.br\/ppgfil\/?page_id=2235"},"modified":"2025-04-11T15:33:28","modified_gmt":"2025-04-11T18:33:28","slug":"revista-dissertatio","status":"publish","type":"page","link":"https:\/\/wp.ufpel.edu.br\/ppgfil\/revista-dissertatio\/","title":{"rendered":"Revista Dissertatio"},"content":{"rendered":"<p>A <em>Dissertatio &#8211; Revista de Filosofia<\/em> (Qualis A2) foi criada pelo Departamento de Filosofia da UFPel, em sua vers\u00e3o impressa, em Julho de 1995. Com peridicidade semestral, a partir de 2007 ela vinculou-se ao Programa de P\u00f3s-Gradua\u00e7\u00e3o em Filosofia da UFPel (a cria\u00e7\u00e3o do Curso de Mestrado em Filosofia ocorreu no ano de 2007), momento em que passou a ser editada em sua vers\u00e3o On-line. Recebendo contribui\u00e7\u00f5es de pesquisadores de relevantes institui\u00e7\u00f5es do Brasil, da Am\u00e9rica Latina e da Europa, trata-se de uma revista com artigos de refer\u00eancia no \u00e2mbito das investiga\u00e7\u00f5es especializadas em Filosofia:<\/p>\n<p><a href=\"https:\/\/periodicos.ufpel.edu.br\/index.php\/dissertatio\/index\">https:\/\/periodicos.ufpel.edu.br\/index.php\/dissertatio\/index<\/a><\/p>\n","protected":false},"excerpt":{"rendered":"<p>A Dissertatio &#8211; Revista de Filosofia (Qualis A2) foi criada pelo Departamento de Filosofia da UFPel, em sua vers\u00e3o impressa, em Julho de 1995. Com peridicidade semestral, a partir de 2007 ela vinculou-se ao Programa de P\u00f3s-Gradua\u00e7\u00e3o em Filosofia da UFPel (a cria\u00e7\u00e3o do Curso de Mestrado em Filosofia ocorreu no ano de 2007), momento [&hellip;]<\/p>\n","protected":false},"author":16,"featured_media":0,"parent":0,"menu_order":0,"comment_status":"closed","ping_status":"closed","template":"","meta":{"jetpack_post_was_ever_published":false,"footnotes":""},"class_list":["post-2235","page","type-page","status-publish","hentry"],"jetpack_sharing_enabled":true,"_links":{"self":[{"href":"https:\/\/wp.ufpel.edu.br\/ppgfil\/wp-json\/wp\/v2\/pages\/2235","targetHints":{"allow":["GET"]}}],"collection":[{"href":"https:\/\/wp.ufpel.edu.br\/ppgfil\/wp-json\/wp\/v2\/pages"}],"about":[{"href":"https:\/\/wp.ufpel.edu.br\/ppgfil\/wp-json\/wp\/v2\/types\/page"}],"author":[{"embeddable":true,"href":"https:\/\/wp.ufpel.edu.br\/ppgfil\/wp-json\/wp\/v2\/users\/16"}],"replies":[{"embeddable":true,"href":"https:\/\/wp.ufpel.edu.br\/ppgfil\/wp-json\/wp\/v2\/comments?post=2235"}],"version-history":[{"count":4,"href":"https:\/\/wp.ufpel.edu.br\/ppgfil\/wp-json\/wp\/v2\/pages\/2235\/revisions"}],"predecessor-version":[{"id":3090,"href":"https:\/\/wp.ufpel.edu.br\/ppgfil\/wp-json\/wp\/v2\/pages\/2235\/revisions\/3090"}],"wp:attachment":[{"href":"https:\/\/wp.ufpel.edu.br\/ppgfil\/wp-json\/wp\/v2\/media?parent=2235"}],"curies":[{"name":"wp","href":"https:\/\/api.w.org\/{rel}","templated":true}]}}