{"id":2189,"date":"2023-09-19T12:37:59","date_gmt":"2023-09-19T15:37:59","guid":{"rendered":"https:\/\/wp.ufpel.edu.br\/ppgfil\/?page_id=2189"},"modified":"2023-09-19T12:40:30","modified_gmt":"2023-09-19T15:40:30","slug":"doutorado","status":"publish","type":"page","link":"https:\/\/wp.ufpel.edu.br\/ppgfil\/doutorado\/","title":{"rendered":"Doutorado"},"content":{"rendered":"<h2 style=\"text-align: justify;\"><span style=\"font-size: 12pt;\"><span style=\"font-weight: 400;\">O Programa de P\u00f3s-Gradua\u00e7\u00e3o em Filosofia, em n\u00edvel de Doutorado, na \u00c1rea de <\/span><i><span style=\"font-weight: 400;\">\u00c9tica e Filosofia Pol\u00edtica<\/span><\/i><span style=\"font-weight: 400;\">, \u00e9 organizado como conjunto integrado de disciplinas, de modo a propiciar ao aluno o aprimoramento da forma\u00e7\u00e3o j\u00e1 adquirida e permitir-lhe o desenvolvimento de estudos e pesquisas, de acordo com as quatro linhas de pesquisa definidas pelo Programa: <\/span><i><span style=\"font-weight: 400;\">Concep\u00e7\u00f5es de virtude<\/span><\/i><span style=\"font-weight: 400;\">;<\/span><i><span style=\"font-weight: 400;\"> Fundamenta\u00e7\u00e3o e cr\u00edtica da moral<\/span><\/i><span style=\"font-weight: 400;\">;<\/span><i><span style=\"font-weight: 400;\"> Direito, Sociedade e Estado<\/span><\/i><span style=\"font-weight: 400;\">;<\/span> <span style=\"font-weight: 400;\">e <\/span><i><span style=\"font-weight: 400;\">Epistemologia moral<\/span><\/i><span style=\"font-weight: 400;\">. A Conclus\u00e3o do curso exige o cumprimento de 40 (quarenta) cr\u00e9ditos para o Doutorado. A qualifica\u00e7\u00e3o do Doutorado \u00e9 realizada at\u00e9 o final do quinto semestre do curso. O prazo para conclus\u00e3o \u00e9 de 48 meses, podendo ser prorrogado, em casos excepcionais, por mais 6 meses.<\/span><\/span><\/h2>\n<h2 style=\"text-align: justify;\"><a href=\"https:\/\/institucional.ufpel.edu.br\/cursos\/cod\/8103\"><span style=\"font-size: 12pt;\"><span style=\"font-weight: 400;\"> Outras informa\u00e7\u00f5es aqui.<\/span><\/span><\/a><\/h2>\n","protected":false},"excerpt":{"rendered":"<p>O Programa de P\u00f3s-Gradua\u00e7\u00e3o em Filosofia, em n\u00edvel de Doutorado, na \u00c1rea de \u00c9tica e Filosofia Pol\u00edtica, \u00e9 organizado como conjunto integrado de disciplinas, de modo a propiciar ao aluno o aprimoramento da forma\u00e7\u00e3o j\u00e1 adquirida e permitir-lhe o desenvolvimento de estudos e pesquisas, de acordo com as quatro linhas de pesquisa definidas pelo Programa: [&hellip;]<\/p>\n","protected":false},"author":16,"featured_media":0,"parent":0,"menu_order":0,"comment_status":"closed","ping_status":"closed","template":"","meta":{"jetpack_post_was_ever_published":false,"footnotes":""},"class_list":["post-2189","page","type-page","status-publish","hentry"],"jetpack_sharing_enabled":true,"_links":{"self":[{"href":"https:\/\/wp.ufpel.edu.br\/ppgfil\/wp-json\/wp\/v2\/pages\/2189","targetHints":{"allow":["GET"]}}],"collection":[{"href":"https:\/\/wp.ufpel.edu.br\/ppgfil\/wp-json\/wp\/v2\/pages"}],"about":[{"href":"https:\/\/wp.ufpel.edu.br\/ppgfil\/wp-json\/wp\/v2\/types\/page"}],"author":[{"embeddable":true,"href":"https:\/\/wp.ufpel.edu.br\/ppgfil\/wp-json\/wp\/v2\/users\/16"}],"replies":[{"embeddable":true,"href":"https:\/\/wp.ufpel.edu.br\/ppgfil\/wp-json\/wp\/v2\/comments?post=2189"}],"version-history":[{"count":1,"href":"https:\/\/wp.ufpel.edu.br\/ppgfil\/wp-json\/wp\/v2\/pages\/2189\/revisions"}],"predecessor-version":[{"id":2191,"href":"https:\/\/wp.ufpel.edu.br\/ppgfil\/wp-json\/wp\/v2\/pages\/2189\/revisions\/2191"}],"wp:attachment":[{"href":"https:\/\/wp.ufpel.edu.br\/ppgfil\/wp-json\/wp\/v2\/media?parent=2189"}],"curies":[{"name":"wp","href":"https:\/\/api.w.org\/{rel}","templated":true}]}}