{"id":2183,"date":"2023-09-19T12:24:12","date_gmt":"2023-09-19T15:24:12","guid":{"rendered":"https:\/\/wp.ufpel.edu.br\/ppgfil\/?page_id=2183"},"modified":"2023-09-19T12:34:25","modified_gmt":"2023-09-19T15:34:25","slug":"mestrado","status":"publish","type":"page","link":"https:\/\/wp.ufpel.edu.br\/ppgfil\/mestrado\/","title":{"rendered":"Mestrado"},"content":{"rendered":"<h2 style=\"text-align: justify;\"><span style=\"font-size: 12pt;\"><span style=\"font-weight: 400;\">O Programa de P\u00f3s-Gradua\u00e7\u00e3o em Filosofia, em n\u00edvel de Mestrado, na \u00c1rea de Concentra\u00e7\u00e3o de <\/span><i><span style=\"font-weight: 400;\">\u00c9tica e Filosofia Pol\u00edtica<\/span><\/i><span style=\"font-weight: 400;\">, \u00e9 organizado como conjunto integrado de disciplinas, de modo a propiciar ao aluno o aprimoramento da forma\u00e7\u00e3o j\u00e1 adquirida e permitir-lhe o desenvolvimento de estudos e pesquisas, de acordo com as linhas de pesquisa definidas pelo Programa: <\/span><i><span style=\"font-weight: 400;\">Concep\u00e7\u00f5es de virtude<\/span><\/i><span style=\"font-weight: 400;\">;<\/span><i><span style=\"font-weight: 400;\"> Fundamenta\u00e7\u00e3o e cr\u00edtica da moral<\/span><\/i><span style=\"font-weight: 400;\">;<\/span><i><span style=\"font-weight: 400;\"> Direito, Sociedade e Estado<\/span><\/i><span style=\"font-weight: 400;\">;<\/span> <span style=\"font-weight: 400;\">e<\/span><i><span style=\"font-weight: 400;\"> Epistemologia moral<\/span><\/i><span style=\"font-weight: 400;\">. A Conclus\u00e3o do curso exige o cumprimento de 20 (vinte) cr\u00e9ditos para o Mestrado. A qualifica\u00e7\u00e3o do Mestrado \u00e9 realizada at\u00e9 o final do terceiro semestre do curso. O prazo para conclus\u00e3o \u00e9 de 24 meses, podendo ser prorrogado, em casos excepcionais, por mais 6 meses. <\/span><\/span><\/h2>\n<h2 style=\"text-align: justify;\"><span style=\"font-size: 12pt;\"><a href=\"https:\/\/institucional.ufpel.edu.br\/cursos\/cod\/7048\"><span style=\"font-weight: 400;\">Acesse outras informa\u00e7\u00f5es aqui<\/span><\/a><\/span><\/h2>\n","protected":false},"excerpt":{"rendered":"<p>O Programa de P\u00f3s-Gradua\u00e7\u00e3o em Filosofia, em n\u00edvel de Mestrado, na \u00c1rea de Concentra\u00e7\u00e3o de \u00c9tica e Filosofia Pol\u00edtica, \u00e9 organizado como conjunto integrado de disciplinas, de modo a propiciar ao aluno o aprimoramento da forma\u00e7\u00e3o j\u00e1 adquirida e permitir-lhe o desenvolvimento de estudos e pesquisas, de acordo com as linhas de pesquisa definidas pelo [&hellip;]<\/p>\n","protected":false},"author":16,"featured_media":0,"parent":0,"menu_order":0,"comment_status":"closed","ping_status":"closed","template":"","meta":{"jetpack_post_was_ever_published":false,"footnotes":""},"class_list":["post-2183","page","type-page","status-publish","hentry"],"jetpack_sharing_enabled":true,"_links":{"self":[{"href":"https:\/\/wp.ufpel.edu.br\/ppgfil\/wp-json\/wp\/v2\/pages\/2183","targetHints":{"allow":["GET"]}}],"collection":[{"href":"https:\/\/wp.ufpel.edu.br\/ppgfil\/wp-json\/wp\/v2\/pages"}],"about":[{"href":"https:\/\/wp.ufpel.edu.br\/ppgfil\/wp-json\/wp\/v2\/types\/page"}],"author":[{"embeddable":true,"href":"https:\/\/wp.ufpel.edu.br\/ppgfil\/wp-json\/wp\/v2\/users\/16"}],"replies":[{"embeddable":true,"href":"https:\/\/wp.ufpel.edu.br\/ppgfil\/wp-json\/wp\/v2\/comments?post=2183"}],"version-history":[{"count":4,"href":"https:\/\/wp.ufpel.edu.br\/ppgfil\/wp-json\/wp\/v2\/pages\/2183\/revisions"}],"predecessor-version":[{"id":2188,"href":"https:\/\/wp.ufpel.edu.br\/ppgfil\/wp-json\/wp\/v2\/pages\/2183\/revisions\/2188"}],"wp:attachment":[{"href":"https:\/\/wp.ufpel.edu.br\/ppgfil\/wp-json\/wp\/v2\/media?parent=2183"}],"curies":[{"name":"wp","href":"https:\/\/api.w.org\/{rel}","templated":true}]}}