{"id":2121,"date":"2023-09-18T15:35:11","date_gmt":"2023-09-18T18:35:11","guid":{"rendered":"https:\/\/wp.ufpel.edu.br\/ppgfil\/?page_id=2121"},"modified":"2025-03-26T06:28:12","modified_gmt":"2025-03-26T09:28:12","slug":"autoavaliacao","status":"publish","type":"page","link":"https:\/\/wp.ufpel.edu.br\/ppgfil\/autoavaliacao\/","title":{"rendered":"Relat\u00f3rio de Autoavalia\u00e7\u00e3o"},"content":{"rendered":"<p>O Relat\u00f3rio de Autoavalia\u00e7\u00e3o do PPGFIL-UFPel Quadri\u00eanio 2021-2024 foi elaborado pela Comiss\u00e3o Interna de Autoavalia\u00e7\u00e3o, composta pelos docentes Clademir Araldi, Lu\u00eds Rubira e Nuno Castanheira, pelo discente Arlindo Martins J\u00fanior, e pelo membro externo S\u00e9rgio Dela-S\u00e1via (UFRN). Conclu\u00eddo em mar\u00e7o de 2025, o Relat\u00f3rio pode ser acessado aqui: <a href=\"https:\/\/wp.ufpel.edu.br\/ppgfil\/files\/2025\/03\/Relatorio-de-Autoavaliacao-Quadrienio-2021-2024_versao-final-assinada.pdf\">Relatorio de Autoavaliacao Quadrienio 2021-2024_vers\u00e3o final assinada<\/a><\/p>\n","protected":false},"excerpt":{"rendered":"<p>O Relat\u00f3rio de Autoavalia\u00e7\u00e3o do PPGFIL-UFPel Quadri\u00eanio 2021-2024 foi elaborado pela Comiss\u00e3o Interna de Autoavalia\u00e7\u00e3o, composta pelos docentes Clademir Araldi, Lu\u00eds Rubira e Nuno Castanheira, pelo discente Arlindo Martins J\u00fanior, e pelo membro externo S\u00e9rgio Dela-S\u00e1via (UFRN). Conclu\u00eddo em mar\u00e7o de 2025, o Relat\u00f3rio pode ser acessado aqui: Relatorio de Autoavaliacao Quadrienio 2021-2024_vers\u00e3o final assinada<\/p>\n","protected":false},"author":1247,"featured_media":0,"parent":0,"menu_order":0,"comment_status":"closed","ping_status":"closed","template":"","meta":{"jetpack_post_was_ever_published":false,"footnotes":""},"class_list":["post-2121","page","type-page","status-publish","hentry"],"jetpack_sharing_enabled":true,"_links":{"self":[{"href":"https:\/\/wp.ufpel.edu.br\/ppgfil\/wp-json\/wp\/v2\/pages\/2121","targetHints":{"allow":["GET"]}}],"collection":[{"href":"https:\/\/wp.ufpel.edu.br\/ppgfil\/wp-json\/wp\/v2\/pages"}],"about":[{"href":"https:\/\/wp.ufpel.edu.br\/ppgfil\/wp-json\/wp\/v2\/types\/page"}],"author":[{"embeddable":true,"href":"https:\/\/wp.ufpel.edu.br\/ppgfil\/wp-json\/wp\/v2\/users\/1247"}],"replies":[{"embeddable":true,"href":"https:\/\/wp.ufpel.edu.br\/ppgfil\/wp-json\/wp\/v2\/comments?post=2121"}],"version-history":[{"count":4,"href":"https:\/\/wp.ufpel.edu.br\/ppgfil\/wp-json\/wp\/v2\/pages\/2121\/revisions"}],"predecessor-version":[{"id":3007,"href":"https:\/\/wp.ufpel.edu.br\/ppgfil\/wp-json\/wp\/v2\/pages\/2121\/revisions\/3007"}],"wp:attachment":[{"href":"https:\/\/wp.ufpel.edu.br\/ppgfil\/wp-json\/wp\/v2\/media?parent=2121"}],"curies":[{"name":"wp","href":"https:\/\/api.w.org\/{rel}","templated":true}]}}