{"id":2116,"date":"2023-09-18T15:30:42","date_gmt":"2023-09-18T18:30:42","guid":{"rendered":"https:\/\/wp.ufpel.edu.br\/ppgfil\/?page_id=2116"},"modified":"2023-10-31T17:14:52","modified_gmt":"2023-10-31T20:14:52","slug":"infraestrutura","status":"publish","type":"page","link":"https:\/\/wp.ufpel.edu.br\/ppgfil\/infraestrutura\/","title":{"rendered":"Infraestrutura"},"content":{"rendered":"<p>O Programa de P\u00f3s-Gradua\u00e7\u00e3o em Filosofia (PPGFIL) funciona, desde a sua cria\u00e7\u00e3o, no pr\u00e9dio do Campus das Ci\u00eancias Humanas e Sociais (CCHS), situado na Rua Alberto Rosa, n. 154, no qual est\u00e3o o Instituto de Filosofia, Sociologia, Pol\u00edtica e Rela\u00e7\u00f5es Internacionais (IFISP), <span style=\"color: var(--cor-texto); font-family: var(--fonte-corpo);\">a Faculdade de Educa\u00e7\u00e3o (FAE) e o <\/span><span style=\"color: var(--cor-texto); font-family: var(--fonte-corpo);\">Instituto de Ci\u00eancias Humanas (ICH).<\/span><\/p>\n<p>As atividades do PPGFIL ocorrem, em parte, no interior do IFISP, que conta com 12 salas de aula, 18 salas divididas entre salas de professores e laborat\u00f3rios, e um laborat\u00f3rio de inform\u00e1tica para a P\u00f3s-Gradua\u00e7\u00e3o, al\u00e9m de outras salas para a gradua\u00e7\u00e3o e para a extens\u00e3o. Em tais salas s\u00e3o realizadas aulas de Mestrado e Doutorado, Exames de Qualifica\u00e7\u00e3o, Grupos de Pesquisas, Defesas de disserta\u00e7\u00f5es e teses, Minicursos, Confer\u00eancias, reuni\u00f5es de Colegiado e demais atividades ligadas \u00e0 P\u00f3s-Gradua\u00e7\u00e3o. O PPGFIL tamb\u00e9m conta com a Sala 212 do Curso de Licenciatura em Filosofia \u00e0 Dist\u00e2ncia (EAD), que possui equipamento para Webconfer\u00eancia, na qual realiza bancas em formato Online.<\/p>\n<p>O Programa de P\u00f3s-Gradua\u00e7\u00e3o em Filosofia da UFPel tamb\u00e9m possui participa\u00e7\u00e3o no Centro de P\u00f3s-Gradua\u00e7\u00e3o das Ci\u00eancias Humanas, Sociais e Aplicadas (CEHUS), situado na Rua Alberto Rosa, 117. Inaugurado em Junho de 2018, o CEHUS conta com 1 audit\u00f3rio (com 110 lugares), 2 mini-audit\u00f3rios\/Salas de defesa equipados (cada um deles com 40 lugares), e 13 salas para aulas, grupos de pesquisa e de estudos, bem como com a Biblioteca de Ci\u00eancias Sociais. No pr\u00e9dio do CEHUS, o PPGFIL passou a realizar, a partir de 2019, defesas de Disserta\u00e7\u00f5es e de Teses, Grupos de Estudo, Confer\u00eancias, Minicursos, e outras atividades ligadas \u00e0 P\u00f3s-Gradua\u00e7\u00e3o.<\/p>\n<p>Na Biblioteca de Ci\u00eancias Sociais da UFPel encontra-se a maior parte do acervo bibliogr\u00e1fico da \u00e1rea de filosofia (obras de filosofia tamb\u00e9m podem ser localizadas, por exemplo, na Biblioteca da Faculdade de Direito e na Biblioteca do Campus Porto).<\/p>\n<p>A secretaria do PPGFIL funciona na sala 209 do CCHS, fazendo parte da Secretaria Compartilhada dos Programas de P\u00f3s-Gradua\u00e7\u00e3o <em>Stricto Sensu<\/em>, ou seja, junto com as secretarias do Programa de P\u00f3s-Gradua\u00e7\u00e3o em Ci\u00eancia Pol\u00edtica (PPGCPol) e do Programa de P\u00f3s-Gradua\u00e7\u00e3o em Sociologia (PPGS). Trata-se de uma sala equipada com micro-computadores, cadeiras, e demais acess\u00f3rios para tr\u00eas secret\u00e1rio(a)s, bem como para reuni\u00f5es com Coordenadore(a)s dos PPG&#8217;s.<\/p>\n<p>No caso de Congressos Internacionais, confer\u00eancias e outras atividades que re\u00fanam n\u00famero expressivo de participantes, o PPGFIL tamb\u00e9m conta com o apoio de outras unidades da UFPel, e realizada suas atividades em locais como o Audit\u00f3rio da Faculdade de Direito da UFPel, o pr\u00e9dio do Centro de Integra\u00e7\u00e3o do Mercosul e em outros pr\u00e9dios que pertencem ao patrim\u00f4nio hist\u00f3rico da cidade e da UFPel.<\/p>\n<p>Destaca-se, por fim, que os pr\u00e9dios do CCHS, CEHUS e parte do Centro de Artes da UFPel foram unificados com a inaugura\u00e7\u00e3o, em 12\/06\/2023, do &#8220;Largo do Bola&#8221;. Trata-se de um espa\u00e7o de lazer e de conviv\u00eancia entre discentes e docentes dos mais diversos Cursos e PPG&#8217;s da UFPel.<\/p>\n","protected":false},"excerpt":{"rendered":"<p>O Programa de P\u00f3s-Gradua\u00e7\u00e3o em Filosofia (PPGFIL) funciona, desde a sua cria\u00e7\u00e3o, no pr\u00e9dio do Campus das Ci\u00eancias Humanas e Sociais (CCHS), situado na Rua Alberto Rosa, n. 154, no qual est\u00e3o o Instituto de Filosofia, Sociologia, Pol\u00edtica e Rela\u00e7\u00f5es Internacionais (IFISP), a Faculdade de Educa\u00e7\u00e3o (FAE) e o Instituto de Ci\u00eancias Humanas (ICH). As [&hellip;]<\/p>\n","protected":false},"author":1247,"featured_media":0,"parent":0,"menu_order":0,"comment_status":"closed","ping_status":"closed","template":"","meta":{"jetpack_post_was_ever_published":false,"footnotes":""},"class_list":["post-2116","page","type-page","status-publish","hentry"],"jetpack_sharing_enabled":true,"_links":{"self":[{"href":"https:\/\/wp.ufpel.edu.br\/ppgfil\/wp-json\/wp\/v2\/pages\/2116","targetHints":{"allow":["GET"]}}],"collection":[{"href":"https:\/\/wp.ufpel.edu.br\/ppgfil\/wp-json\/wp\/v2\/pages"}],"about":[{"href":"https:\/\/wp.ufpel.edu.br\/ppgfil\/wp-json\/wp\/v2\/types\/page"}],"author":[{"embeddable":true,"href":"https:\/\/wp.ufpel.edu.br\/ppgfil\/wp-json\/wp\/v2\/users\/1247"}],"replies":[{"embeddable":true,"href":"https:\/\/wp.ufpel.edu.br\/ppgfil\/wp-json\/wp\/v2\/comments?post=2116"}],"version-history":[{"count":9,"href":"https:\/\/wp.ufpel.edu.br\/ppgfil\/wp-json\/wp\/v2\/pages\/2116\/revisions"}],"predecessor-version":[{"id":2268,"href":"https:\/\/wp.ufpel.edu.br\/ppgfil\/wp-json\/wp\/v2\/pages\/2116\/revisions\/2268"}],"wp:attachment":[{"href":"https:\/\/wp.ufpel.edu.br\/ppgfil\/wp-json\/wp\/v2\/media?parent=2116"}],"curies":[{"name":"wp","href":"https:\/\/api.w.org\/{rel}","templated":true}]}}