{"id":20,"date":"2016-02-23T16:44:18","date_gmt":"2016-02-23T19:44:18","guid":{"rendered":"https:\/\/wp.ufpel.edu.br\/ppgfil\/?page_id=20"},"modified":"2026-01-12T21:50:16","modified_gmt":"2026-01-13T00:50:16","slug":"linhas-de-pesquisa","status":"publish","type":"page","link":"https:\/\/wp.ufpel.edu.br\/ppgfil\/area-de-concentracao\/linhas-de-pesquisa\/","title":{"rendered":"Linhas de Pesquisa"},"content":{"rendered":"<p class=\"text\"><span style=\"font-size: 12pt;\"><strong><span class=\"titulo\">Concep\u00e7\u00f5es de Virtude<\/span><\/strong><\/span><br \/>\n<span style=\"font-size: 12pt;\">A linha de pesquisa Concep\u00e7\u00f5es de Virtude tem por objetivo estudar detalhadamente as teorias \u00e9ticas que apontam a virtude como crit\u00e9rio normativo para a a\u00e7\u00e3o na filosofia antiga, medieval, moderna e contempor\u00e2nea, bem como estabelecer um contraponto, sobretudo, com as teorias \u00e9ticas principialistas. Neste sentido, ser\u00e1 dada uma aten\u00e7\u00e3o especial \u00e0s concep\u00e7\u00f5es morais e \u00e0s concep\u00e7\u00f5es de virtude de Plat\u00e3o, Arist\u00f3teles, Epicuro, Est\u00f3icos, Agostinho, Bo\u00e9cio, Anselmo, Tom\u00e1s de Aquino, Kant, Mill, Ans<span class=\"text\">combe, Foot, Geach, MacIntyre, Hursthouse, Slote, Baier, Willians.<\/span><\/span><\/p>\n<p class=\"text\"><span style=\"font-size: 12pt;\"><strong><span class=\"titulo\">Orientadores:<\/span><\/strong><\/span><br \/>\n<span style=\"font-size: 12pt;\">Dr. Manoel Vasconcellos<\/span><br \/>\n<span style=\"font-size: 12pt;\">Dr. S\u00e9rgio Strefling<\/span><br \/>\n<span style=\"font-size: 12pt;\">&#8230;&#8230;&#8230;&#8230;&#8230;&#8230;&#8230;&#8230;&#8230;&#8230;&#8230;&#8230;&#8230;&#8230;&#8230;&#8230;&#8230;&#8230;&#8230;&#8230;&#8230;&#8230;&#8230;&#8230;&#8230;&#8230;&#8230;&#8230;&#8230;&#8230;&#8230;&#8230;&#8230;&#8230;&#8230;&#8230;&#8230;&#8230;&#8230;&#8230;&#8230;&#8230;&#8230;&#8230;&#8230;&#8230;<\/span><\/p>\n<p class=\"text\"><span class=\"titulo\" style=\"font-size: 12pt;\"><strong>Fundamenta\u00e7\u00e3o e Cr\u00edtica da Moral<\/strong><\/span><br \/>\n<span style=\"font-size: 12pt;\">Na linha de pesquisa Fundamenta\u00e7\u00e3o e Cr\u00edtica da Moral visa-se, num primeiro momento, analisar a fundamenta\u00e7\u00e3o da moral no pensamento moderno. A partir do projeto kantiano de fundamenta\u00e7\u00e3o de uma moral aut\u00f4noma, ser\u00e3o investigadas outras quest\u00f5es do pensamento \u00e9tico contempor\u00e2neo, voltadas \u00e0 fundamenta\u00e7\u00e3o racional de exig\u00eancias morais. Ser\u00e3o tamb\u00e9m objetos de estudo as cr\u00edticas \u00e0 fundamenta\u00e7\u00e3o kantiana da moral feitas por Schopenhauer e Nietzsche, assim como a posi\u00e7\u00e3o contratualista e o utilitarismo moral ingl\u00eas.<\/span><\/p>\n<p><span style=\"font-size: 12pt;\"><strong><span class=\"titulo\">Orientadores:<\/span><\/strong><\/span><br \/>\n<span style=\"font-size: 12pt;\">Dr. Clademir Araldi<\/span><br \/>\n<span style=\"font-size: 12pt;\">Dr. Lu\u00eds Rubira<\/span><br \/>\n<span style=\"font-size: 12pt;\">Dr. Nuno Castanheira<\/span><\/p>\n<p class=\"text\"><span style=\"font-size: 12pt;\">&#8230;&#8230;&#8230;&#8230;&#8230;&#8230;&#8230;&#8230;&#8230;&#8230;&#8230;&#8230;&#8230;&#8230;&#8230;&#8230;&#8230;&#8230;&#8230;&#8230;&#8230;&#8230;&#8230;&#8230;&#8230;&#8230;&#8230;&#8230;&#8230;&#8230;&#8230;&#8230;&#8230;&#8230;&#8230;&#8230;&#8230;&#8230;&#8230;&#8230;&#8230;&#8230;&#8230;&#8230;&#8230;&#8230;<\/span><\/p>\n<p><span style=\"font-size: 12pt;\"><strong><span class=\"titulo\">Direito, Sociedade e Estado<\/span><\/strong><\/span><br \/>\n<span style=\"font-size: 12pt;\">A linha de pesquisa Direito, Sociedade e Estado pretende ser um estudo circunstanciado de diversos temas, tais como a sociedade e suas estruturas, a evolu\u00e7\u00e3o hist\u00f3rica do direito, o papel do direito na legitima\u00e7\u00e3o do estado, o problema do ordenamento, bem como os conceitos de sistema e norma jur\u00eddica. N\u00e3o apenas isto, a tal linha de pesquisa pertencer\u00e3o as quest\u00f5es referentes ao direito natural, ao jusnaturalismo, ao historicismo, ao contratualismo, ao positivismo jur\u00eddico, assim como a sociologia jur\u00eddica e a l\u00f3gica\/ret\u00f3rica jur\u00eddicas. Tamb\u00e9m s\u00e3o quest\u00f5es relevantes para tal linha os seguintes t\u00f3picos: direito e dial\u00e9tica, facticidade e validade do direito, teorias do estado, sociedade e estado, o estado democr\u00e1tico de direito, sociedade e organiza\u00e7\u00e3o social, estado e domina\u00e7\u00e3o, cultura e sociedade, o direito e os limites do estado, tipos de estado, o estado moderno, o constitucionalismo na ordem jur\u00eddica moderna, o direito pol\u00edtico, a concep\u00e7\u00e3o jur\u00eddica de estado e, por fim, direito, sociedade, estado e a quest\u00e3o do poder.<\/span><\/p>\n<p class=\"text\"><span style=\"font-size: 12pt;\"><strong><span class=\"titulo\">Orientadores:<\/span><\/strong><\/span><br \/>\n<span style=\"font-size: 12pt;\">Dr. Jovino Pizzi<\/span><br \/>\n<span style=\"font-size: 12pt;\">Dr. Keberson Bresolin<\/span><\/p>\n<p class=\"text\"><span style=\"font-size: 12pt;\">&#8230;&#8230;&#8230;&#8230;&#8230;&#8230;&#8230;&#8230;&#8230;&#8230;&#8230;&#8230;&#8230;&#8230;&#8230;&#8230;&#8230;&#8230;&#8230;&#8230;&#8230;&#8230;&#8230;&#8230;&#8230;&#8230;&#8230;&#8230;&#8230;&#8230;&#8230;&#8230;&#8230;&#8230;&#8230;&#8230;&#8230;&#8230;&#8230;&#8230;&#8230;&#8230;&#8230;&#8230;&#8230;&#8230;<\/span><\/p>\n<p class=\"text\"><span style=\"font-size: 12pt;\"><strong>Epistemologia Moral:<\/strong><\/span><br \/>\n<span style=\"font-size: 12pt;\">A epistemologia moral est\u00e1 preocupada com nosso conhecimento moral, com a quest\u00e3o de sua justifica\u00e7\u00e3o (sobre se \u00e9 poss\u00edvel essa justifica\u00e7\u00e3o e sobre quais s\u00e3o os modelos justificacionais mais consistentes). Nesse sentido, s\u00e3o v\u00e1rias as teorias que se inserem na epistemologia moral, teorias que podem ser fundacionalistas, cognitivistas, n\u00e3o cognitivistas, coerentistas, intuicionistas, racionalistas, c\u00e9ticas, naturalistas, internalistas, externalistas, etc. Mas todas t\u00eam em comum o prop\u00f3sito de discutir a justificabilidade (sua possibilidade ou impossibilidade) de nossos ju\u00edzos morais cotidianos. Afinal, estamos frequentemente emitindo ju\u00edzos morais, os quais t\u00eam como base certas intui\u00e7\u00f5es sobre o que seria moralmente adequado fazer em uma certa ocasi\u00e3o. E a quest\u00e3o que a epistemologia moral nos coloca \u00e9: como justificar tais ju\u00edzos, especialmente em situa\u00e7\u00f5es concretas nas quais podem surgir diverg\u00eancias? N\u00e3o somente isso, ela pergunta pela possibilidade mesma dessa justifica\u00e7\u00e3o.<\/span><\/p>\n<p class=\"text\"><span style=\"font-size: 12pt;\"><strong>Orientadores:<\/strong><\/span><br \/>\n<span style=\"font-size: 12pt;\">Dr. Evandro Barbosa<\/span><br \/>\n<span style=\"font-size: 12pt;\">Dr. Juliano do Carmo<\/span><\/p>\n<p><span style=\"font-size: 12pt;\">&#8230;&#8230;&#8230;&#8230;&#8230;&#8230;&#8230;&#8230;&#8230;&#8230;&#8230;&#8230;&#8230;&#8230;&#8230;&#8230;&#8230;&#8230;&#8230;&#8230;&#8230;&#8230;&#8230;&#8230;&#8230;&#8230;&#8230;&#8230;&#8230;&#8230;&#8230;&#8230;&#8230;&#8230;&#8230;.<\/span>&#8230;&#8230;&#8230;&#8230;&#8230;&#8230;&#8230;&#8230;&#8230;&#8230;..<\/p>\n","protected":false},"excerpt":{"rendered":"<p>Concep\u00e7\u00f5es de Virtude A linha de pesquisa Concep\u00e7\u00f5es de Virtude tem por objetivo estudar detalhadamente as teorias \u00e9ticas que apontam a virtude como crit\u00e9rio normativo para a a\u00e7\u00e3o na filosofia antiga, medieval, moderna e contempor\u00e2nea, bem como estabelecer um contraponto, sobretudo, com as teorias \u00e9ticas principialistas. Neste sentido, ser\u00e1 dada uma aten\u00e7\u00e3o especial \u00e0s concep\u00e7\u00f5es [&hellip;]<\/p>\n","protected":false},"author":16,"featured_media":0,"parent":17,"menu_order":0,"comment_status":"closed","ping_status":"closed","template":"","meta":{"jetpack_post_was_ever_published":false,"footnotes":""},"class_list":["post-20","page","type-page","status-publish","hentry"],"jetpack_sharing_enabled":true,"_links":{"self":[{"href":"https:\/\/wp.ufpel.edu.br\/ppgfil\/wp-json\/wp\/v2\/pages\/20","targetHints":{"allow":["GET"]}}],"collection":[{"href":"https:\/\/wp.ufpel.edu.br\/ppgfil\/wp-json\/wp\/v2\/pages"}],"about":[{"href":"https:\/\/wp.ufpel.edu.br\/ppgfil\/wp-json\/wp\/v2\/types\/page"}],"author":[{"embeddable":true,"href":"https:\/\/wp.ufpel.edu.br\/ppgfil\/wp-json\/wp\/v2\/users\/16"}],"replies":[{"embeddable":true,"href":"https:\/\/wp.ufpel.edu.br\/ppgfil\/wp-json\/wp\/v2\/comments?post=20"}],"version-history":[{"count":3,"href":"https:\/\/wp.ufpel.edu.br\/ppgfil\/wp-json\/wp\/v2\/pages\/20\/revisions"}],"predecessor-version":[{"id":3560,"href":"https:\/\/wp.ufpel.edu.br\/ppgfil\/wp-json\/wp\/v2\/pages\/20\/revisions\/3560"}],"up":[{"embeddable":true,"href":"https:\/\/wp.ufpel.edu.br\/ppgfil\/wp-json\/wp\/v2\/pages\/17"}],"wp:attachment":[{"href":"https:\/\/wp.ufpel.edu.br\/ppgfil\/wp-json\/wp\/v2\/media?parent=20"}],"curies":[{"name":"wp","href":"https:\/\/api.w.org\/{rel}","templated":true}]}}