{"id":1992,"date":"2023-04-18T19:20:13","date_gmt":"2023-04-18T22:20:13","guid":{"rendered":"https:\/\/wp.ufpel.edu.br\/ppgfil\/?page_id=1992"},"modified":"2023-04-18T19:20:13","modified_gmt":"2023-04-18T22:20:13","slug":"ingresso","status":"publish","type":"page","link":"https:\/\/wp.ufpel.edu.br\/ppgfil\/ingresso\/","title":{"rendered":"INGRESSO"},"content":{"rendered":"<p>O ingresso nos cursos de Mestrado e Doutorado do Programa de P\u00f3s-Gradua\u00e7\u00e3o em Filosofia de UFPel\u00a0 \u00e9 anual atrav\u00e9s de edital de sele\u00e7\u00e3o divulgado a cada novo processo.<\/p>\n<h3 style=\"text-align: center;\"><a href=\"https:\/\/wp.ufpel.edu.br\/ppgfil\/editais\/\">Todos os editais est\u00e3o dispon\u00edveis aqui.<\/a><\/h3>\n","protected":false},"excerpt":{"rendered":"<p>O ingresso nos cursos de Mestrado e Doutorado do Programa de P\u00f3s-Gradua\u00e7\u00e3o em Filosofia de UFPel\u00a0 \u00e9 anual atrav\u00e9s de edital de sele\u00e7\u00e3o divulgado a cada novo processo. Todos os editais est\u00e3o dispon\u00edveis aqui.<\/p>\n","protected":false},"author":1247,"featured_media":0,"parent":0,"menu_order":0,"comment_status":"closed","ping_status":"closed","template":"","meta":{"jetpack_post_was_ever_published":false,"footnotes":""},"class_list":["post-1992","page","type-page","status-publish","hentry"],"jetpack_sharing_enabled":true,"_links":{"self":[{"href":"https:\/\/wp.ufpel.edu.br\/ppgfil\/wp-json\/wp\/v2\/pages\/1992","targetHints":{"allow":["GET"]}}],"collection":[{"href":"https:\/\/wp.ufpel.edu.br\/ppgfil\/wp-json\/wp\/v2\/pages"}],"about":[{"href":"https:\/\/wp.ufpel.edu.br\/ppgfil\/wp-json\/wp\/v2\/types\/page"}],"author":[{"embeddable":true,"href":"https:\/\/wp.ufpel.edu.br\/ppgfil\/wp-json\/wp\/v2\/users\/1247"}],"replies":[{"embeddable":true,"href":"https:\/\/wp.ufpel.edu.br\/ppgfil\/wp-json\/wp\/v2\/comments?post=1992"}],"version-history":[{"count":2,"href":"https:\/\/wp.ufpel.edu.br\/ppgfil\/wp-json\/wp\/v2\/pages\/1992\/revisions"}],"predecessor-version":[{"id":1994,"href":"https:\/\/wp.ufpel.edu.br\/ppgfil\/wp-json\/wp\/v2\/pages\/1992\/revisions\/1994"}],"wp:attachment":[{"href":"https:\/\/wp.ufpel.edu.br\/ppgfil\/wp-json\/wp\/v2\/media?parent=1992"}],"curies":[{"name":"wp","href":"https:\/\/api.w.org\/{rel}","templated":true}]}}