{"id":1982,"date":"2023-04-18T19:12:39","date_gmt":"2023-04-18T22:12:39","guid":{"rendered":"https:\/\/wp.ufpel.edu.br\/ppgfil\/?page_id=1982"},"modified":"2023-11-02T07:39:37","modified_gmt":"2023-11-02T10:39:37","slug":"disciplinas-optativas","status":"publish","type":"page","link":"https:\/\/wp.ufpel.edu.br\/ppgfil\/disciplinas-optativas\/","title":{"rendered":"DISCIPLINAS OPTATIVAS"},"content":{"rendered":"<p>A partir de Julho de 2019 (conforme Ata 006\/2019), as disciplinas do PPG em Filosofia da UFPel passaram a ser optativas, tendo como \u00fanica exce\u00e7\u00e3o obrigat\u00f3ria o &#8220;Semin\u00e1rio de Orienta\u00e7\u00e3o de Disserta\u00e7\u00e3o&#8221; e o &#8220;Semin\u00e1rio de Orienta\u00e7\u00e3o de Tese&#8221;. Para concluir o curso (de acordo com o que reza Regimento do PPGFIL-UFPel, de 09\/06\/2022, Se\u00e7\u00e3o III, &#8220;Da estrutura Curricular&#8221;) o(a) discente necessita realizar 20 (vinte) cr\u00e9ditos para o Mestrado, e 40 (quarenta) cr\u00e9ditos para o Doutorado. Para visualizar as disciplinas que comp\u00f5em a Estrutura Curricular do PPGFIL, basta acessar o Portal Institucional da UFPel, selecionar a op\u00e7\u00e3o &#8220;Doutorado&#8221; ou &#8220;Mestrado&#8221; e, em seguida, clicar em &#8220;Matriz Curricular&#8221;: <a href=\"https:\/\/institucional.ufpel.edu.br\/unidades\/id\/904\">https:\/\/institucional.ufpel.edu.br\/unidades\/id\/904<\/a><\/p>\n<p>&nbsp;<\/p>\n","protected":false},"excerpt":{"rendered":"<p>A partir de Julho de 2019 (conforme Ata 006\/2019), as disciplinas do PPG em Filosofia da UFPel passaram a ser optativas, tendo como \u00fanica exce\u00e7\u00e3o obrigat\u00f3ria o &#8220;Semin\u00e1rio de Orienta\u00e7\u00e3o de Disserta\u00e7\u00e3o&#8221; e o &#8220;Semin\u00e1rio de Orienta\u00e7\u00e3o de Tese&#8221;. Para concluir o curso (de acordo com o que reza Regimento do PPGFIL-UFPel, de 09\/06\/2022, Se\u00e7\u00e3o [&hellip;]<\/p>\n","protected":false},"author":1247,"featured_media":0,"parent":0,"menu_order":0,"comment_status":"closed","ping_status":"closed","template":"","meta":{"jetpack_post_was_ever_published":false,"footnotes":""},"class_list":["post-1982","page","type-page","status-publish","hentry"],"jetpack_sharing_enabled":true,"_links":{"self":[{"href":"https:\/\/wp.ufpel.edu.br\/ppgfil\/wp-json\/wp\/v2\/pages\/1982","targetHints":{"allow":["GET"]}}],"collection":[{"href":"https:\/\/wp.ufpel.edu.br\/ppgfil\/wp-json\/wp\/v2\/pages"}],"about":[{"href":"https:\/\/wp.ufpel.edu.br\/ppgfil\/wp-json\/wp\/v2\/types\/page"}],"author":[{"embeddable":true,"href":"https:\/\/wp.ufpel.edu.br\/ppgfil\/wp-json\/wp\/v2\/users\/1247"}],"replies":[{"embeddable":true,"href":"https:\/\/wp.ufpel.edu.br\/ppgfil\/wp-json\/wp\/v2\/comments?post=1982"}],"version-history":[{"count":9,"href":"https:\/\/wp.ufpel.edu.br\/ppgfil\/wp-json\/wp\/v2\/pages\/1982\/revisions"}],"predecessor-version":[{"id":2271,"href":"https:\/\/wp.ufpel.edu.br\/ppgfil\/wp-json\/wp\/v2\/pages\/1982\/revisions\/2271"}],"wp:attachment":[{"href":"https:\/\/wp.ufpel.edu.br\/ppgfil\/wp-json\/wp\/v2\/media?parent=1982"}],"curies":[{"name":"wp","href":"https:\/\/api.w.org\/{rel}","templated":true}]}}