{"id":1958,"date":"2023-04-18T18:29:41","date_gmt":"2023-04-18T21:29:41","guid":{"rendered":"https:\/\/wp.ufpel.edu.br\/ppgfil\/?page_id=1958"},"modified":"2023-10-18T15:54:26","modified_gmt":"2023-10-18T18:54:26","slug":"planejamento-estrategico","status":"publish","type":"page","link":"https:\/\/wp.ufpel.edu.br\/ppgfil\/planejamento-estrategico\/","title":{"rendered":"Planejamento Estrat\u00e9gico"},"content":{"rendered":"<p>O Planejamento Estrat\u00e9gico do Programa de P\u00f3s-Gradua\u00e7\u00e3o em Filosofia da UFPel, correspondente ao per\u00edodo 2023-2024, pode ser acessado aqui: <a href=\"https:\/\/wp.ufpel.edu.br\/ppgfil\/files\/2023\/10\/PEP-PPGFIL-2023-24_Versao-final.pdf\">PEP PPGFIL 2023-24<\/a><\/p>\n","protected":false},"excerpt":{"rendered":"<p>O Planejamento Estrat\u00e9gico do Programa de P\u00f3s-Gradua\u00e7\u00e3o em Filosofia da UFPel, correspondente ao per\u00edodo 2023-2024, pode ser acessado aqui: PEP PPGFIL 2023-24<\/p>\n","protected":false},"author":1247,"featured_media":0,"parent":0,"menu_order":0,"comment_status":"closed","ping_status":"closed","template":"","meta":{"jetpack_post_was_ever_published":false,"footnotes":""},"class_list":["post-1958","page","type-page","status-publish","hentry"],"jetpack_sharing_enabled":true,"_links":{"self":[{"href":"https:\/\/wp.ufpel.edu.br\/ppgfil\/wp-json\/wp\/v2\/pages\/1958","targetHints":{"allow":["GET"]}}],"collection":[{"href":"https:\/\/wp.ufpel.edu.br\/ppgfil\/wp-json\/wp\/v2\/pages"}],"about":[{"href":"https:\/\/wp.ufpel.edu.br\/ppgfil\/wp-json\/wp\/v2\/types\/page"}],"author":[{"embeddable":true,"href":"https:\/\/wp.ufpel.edu.br\/ppgfil\/wp-json\/wp\/v2\/users\/1247"}],"replies":[{"embeddable":true,"href":"https:\/\/wp.ufpel.edu.br\/ppgfil\/wp-json\/wp\/v2\/comments?post=1958"}],"version-history":[{"count":4,"href":"https:\/\/wp.ufpel.edu.br\/ppgfil\/wp-json\/wp\/v2\/pages\/1958\/revisions"}],"predecessor-version":[{"id":2214,"href":"https:\/\/wp.ufpel.edu.br\/ppgfil\/wp-json\/wp\/v2\/pages\/1958\/revisions\/2214"}],"wp:attachment":[{"href":"https:\/\/wp.ufpel.edu.br\/ppgfil\/wp-json\/wp\/v2\/media?parent=1958"}],"curies":[{"name":"wp","href":"https:\/\/api.w.org\/{rel}","templated":true}]}}