{"id":17,"date":"2016-02-23T16:42:13","date_gmt":"2016-02-23T19:42:13","guid":{"rendered":"https:\/\/wp.ufpel.edu.br\/ppgfil\/?page_id=17"},"modified":"2025-03-17T14:54:48","modified_gmt":"2025-03-17T17:54:48","slug":"area-de-concentracao","status":"publish","type":"page","link":"https:\/\/wp.ufpel.edu.br\/ppgfil\/area-de-concentracao\/","title":{"rendered":"\u00c1rea de Concentra\u00e7\u00e3o"},"content":{"rendered":"<p style=\"text-align: center;\"><strong>\u00c1REA DE CONCENTRA\u00c7\u00c3O<\/strong><\/p>\n<p><strong><span class=\"titulo\">\u00c9TICA E FILOSOFIA POL\u00cdTICA<\/span><\/strong><\/p>\n<p>O Programa de P\u00f3s-Gradua\u00e7\u00e3o em Filosofia da Universidade Federal de Pelotas, \u00e1rea de \u00c9tica e Filosofia Pol\u00edtica, concentra-se em temas fulcrais do pensamento \u00e9tico e pol\u00edtico, abarcando-os em todos os per\u00edodos da hist\u00f3ria da filosofia. Nesse sentido est\u00e3o contemplados, no presente Programa, temas caros \u00e0 filosofia antiga e medieval, tais como as concep\u00e7\u00f5es de virtude e as concep\u00e7\u00f5es de \u00e9tica e justi\u00e7a nos autores mais significativos desses per\u00edodos (autores que ainda contribuem para uma reflex\u00e3o acerca desses mesmos temas). No contexto da modernidade, s\u00e3o contemplados os principais temas e correntes no tocante \u00e0s quest\u00f5es mais relevantes da \u00e9tica e da filosofia pol\u00edtica, tais como as quest\u00f5es concernentes \u00e0 fundamenta\u00e7\u00e3o e \u00e0 cr\u00edtica da moral engendradas pela pr\u00f3pria modernidade. No \u00e2mbito da discuss\u00e3o contempor\u00e2nea, o Programa em sua \u00e1rea de \u00c9tica e Filosofia Pol\u00edtica pretende representar, a partir de um estudo da tradi\u00e7\u00e3o filos\u00f3fica, uma reflex\u00e3o sobre quest\u00f5es \u00e9ticas tanto do ponto de vista individual (tais quais as concep\u00e7\u00f5es de virtude, a fundamenta\u00e7\u00e3o e a cr\u00edtica da moral, entre outras quest\u00f5es essenciais da tradi\u00e7\u00e3o) quanto do ponto de vista social, notadamente no plano do Direito e da Pol\u00edtica. Nesse sentido, tal Programa \u00e9 conduzido pela ideia consoante a qual as reflex\u00f5es de jaez \u00e9tico, al\u00e9m de seu valor <em>per se<\/em>, t\u00eam uma forte aplica\u00e7\u00e3o no \u00e2mbito social em suas mais diversas varia\u00e7\u00f5es, o que \u00e9 evidenciado pelo estudo das teorias contempor\u00e2neas da justi\u00e7a.<\/p>\n","protected":false},"excerpt":{"rendered":"<p>\u00c1REA DE CONCENTRA\u00c7\u00c3O \u00c9TICA E FILOSOFIA POL\u00cdTICA O Programa de P\u00f3s-Gradua\u00e7\u00e3o em Filosofia da Universidade Federal de Pelotas, \u00e1rea de \u00c9tica e Filosofia Pol\u00edtica, concentra-se em temas fulcrais do pensamento \u00e9tico e pol\u00edtico, abarcando-os em todos os per\u00edodos da hist\u00f3ria da filosofia. Nesse sentido est\u00e3o contemplados, no presente Programa, temas caros \u00e0 filosofia antiga e [&hellip;]<\/p>\n","protected":false},"author":16,"featured_media":0,"parent":0,"menu_order":0,"comment_status":"closed","ping_status":"closed","template":"","meta":{"jetpack_post_was_ever_published":false,"footnotes":""},"class_list":["post-17","page","type-page","status-publish","hentry"],"jetpack_sharing_enabled":true,"_links":{"self":[{"href":"https:\/\/wp.ufpel.edu.br\/ppgfil\/wp-json\/wp\/v2\/pages\/17","targetHints":{"allow":["GET"]}}],"collection":[{"href":"https:\/\/wp.ufpel.edu.br\/ppgfil\/wp-json\/wp\/v2\/pages"}],"about":[{"href":"https:\/\/wp.ufpel.edu.br\/ppgfil\/wp-json\/wp\/v2\/types\/page"}],"author":[{"embeddable":true,"href":"https:\/\/wp.ufpel.edu.br\/ppgfil\/wp-json\/wp\/v2\/users\/16"}],"replies":[{"embeddable":true,"href":"https:\/\/wp.ufpel.edu.br\/ppgfil\/wp-json\/wp\/v2\/comments?post=17"}],"version-history":[{"count":7,"href":"https:\/\/wp.ufpel.edu.br\/ppgfil\/wp-json\/wp\/v2\/pages\/17\/revisions"}],"predecessor-version":[{"id":2964,"href":"https:\/\/wp.ufpel.edu.br\/ppgfil\/wp-json\/wp\/v2\/pages\/17\/revisions\/2964"}],"wp:attachment":[{"href":"https:\/\/wp.ufpel.edu.br\/ppgfil\/wp-json\/wp\/v2\/media?parent=17"}],"curies":[{"name":"wp","href":"https:\/\/api.w.org\/{rel}","templated":true}]}}