{"id":1452,"date":"2022-03-02T16:36:35","date_gmt":"2022-03-02T19:36:35","guid":{"rendered":"https:\/\/wp.ufpel.edu.br\/ppgfil\/?page_id=1452"},"modified":"2024-07-30T21:09:30","modified_gmt":"2024-07-31T00:09:30","slug":"bolsas","status":"publish","type":"page","link":"https:\/\/wp.ufpel.edu.br\/ppgfil\/bolsas\/","title":{"rendered":"Bolsas"},"content":{"rendered":"<p>O PPG Filosofia disp\u00f5e de cotas de bolsas de Mestrado e de Doutorado.<\/p>\n<p>Crit\u00e9rios para a concess\u00e3o e manuten\u00e7\u00e3o de Bolsas, conferir no link abaixo:<\/p>\n<p><a href=\"https:\/\/wp.ufpel.edu.br\/ppgfil\/files\/2024\/07\/2024-Criterios-para-Concessao-e-Manutencao-de-Bolsas-do-PPGFIL.pdf\">2024 Crit\u00e9rios para Concess\u00e3o e Manuten\u00e7\u00e3o de Bolsas do PPGFIL<\/a><\/p>\n","protected":false},"excerpt":{"rendered":"<p>O PPG Filosofia disp\u00f5e de cotas de bolsas de Mestrado e de Doutorado. Crit\u00e9rios para a concess\u00e3o e manuten\u00e7\u00e3o de Bolsas, conferir no link abaixo: 2024 Crit\u00e9rios para Concess\u00e3o e Manuten\u00e7\u00e3o de Bolsas do PPGFIL<\/p>\n","protected":false},"author":16,"featured_media":0,"parent":0,"menu_order":0,"comment_status":"closed","ping_status":"closed","template":"","meta":{"jetpack_post_was_ever_published":false,"footnotes":""},"class_list":["post-1452","page","type-page","status-publish","hentry"],"jetpack_sharing_enabled":true,"_links":{"self":[{"href":"https:\/\/wp.ufpel.edu.br\/ppgfil\/wp-json\/wp\/v2\/pages\/1452","targetHints":{"allow":["GET"]}}],"collection":[{"href":"https:\/\/wp.ufpel.edu.br\/ppgfil\/wp-json\/wp\/v2\/pages"}],"about":[{"href":"https:\/\/wp.ufpel.edu.br\/ppgfil\/wp-json\/wp\/v2\/types\/page"}],"author":[{"embeddable":true,"href":"https:\/\/wp.ufpel.edu.br\/ppgfil\/wp-json\/wp\/v2\/users\/16"}],"replies":[{"embeddable":true,"href":"https:\/\/wp.ufpel.edu.br\/ppgfil\/wp-json\/wp\/v2\/comments?post=1452"}],"version-history":[{"count":4,"href":"https:\/\/wp.ufpel.edu.br\/ppgfil\/wp-json\/wp\/v2\/pages\/1452\/revisions"}],"predecessor-version":[{"id":2596,"href":"https:\/\/wp.ufpel.edu.br\/ppgfil\/wp-json\/wp\/v2\/pages\/1452\/revisions\/2596"}],"wp:attachment":[{"href":"https:\/\/wp.ufpel.edu.br\/ppgfil\/wp-json\/wp\/v2\/media?parent=1452"}],"curies":[{"name":"wp","href":"https:\/\/api.w.org\/{rel}","templated":true}]}}