{"id":10,"date":"2016-02-23T16:39:36","date_gmt":"2016-02-23T19:39:36","guid":{"rendered":"https:\/\/wp.ufpel.edu.br\/ppgfil\/?page_id=10"},"modified":"2025-03-19T08:37:38","modified_gmt":"2025-03-19T11:37:38","slug":"apresentacao","status":"publish","type":"page","link":"https:\/\/wp.ufpel.edu.br\/ppgfil\/apresentacao\/","title":{"rendered":"Apresenta\u00e7\u00e3o"},"content":{"rendered":"<p><span style=\"font-weight: 400;\">O Programa de P\u00f3s-Gradua\u00e7\u00e3o <em>stricto sensu<\/em> em Filosofia da Universidade Federal de Pelotas est\u00e1 alicer\u00e7ado na hist\u00f3ria institucional de seu Departamento de Filosofia. Desde sua cria\u00e7\u00e3o em 24\/08\/1984, a UFPel mant\u00e9m um curso de Gradua\u00e7\u00e3o em Filosofia, em n\u00edvel de Licenciatura (em 2005 houve a implementa\u00e7\u00e3o de um Bacharelado, e no ano de 2014 a cria\u00e7\u00e3o de um Curso de Licenciatura em Filosofia EAD). <\/span><\/p>\n<p><span style=\"font-weight: 400;\">No segundo semestre de 1997 surgiu a P\u00f3s-Gradua\u00e7\u00e3o <em>lato sensu<\/em> com o curso de Especializa\u00e7\u00e3o em Filosofia Moral e Pol\u00edtica. O curso de P\u00f3s-Gradua\u00e7\u00e3o em n\u00edvel de Mestrado foi criado no ano de 2007 com vistas a atender a uma demanda importante dos anseios da regi\u00e3o sul do Rio Grande do Sul, bem como do Uruguai, raz\u00e3o pela qual o Programa manteve interc\u00e2mbios com a Universidad Cat\u00f3lica del Uruguay (UCU) e com a Universidad de la Rep\u00fablica (UDELAR). Al\u00e9m desses, tamb\u00e9m foi firmado um acordo de coopera\u00e7\u00e3o com a Universidade Federal de Santa Catarina (UFSC), que j\u00e1 possu\u00eda um Programa de P\u00f3s-Gradua\u00e7\u00e3o consolidado.<\/span><\/p>\n<p><span style=\"font-weight: 400;\">A cria\u00e7\u00e3o do Mestrado em Filosofia, com sua primeira turma a partir de mar\u00e7o de 2008, objetivou solidificar, em n\u00edvel de ensino, as atividades de pesquisa realizadas por seu corpo docente, visando ser um ponto de refer\u00eancia nas investiga\u00e7\u00f5es a respeito de quest\u00f5es relevantes de filosofia moral e pol\u00edtica. Em sua primeira avalia\u00e7\u00e3o efetiva, o Programa recebeu conceito 4 da Coordena\u00e7\u00e3o de Aperfei\u00e7oamento de Pessoal de N\u00edvel Superior (CAPES). No ano de 2013 houve a reativa\u00e7\u00e3o do Curso de Especializa\u00e7\u00e3o em Filosofia, e em 2014 (quando o Departamento comemorava seus trinta anos de exist\u00eancia) foi aprovado o Doutorado em Filosofia da UFPel pelo Conselho Cient\u00edfico da CAPES, sendo que suas atividades iniciaram em agosto de 2015. No segundo semestre de 2017 houve a cria\u00e7\u00e3o e o reconhecimento do Curso de Especializa\u00e7\u00e3o em Ensino de Filosofia EAD. Atendendo a uma demanda crescente, o PPGFIL-UFPel tamb\u00e9m implementou, em outubro de 2021, o seu Curso de P\u00f3s-Doutorado em Filosofia.<\/span><\/p>\n<p><span style=\"font-weight: 400;\">O Programa conta, atualmente, com 11 professores em seu quadro docente permanente, al\u00e9m de 02 professores colaboradores e 01 professor visitante, todos com atividades de ensino, pesquisa e extens\u00e3o voltadas para a \u00e1rea de concentra\u00e7\u00e3o e as linhas de pesquisa do curso.<\/span><\/p>\n<p style=\"text-align: justify;\"><span style=\"font-weight: 400;\">O Programa est\u00e1 articulado em uma grande \u00e1rea de concentra\u00e7\u00e3o<\/span><i><span style=\"font-weight: 400;\">, \u00c9tica e Filosofia Pol\u00edtica<\/span><\/i><span style=\"font-weight: 400;\">,<\/span> <span style=\"font-weight: 400;\">com quatro linhas de pesquisa:<\/span><i><span style=\"font-weight: 400;\">\u00a0Concep\u00e7\u00f5es de Virtude<\/span><\/i><span style=\"font-weight: 400;\">;<\/span><i><span style=\"font-weight: 400;\">\u00a0Fundamenta\u00e7\u00e3o e Cr\u00edtica da Moral<\/span><\/i><span style=\"font-weight: 400;\">;<\/span><i><span style=\"font-weight: 400;\">\u00a0Direito, Sociedade e Estado<\/span><\/i><span style=\"font-weight: 400;\">;<\/span><i><span style=\"font-weight: 400;\">\u00a0<\/span><\/i><span style=\"font-weight: 400;\">e<\/span><i><span style=\"font-weight: 400;\">\u00a0Epistemologia Moral.\u00a0<\/span><\/i><span style=\"font-weight: 400;\">O Programa conta tamb\u00e9m com a publica\u00e7\u00e3o da <\/span><i><span style=\"font-weight: 400;\">Revista Dissertatio<\/span><\/i><span style=\"font-weight: 400;\">, fundada em 1995 (indexada no CLASE, com conceito A2 pelo Qualis\/Capes), com a revista <em>Seara Filos\u00f3fica<\/em>, editada pelos discentes do PPGFIL a partir de 2009 (classificada no Qualis\/Capes com B1), bem como, a partir de 2014, com as Cole\u00e7\u00f5es <\/span><i><span style=\"font-weight: 400;\">Dissertatio Filosofia, Dissertatio Studia<\/span><\/i><span style=\"font-weight: 400;\"> e <\/span><i><span style=\"font-weight: 400;\">Dissertatio Incipiens<\/span><\/i><span style=\"font-weight: 400;\">.<\/span><\/p>\n","protected":false},"excerpt":{"rendered":"<p>O Programa de P\u00f3s-Gradua\u00e7\u00e3o stricto sensu em Filosofia da Universidade Federal de Pelotas est\u00e1 alicer\u00e7ado na hist\u00f3ria institucional de seu Departamento de Filosofia. Desde sua cria\u00e7\u00e3o em 24\/08\/1984, a UFPel mant\u00e9m um curso de Gradua\u00e7\u00e3o em Filosofia, em n\u00edvel de Licenciatura (em 2005 houve a implementa\u00e7\u00e3o de um Bacharelado, e no ano de 2014 a [&hellip;]<\/p>\n","protected":false},"author":16,"featured_media":0,"parent":0,"menu_order":0,"comment_status":"closed","ping_status":"closed","template":"","meta":{"jetpack_post_was_ever_published":false,"footnotes":""},"class_list":["post-10","page","type-page","status-publish","hentry"],"jetpack_sharing_enabled":true,"_links":{"self":[{"href":"https:\/\/wp.ufpel.edu.br\/ppgfil\/wp-json\/wp\/v2\/pages\/10","targetHints":{"allow":["GET"]}}],"collection":[{"href":"https:\/\/wp.ufpel.edu.br\/ppgfil\/wp-json\/wp\/v2\/pages"}],"about":[{"href":"https:\/\/wp.ufpel.edu.br\/ppgfil\/wp-json\/wp\/v2\/types\/page"}],"author":[{"embeddable":true,"href":"https:\/\/wp.ufpel.edu.br\/ppgfil\/wp-json\/wp\/v2\/users\/16"}],"replies":[{"embeddable":true,"href":"https:\/\/wp.ufpel.edu.br\/ppgfil\/wp-json\/wp\/v2\/comments?post=10"}],"version-history":[{"count":15,"href":"https:\/\/wp.ufpel.edu.br\/ppgfil\/wp-json\/wp\/v2\/pages\/10\/revisions"}],"predecessor-version":[{"id":2969,"href":"https:\/\/wp.ufpel.edu.br\/ppgfil\/wp-json\/wp\/v2\/pages\/10\/revisions\/2969"}],"wp:attachment":[{"href":"https:\/\/wp.ufpel.edu.br\/ppgfil\/wp-json\/wp\/v2\/media?parent=10"}],"curies":[{"name":"wp","href":"https:\/\/api.w.org\/{rel}","templated":true}]}}