{"id":93,"date":"2014-11-05T09:33:54","date_gmt":"2014-11-05T11:33:54","guid":{"rendered":"https:\/\/wp.ufpel.edu.br\/ppgeo\/?page_id=93"},"modified":"2026-01-20T15:54:01","modified_gmt":"2026-01-20T18:54:01","slug":"historico","status":"publish","type":"page","link":"https:\/\/wp.ufpel.edu.br\/ppgeo\/programa\/historico\/","title":{"rendered":"Hist\u00f3rico"},"content":{"rendered":"<p>O hist\u00f3rico de cria\u00e7\u00e3o do PPGeo est\u00e1 diretamente relacionado \u00e0s transforma\u00e7\u00f5es vivenciadas pelos cursos de Gradua\u00e7\u00e3o em Geografia da UFPel.<\/p>\n<p>A partir do segundo semestre de 2007, apoiado pelas pol\u00edticas p\u00fablicas de cria\u00e7\u00e3o de novos cursos e de expans\u00e3o do ensino superior no Brasil, o Departamento de Geografia, que possu\u00eda apenas o curso de Licenciatura em Geografia, criou um novo curso de gradua\u00e7\u00e3o:\u00a0o\u00a0Bacharelado em Geografia. Para atender \u00e0s demandas deste novo novo curso, houve o ingresso\u00a0de sete novos professores no Departamento de Geografia, todos portadores de t\u00edtulo de Doutorado. Assim,\u00a0reuniram-se as condi\u00e7\u00f5es necess\u00e1rias para o in\u00edcio da discuss\u00e3o de um curso de p\u00f3s-gradua\u00e7\u00e3o em Geografia em n\u00edvel de Mestrado.<\/p>\n<p>As discuss\u00f5es sobre a cria\u00e7\u00e3o do Mestrado em Geografia se deram ao longo dos anos de 2010 e 2011, quando foi formatada a proposta apresentada \u00e0 CAPES. A proposta de cria\u00e7\u00e3o do PPGeo\u00a0passou por alguns ajustes, tendo sido posteriormente aprovada, e o curso recebeu a sua portaria de funcionamento em 11 de abril de 2012. O primeiro processo seletivo foi realizado no in\u00edcio do segundo semestre de 2012, e desde ent\u00e3o, o PPGeo vem realizando sele\u00e7\u00f5es anuais para ingresso de novos alunos.<\/p>\n<p>De 14 a 18 de outubro de 2024, durante a 233\u00aa Reuni\u00e3o Ordin\u00e1ria do Conselho T\u00e9cnico-Cient\u00edfico da Educa\u00e7\u00e3o Superior (CTC-ES) da CAPES, a proposta de cria\u00e7\u00e3o do Doutorado em Geografia foi aprovada. A cria\u00e7\u00e3o do curso de Doutorado em Geografia no PPGeo UFPel representa uma conquista hist\u00f3rica e \u00e9 fruto de um esfor\u00e7o coletivo cont\u00ednuo iniciado h\u00e1 12 anos, com a implementa\u00e7\u00e3o do Mestrado. Desde ent\u00e3o, cada coordena\u00e7\u00e3o que liderou o programa trabalhou incansavelmente para aprimorar a qualidade acad\u00eamica e estrutural, sempre com o objetivo final de obter a aprova\u00e7\u00e3o do Doutorado. A primeira turma que ingressou no curso ocorreu no segundo semestre de 2025.<\/p>\n","protected":false},"excerpt":{"rendered":"<p>O hist\u00f3rico de cria\u00e7\u00e3o do PPGeo est\u00e1 diretamente relacionado \u00e0s transforma\u00e7\u00f5es vivenciadas pelos cursos de Gradua\u00e7\u00e3o em Geografia da UFPel. A partir do segundo semestre de 2007, apoiado pelas pol\u00edticas p\u00fablicas de cria\u00e7\u00e3o de novos cursos e de expans\u00e3o do ensino superior no Brasil, o Departamento de Geografia, que possu\u00eda apenas o curso de Licenciatura [&hellip;]<\/p>\n","protected":false},"author":202,"featured_media":0,"parent":62,"menu_order":1,"comment_status":"closed","ping_status":"closed","template":"","meta":{"footnotes":""},"class_list":["post-93","page","type-page","status-publish","hentry"],"jetpack_sharing_enabled":true,"_links":{"self":[{"href":"https:\/\/wp.ufpel.edu.br\/ppgeo\/wp-json\/wp\/v2\/pages\/93","targetHints":{"allow":["GET"]}}],"collection":[{"href":"https:\/\/wp.ufpel.edu.br\/ppgeo\/wp-json\/wp\/v2\/pages"}],"about":[{"href":"https:\/\/wp.ufpel.edu.br\/ppgeo\/wp-json\/wp\/v2\/types\/page"}],"author":[{"embeddable":true,"href":"https:\/\/wp.ufpel.edu.br\/ppgeo\/wp-json\/wp\/v2\/users\/202"}],"replies":[{"embeddable":true,"href":"https:\/\/wp.ufpel.edu.br\/ppgeo\/wp-json\/wp\/v2\/comments?post=93"}],"version-history":[{"count":3,"href":"https:\/\/wp.ufpel.edu.br\/ppgeo\/wp-json\/wp\/v2\/pages\/93\/revisions"}],"predecessor-version":[{"id":3533,"href":"https:\/\/wp.ufpel.edu.br\/ppgeo\/wp-json\/wp\/v2\/pages\/93\/revisions\/3533"}],"up":[{"embeddable":true,"href":"https:\/\/wp.ufpel.edu.br\/ppgeo\/wp-json\/wp\/v2\/pages\/62"}],"wp:attachment":[{"href":"https:\/\/wp.ufpel.edu.br\/ppgeo\/wp-json\/wp\/v2\/media?parent=93"}],"curies":[{"name":"wp","href":"https:\/\/api.w.org\/{rel}","templated":true}]}}