{"id":84,"date":"2014-11-05T09:22:47","date_gmt":"2014-11-05T11:22:47","guid":{"rendered":"https:\/\/wp.ufpel.edu.br\/ppgeo\/?page_id=84"},"modified":"2026-01-20T15:27:30","modified_gmt":"2026-01-20T18:27:30","slug":"2012-2","status":"publish","type":"page","link":"https:\/\/wp.ufpel.edu.br\/ppgeo\/discentes\/2012-2\/","title":{"rendered":"2012"},"content":{"rendered":"<p>Andler Kimura Pinto &#8211; <a href=\"http:\/\/lattes.cnpq.br\/8010572511146346\">Lattes<\/a><\/p>\n<p>Jos\u00e9 \u00c1lvaro Quincozes Martins &#8211; <a href=\"http:\/\/lattes.cnpq.br\/0504419852003519\">Lattes<\/a><\/p>\n<p>J\u00falia Vict\u00f3ria Casalinho &#8211; <a href=\"http:\/\/lattes.cnpq.br\/2505989952006381\">Lattes<\/a><\/p>\n<p>N\u00e1dia Pereira Silveira &#8211; <a href=\"http:\/\/lattes.cnpq.br\/1463607781767706\">Lattes<\/a><\/p>\n<p>Sibeli Fernandes &#8211; <a href=\"http:\/\/lattes.cnpq.br\/4152073063655722\">Lattes<\/a><\/p>\n<p>Tamara Felipim &#8211; <a href=\"http:\/\/lattes.cnpq.br\/3669878827528612\">Lattes<\/a><\/p>\n<p>Val\u00e9ria Medeiros Pires &#8211; <a href=\"http:\/\/lattes.cnpq.br\/6859305098087187\">Lattes<\/a><\/p>\n","protected":false},"excerpt":{"rendered":"<p>Andler Kimura Pinto &#8211; Lattes Jos\u00e9 \u00c1lvaro Quincozes Martins &#8211; Lattes J\u00falia Vict\u00f3ria Casalinho &#8211; Lattes N\u00e1dia Pereira Silveira &#8211; Lattes Sibeli Fernandes &#8211; Lattes Tamara Felipim &#8211; Lattes Val\u00e9ria Medeiros Pires &#8211; Lattes<\/p>\n","protected":false},"author":202,"featured_media":0,"parent":23,"menu_order":14,"comment_status":"closed","ping_status":"closed","template":"","meta":{"footnotes":""},"class_list":["post-84","page","type-page","status-publish","hentry"],"jetpack_sharing_enabled":true,"_links":{"self":[{"href":"https:\/\/wp.ufpel.edu.br\/ppgeo\/wp-json\/wp\/v2\/pages\/84","targetHints":{"allow":["GET"]}}],"collection":[{"href":"https:\/\/wp.ufpel.edu.br\/ppgeo\/wp-json\/wp\/v2\/pages"}],"about":[{"href":"https:\/\/wp.ufpel.edu.br\/ppgeo\/wp-json\/wp\/v2\/types\/page"}],"author":[{"embeddable":true,"href":"https:\/\/wp.ufpel.edu.br\/ppgeo\/wp-json\/wp\/v2\/users\/202"}],"replies":[{"embeddable":true,"href":"https:\/\/wp.ufpel.edu.br\/ppgeo\/wp-json\/wp\/v2\/comments?post=84"}],"version-history":[{"count":5,"href":"https:\/\/wp.ufpel.edu.br\/ppgeo\/wp-json\/wp\/v2\/pages\/84\/revisions"}],"predecessor-version":[{"id":204,"href":"https:\/\/wp.ufpel.edu.br\/ppgeo\/wp-json\/wp\/v2\/pages\/84\/revisions\/204"}],"up":[{"embeddable":true,"href":"https:\/\/wp.ufpel.edu.br\/ppgeo\/wp-json\/wp\/v2\/pages\/23"}],"wp:attachment":[{"href":"https:\/\/wp.ufpel.edu.br\/ppgeo\/wp-json\/wp\/v2\/media?parent=84"}],"curies":[{"name":"wp","href":"https:\/\/api.w.org\/{rel}","templated":true}]}}