{"id":794,"date":"2016-03-28T15:03:40","date_gmt":"2016-03-28T18:03:40","guid":{"rendered":"https:\/\/wp.ufpel.edu.br\/ppgeo\/?page_id=794"},"modified":"2026-01-20T15:25:42","modified_gmt":"2026-01-20T18:25:42","slug":"2016-2","status":"publish","type":"page","link":"https:\/\/wp.ufpel.edu.br\/ppgeo\/discentes\/2016-2\/","title":{"rendered":"2016"},"content":{"rendered":"<p>Alex Sandro Amaral Pereira &#8211; <a href=\"http:\/\/lattes.cnpq.br\/1654338825170144\">Lattes<\/a><\/p>\n<p>Bruna Mendes da Rosa &#8211; <a href=\"http:\/\/lattes.cnpq.br\/7186161949408994\">Lattes<\/a><\/p>\n<p>Camila Paula de Souza &#8211; <a href=\"http:\/\/lattes.cnpq.br\/8028866539364394\">Lattes<\/a><\/p>\n<p>Daniele Prates Macedo &#8211; <a href=\"http:\/\/lattes.cnpq.br\/8590831067889499\">Lattes<\/a><\/p>\n<p>Igor Armindo Rockenbach &#8211; <a href=\"http:\/\/lattes.cnpq.br\/5612814241697790\">Lattes<\/a><\/p>\n<p>Juliandersson Vict\u00f3ria Alexandre &#8211; <a href=\"http:\/\/lattes.cnpq.br\/5105158656480222\">Lattes<\/a><\/p>\n<p>Kainan Rodrigues dos Santos &#8211; <a href=\"http:\/\/lattes.cnpq.br\/4582048450243155\">Lattes<\/a><\/p>\n<p>Let\u00edcia Fonseca da Silva &#8211; <a href=\"http:\/\/lattes.cnpq.br\/9755940593576925\">Lattes<\/a><\/p>\n<p>Maur\u00edcio Mendes Von Ahn &#8211; <a href=\"http:\/\/lattes.cnpq.br\/6786074629426102\">Lattes<\/a><\/p>\n<p>Raissa Brum Gon\u00e7alves de \u00c1vila &#8211; <a href=\"http:\/\/lattes.cnpq.br\/0935384199606524\">Lattes<\/a><\/p>\n<p>Rodrigo de Oliveira Siqueira &#8211; <a href=\"http:\/\/lattes.cnpq.br\/9581506558879912\">Lattes<\/a><\/p>\n<p>Viviane Spiering &#8211; <a href=\"http:\/\/lattes.cnpq.br\/4620252309958360\">Lattes<\/a><\/p>\n","protected":false},"excerpt":{"rendered":"<p>Alex Sandro Amaral Pereira &#8211; Lattes Bruna Mendes da Rosa &#8211; Lattes Camila Paula de Souza &#8211; Lattes Daniele Prates Macedo &#8211; Lattes Igor Armindo Rockenbach &#8211; Lattes Juliandersson Vict\u00f3ria Alexandre &#8211; Lattes Kainan Rodrigues dos Santos &#8211; Lattes Let\u00edcia Fonseca da Silva &#8211; Lattes Maur\u00edcio Mendes Von Ahn &#8211; Lattes Raissa Brum Gon\u00e7alves de [&hellip;]<\/p>\n","protected":false},"author":202,"featured_media":0,"parent":23,"menu_order":10,"comment_status":"closed","ping_status":"closed","template":"","meta":{"footnotes":""},"class_list":["post-794","page","type-page","status-publish","hentry"],"jetpack_sharing_enabled":true,"_links":{"self":[{"href":"https:\/\/wp.ufpel.edu.br\/ppgeo\/wp-json\/wp\/v2\/pages\/794","targetHints":{"allow":["GET"]}}],"collection":[{"href":"https:\/\/wp.ufpel.edu.br\/ppgeo\/wp-json\/wp\/v2\/pages"}],"about":[{"href":"https:\/\/wp.ufpel.edu.br\/ppgeo\/wp-json\/wp\/v2\/types\/page"}],"author":[{"embeddable":true,"href":"https:\/\/wp.ufpel.edu.br\/ppgeo\/wp-json\/wp\/v2\/users\/202"}],"replies":[{"embeddable":true,"href":"https:\/\/wp.ufpel.edu.br\/ppgeo\/wp-json\/wp\/v2\/comments?post=794"}],"version-history":[{"count":9,"href":"https:\/\/wp.ufpel.edu.br\/ppgeo\/wp-json\/wp\/v2\/pages\/794\/revisions"}],"predecessor-version":[{"id":1864,"href":"https:\/\/wp.ufpel.edu.br\/ppgeo\/wp-json\/wp\/v2\/pages\/794\/revisions\/1864"}],"up":[{"embeddable":true,"href":"https:\/\/wp.ufpel.edu.br\/ppgeo\/wp-json\/wp\/v2\/pages\/23"}],"wp:attachment":[{"href":"https:\/\/wp.ufpel.edu.br\/ppgeo\/wp-json\/wp\/v2\/media?parent=794"}],"curies":[{"name":"wp","href":"https:\/\/api.w.org\/{rel}","templated":true}]}}