{"id":77,"date":"2014-11-05T09:20:24","date_gmt":"2014-11-05T11:20:24","guid":{"rendered":"https:\/\/wp.ufpel.edu.br\/ppgeo\/?page_id=77"},"modified":"2026-01-20T15:26:59","modified_gmt":"2026-01-20T18:26:59","slug":"2014-2","status":"publish","type":"page","link":"https:\/\/wp.ufpel.edu.br\/ppgeo\/discentes\/2014-2\/","title":{"rendered":"2014"},"content":{"rendered":"<p>12Adriana Dal Molin &#8211; <a href=\"http:\/\/lattes.cnpq.br\/3324023165430947\">Lattes<\/a><\/p>\n<p>Andr\u00e9 Quandt Klug &#8211; <a href=\"http:\/\/lattes.cnpq.br\/5378454816687420\">Lattes<\/a><\/p>\n<p>Carlos Andr\u00e9 Gayer Moreira &#8211; <a href=\"http:\/\/lattes.cnpq.br\/7601010000686397\">Lattes<\/a><\/p>\n<p>Carolina Rehling Gon\u00e7alo &#8211; <a href=\"http:\/\/lattes.cnpq.br\/4318791169490859\">Lattes<\/a><\/p>\n<p>Danilo da Silva Dutra &#8211; <a href=\"http:\/\/lattes.cnpq.br\/6530923795527508\">Lattes<\/a><\/p>\n<p>F\u00e1bio Castilhos Arruda dos Santos &#8211; <a href=\"http:\/\/lattes.cnpq.br\/5489953523134197\">Lattes<\/a><\/p>\n<p>Juliana Cristina Franz &#8211; <a href=\"http:\/\/lattes.cnpq.br\/4460920749219678\">Lattes<\/a><\/p>\n<p>Lu\u00eds Henrique Ferreira Dias &#8211; <a href=\"http:\/\/lattes.cnpq.br\/1310687259485164\">Lattes<\/a><\/p>\n<p>Luciana Venzke Pranke &#8211; <a href=\"http:\/\/lattes.cnpq.br\/6817448715772944\">Lattes<\/a><\/p>\n<p>Magda Beatriz Brito Alves &#8211; <a href=\"http:\/\/lattes.cnpq.br\/5470839226265173\">Lattes<\/a><\/p>\n<p>P\u00e2mela Freitas da Silva &#8211; <a href=\"http:\/\/lattes.cnpq.br\/6851904883994389\">Lattes<\/a><\/p>\n<p>Simone Portelinha Rivaroli &#8211; <a href=\"http:\/\/lattes.cnpq.br\/1608676243476037\">Lattes<\/a><\/p>\n<p>Suelen Ramos Novack &#8211; <a href=\"http:\/\/lattes.cnpq.br\/1891876385063609\">Lattes<\/a><\/p>\n<p>&nbsp;<\/p>\n","protected":false},"excerpt":{"rendered":"<p>12Adriana Dal Molin &#8211; Lattes Andr\u00e9 Quandt Klug &#8211; Lattes Carlos Andr\u00e9 Gayer Moreira &#8211; Lattes Carolina Rehling Gon\u00e7alo &#8211; Lattes Danilo da Silva Dutra &#8211; Lattes F\u00e1bio Castilhos Arruda dos Santos &#8211; Lattes Juliana Cristina Franz &#8211; Lattes Lu\u00eds Henrique Ferreira Dias &#8211; Lattes Luciana Venzke Pranke &#8211; Lattes Magda Beatriz Brito Alves &#8211; [&hellip;]<\/p>\n","protected":false},"author":202,"featured_media":0,"parent":23,"menu_order":12,"comment_status":"closed","ping_status":"closed","template":"","meta":{"footnotes":""},"class_list":["post-77","page","type-page","status-publish","hentry"],"jetpack_sharing_enabled":true,"_links":{"self":[{"href":"https:\/\/wp.ufpel.edu.br\/ppgeo\/wp-json\/wp\/v2\/pages\/77","targetHints":{"allow":["GET"]}}],"collection":[{"href":"https:\/\/wp.ufpel.edu.br\/ppgeo\/wp-json\/wp\/v2\/pages"}],"about":[{"href":"https:\/\/wp.ufpel.edu.br\/ppgeo\/wp-json\/wp\/v2\/types\/page"}],"author":[{"embeddable":true,"href":"https:\/\/wp.ufpel.edu.br\/ppgeo\/wp-json\/wp\/v2\/users\/202"}],"replies":[{"embeddable":true,"href":"https:\/\/wp.ufpel.edu.br\/ppgeo\/wp-json\/wp\/v2\/comments?post=77"}],"version-history":[{"count":3,"href":"https:\/\/wp.ufpel.edu.br\/ppgeo\/wp-json\/wp\/v2\/pages\/77\/revisions"}],"predecessor-version":[{"id":3525,"href":"https:\/\/wp.ufpel.edu.br\/ppgeo\/wp-json\/wp\/v2\/pages\/77\/revisions\/3525"}],"up":[{"embeddable":true,"href":"https:\/\/wp.ufpel.edu.br\/ppgeo\/wp-json\/wp\/v2\/pages\/23"}],"wp:attachment":[{"href":"https:\/\/wp.ufpel.edu.br\/ppgeo\/wp-json\/wp\/v2\/media?parent=77"}],"curies":[{"name":"wp","href":"https:\/\/api.w.org\/{rel}","templated":true}]}}