{"id":62,"date":"2014-11-04T22:44:40","date_gmt":"2014-11-05T00:44:40","guid":{"rendered":"https:\/\/wp.ufpel.edu.br\/ppgeo\/?page_id=62"},"modified":"2024-07-28T11:17:34","modified_gmt":"2024-07-28T14:17:34","slug":"programa","status":"publish","type":"page","link":"https:\/\/wp.ufpel.edu.br\/ppgeo\/programa\/","title":{"rendered":"Programa"},"content":{"rendered":"<p><img class=\"aligncenter wp-image-2709 size-full\" src=\"https:\/\/wp.ufpel.edu.br\/ppgeo\/files\/2023\/03\/bannersitecenter.png\" alt=\"\" width=\"984\" height=\"220\" srcset=\"https:\/\/wp.ufpel.edu.br\/ppgeo\/files\/2023\/03\/bannersitecenter.png 984w, https:\/\/wp.ufpel.edu.br\/ppgeo\/files\/2023\/03\/bannersitecenter-400x89.png 400w, https:\/\/wp.ufpel.edu.br\/ppgeo\/files\/2023\/03\/bannersitecenter-768x172.png 768w\" sizes=\"(max-width: 984px) 100vw, 984px\" \/><\/p>\n<p>&nbsp;<\/p>\n<p><a href=\"https:\/\/wp.ufpel.edu.br\/ppgeo\/programa\/historico\/\">Hist\u00f3rico<\/a><br \/>\n<a href=\"https:\/\/wp.ufpel.edu.br\/ppgeo\/programa\/objetivos\/\">Objetivos<\/a><br \/>\n<a href=\"https:\/\/wp.ufpel.edu.br\/ppgeo\/programa\/areas_linhas\/\">\u00c1rea de Concentra\u00e7\u00e3o e Linhas de Pesquisa<\/a><br \/>\n<a href=\"https:\/\/wp.ufpel.edu.br\/ppgeo\/programa\/disciplinas\/\">Disciplinas<\/a><br \/>\n<a href=\"https:\/\/wp.ufpel.edu.br\/ppgeo\/programa\/dissertacoes\/\">Disserta\u00e7\u00f5es<\/a><br \/>\n<a href=\"https:\/\/wp.ufpel.edu.br\/ppgeo\/programa\/comissoes\/\">Comiss\u00f5es<\/a><br \/>\n<a href=\"https:\/\/wp.ufpel.edu.br\/ppgeo\/programa\/coordenacao\/\">Coordena\u00e7\u00e3o<\/a><\/p>\n","protected":false},"excerpt":{"rendered":"<p>&nbsp; Hist\u00f3rico Objetivos \u00c1rea de Concentra\u00e7\u00e3o e Linhas de Pesquisa Disciplinas Disserta\u00e7\u00f5es Comiss\u00f5es Coordena\u00e7\u00e3o<\/p>\n","protected":false},"author":202,"featured_media":0,"parent":0,"menu_order":1,"comment_status":"closed","ping_status":"closed","template":"","meta":{"footnotes":""},"class_list":["post-62","page","type-page","status-publish","hentry"],"jetpack_sharing_enabled":true,"_links":{"self":[{"href":"https:\/\/wp.ufpel.edu.br\/ppgeo\/wp-json\/wp\/v2\/pages\/62","targetHints":{"allow":["GET"]}}],"collection":[{"href":"https:\/\/wp.ufpel.edu.br\/ppgeo\/wp-json\/wp\/v2\/pages"}],"about":[{"href":"https:\/\/wp.ufpel.edu.br\/ppgeo\/wp-json\/wp\/v2\/types\/page"}],"author":[{"embeddable":true,"href":"https:\/\/wp.ufpel.edu.br\/ppgeo\/wp-json\/wp\/v2\/users\/202"}],"replies":[{"embeddable":true,"href":"https:\/\/wp.ufpel.edu.br\/ppgeo\/wp-json\/wp\/v2\/comments?post=62"}],"version-history":[{"count":25,"href":"https:\/\/wp.ufpel.edu.br\/ppgeo\/wp-json\/wp\/v2\/pages\/62\/revisions"}],"predecessor-version":[{"id":2971,"href":"https:\/\/wp.ufpel.edu.br\/ppgeo\/wp-json\/wp\/v2\/pages\/62\/revisions\/2971"}],"wp:attachment":[{"href":"https:\/\/wp.ufpel.edu.br\/ppgeo\/wp-json\/wp\/v2\/media?parent=62"}],"curies":[{"name":"wp","href":"https:\/\/api.w.org\/{rel}","templated":true}]}}