{"id":60,"date":"2014-11-04T23:26:11","date_gmt":"2014-11-05T01:26:11","guid":{"rendered":"https:\/\/wp.ufpel.edu.br\/ppgeo\/?page_id=60"},"modified":"2026-01-21T10:36:16","modified_gmt":"2026-01-21T13:36:16","slug":"disciplinas","status":"publish","type":"page","link":"https:\/\/wp.ufpel.edu.br\/ppgeo\/programa\/disciplinas\/","title":{"rendered":"Disciplinas"},"content":{"rendered":"<ul>\n<li><strong>ESTRUTURA CURRICULAR:<\/strong><\/li>\n<\/ul>\n<p>O curso de Mestrado exige o cumprimento de, no m\u00ednimo, 24 (vinte e quatro) cr\u00e9ditos em disciplinas e 08 (oito) cr\u00e9ditos em Semin\u00e1rio de Orienta\u00e7\u00e3o. Soma-se a estes cr\u00e9ditos, o Exame de Qualifica\u00e7\u00e3o e a Defesa da Disserta\u00e7\u00e3o.<\/p>\n<p>O curso de Doutorado exige o cumprimento de, no m\u00ednimo, 36 (trinta e seis) cr\u00e9ditos em disciplinas e 16 (dezesseis) cr\u00e9ditos em Semin\u00e1rio de Orienta\u00e7\u00e3o. Somase a estes cr\u00e9ditos, o Exame de Qualifica\u00e7\u00e3o e a Defesa da Tese.<\/p>\n<p>O aluno do PPGeo pode cumprir<strong> at\u00e9 1\/3\u00a0dos cr\u00e9ditos<\/strong> em disciplinas de outros programas de p\u00f3s-gradua\u00e7\u00e3o.<\/p>\n<p>Para mais informa\u00e7\u00f5es, consulte o <a href=\"https:\/\/wp.ufpel.edu.br\/ppgeo\/files\/2025\/08\/SEI_3166672_Parecer_Normativo_COCEPE_115.pdf\">Regimento do Programa de P\u00f3s-Gradua\u00e7\u00e3o em Geografia<\/a>.<\/p>\n<hr \/>\n<ul>\n<li><strong>DISCIPLINAS OBRIGAT\u00d3RIAS:<\/strong><\/li>\n<\/ul>\n<p><strong>M\u00c9TODOS E T\u00c9CNICAS DE PESQUISA EM GEOGRAFIA<br \/>\n<\/strong>Obrigat\u00f3ria somente para o Mestrado.<br \/>\n4 cr\u00e9ditos<br \/>\n<a href=\"https:\/\/wp.ufpel.edu.br\/ppgeo\/files\/2016\/08\/Metodos_e_T\u00e9cnicas_de_Pesquisa_em_Geografia.pdf\">Conte\u00fado Program\u00e1tico<\/a><\/p>\n<p><strong>SEMIN\u00c1RIO DE ORIENTA\u00c7\u00c3O (I, II, III e IV)<\/strong><br \/>\nObrigat\u00f3rias<br \/>\n2 cr\u00e9ditos<\/p>\n<p><strong>EST\u00c1GIO DE DOC\u00caNCIA NA GRADUA\u00c7\u00c3O<\/strong><br \/>\nObrigat\u00f3ria para alunos bolsistas<br \/>\n2 cr\u00e9ditos<\/p>\n<hr \/>\n<ul>\n<li><strong>DISCIPLINAS OPTATIVAS:<\/strong><\/li>\n<\/ul>\n<p><strong>SEMIN\u00c1RIO DA AGRICULTURA FAMILIAR<\/strong><b><br \/>\n<\/b>Optativa<br \/>\n4 cr\u00e9ditos<br \/>\n<a href=\"https:\/\/wp.ufpel.edu.br\/ppgeo\/files\/2014\/11\/Seminario_Agricultura_Familiar.pdf\">Conte\u00fado Program\u00e1tico<\/a><\/p>\n<p><strong>GEOGRAFIA DO COM\u00c9RCIO E DO CONSUMO URBANO<\/strong><b><br \/>\n<\/b>Optativa<br \/>\n4 cr\u00e9ditos<br \/>\n<a href=\"https:\/\/institucional.ufpel.edu.br\/disciplinas\/cod\/10060290\">Conte\u00fado Program\u00e1tico<\/a><\/p>\n<p><strong>TRAJET\u00d3RIAS DO SABER NA FORMA\u00c7\u00c3O DO PROFESSOR DE GEOGRAFIA<\/strong><b><br \/>\n<\/b>Optativa<br \/>\n4 cr\u00e9ditos<b><br \/>\n<\/b><a href=\"https:\/\/wp.ufpel.edu.br\/ppgeo\/files\/2014\/11\/Trajet\u00f3rias_Saber_Forma\u00e7\u00e3o_Professor.pdf\">Conte\u00fado Program\u00e1tico<\/a><\/p>\n<p><strong>AGRICULTURA, SOCIEDADE E TERRIT\u00d3RIO<\/strong><b><br \/>\n<\/b>Optativa<br \/>\n4 cr\u00e9ditos<b><br \/>\n<\/b><a href=\"https:\/\/wp.ufpel.edu.br\/ppgeo\/files\/2016\/05\/Agricultura_Sociedade_Territ\u00f3rio.pdf\">Conte\u00fado Program\u00e1tico<\/a><\/p>\n<p><strong>BANCO DE DADOS GEOGR\u00c1FICOS<\/strong><b><br \/>\n<\/b>Optativa<br \/>\n4 cr\u00e9ditos<b><br \/>\n<\/b><a href=\"https:\/\/wp.ufpel.edu.br\/ppgeo\/files\/2014\/11\/Banco_Dados_Geogr\u00e1ficos.pdf\">Conte\u00fado Program\u00e1tico<\/a><\/p>\n<p><strong>TERRIT\u00d3RIO, ECONOMIA E AGLOMERA\u00c7\u00d5ES COMPETITIVAS<\/strong><b><br \/>\n<\/b>Optativa<br \/>\n4 cr\u00e9ditos<b><br \/>\n<\/b><a href=\"https:\/\/wp.ufpel.edu.br\/ppgeo\/files\/2014\/11\/Territ\u00f3rio_Economia_Aglomera\u00e7\u00f5es.pdf\">Conte\u00fado Program\u00e1tico<\/a><\/p>\n<p><strong>AN\u00c1LISE AMBIENTAL DE BACIAS HIDROGR\u00c1FICAS<\/strong><b><br \/>\n<\/b>Optativa<br \/>\n4 cr\u00e9ditos<b><br \/>\n<\/b><a href=\"https:\/\/wp.ufpel.edu.br\/ppgeo\/files\/2016\/05\/An\u00e1lise_Ambiental_Bacias_Hidrogr\u00e1ficas.pdf\">Conte\u00fado Program\u00e1tico<\/a><\/p>\n<p><strong>A A\u00c7\u00c3O ANTR\u00d3PICA EM SISTEMAS MORFOHIDROGR\u00c1FICOS<\/strong><b><br \/>\n<\/b>Optativa<br \/>\n4 cr\u00e9ditos<br \/>\n<a href=\"https:\/\/wp.ufpel.edu.br\/ppgeo\/files\/2016\/05\/A\u00e7\u00e3o_Antr\u00f3pica_Sistemas_Morfohidrogr\u00e1ficos.pdf\">Conte\u00fado Program\u00e1tico<\/a><\/p>\n<p><strong>O LIVRO DID\u00c1TICO NO ENSINO DE GEOGRAFIA<\/strong><b><br \/>\n<\/b>Optativa<br \/>\n4 cr\u00e9ditos<b><br \/>\n<\/b><a href=\"https:\/\/wp.ufpel.edu.br\/ppgeo\/files\/2014\/11\/Livro_Did\u00e1tico_Ensino_Geografia.pdf\">Conte\u00fado Program\u00e1tico<\/a><\/p>\n<p><b>SENSORIAMENTO REMOTO APLICADO NO LEVANTAMENTO DOS USOS E COBERTURAS DA TERRA<br \/>\n<\/b>Optativa<br \/>\n4 cr\u00e9ditos<b><br \/>\n<\/b><a href=\"https:\/\/wp.ufpel.edu.br\/ppgeo\/files\/2016\/06\/Sensoriamento_Remoto_Aplicado_Levantamento_Usos_Coberturas.pdf\">Conte\u00fado Program\u00e1tico<\/a><\/p>\n<p><strong>M\u00c9TODOS E T\u00c9CNICAS DE ELABORA\u00c7\u00c3O E INTERPRETA\u00c7\u00c3O DE MAPAS TEM\u00c1TICOS<\/strong><br \/>\nOptativa<br \/>\n4 cr\u00e9ditos<br \/>\n<a href=\"https:\/\/wp.ufpel.edu.br\/ppgeo\/files\/2014\/11\/M\u00e9todos_T\u00e9cnicas_Elabora\u00e7\u00e3o_Mapas.pdf\">Conte\u00fado Program\u00e1tico<\/a><\/p>\n<p><strong>A LINGUAGEM CARTOGR\u00c1FICA NO ENSINO DE GEOGRAFIA<br \/>\n<\/strong>Optativa<br \/>\n4 cr\u00e9ditos<br \/>\n<a href=\"https:\/\/institucional.ufpel.edu.br\/disciplinas\/cod\/10060311\">Conte\u00fado Program\u00e1tico<\/a><\/p>\n<p><strong>LINGUAGEM CARTOGRA\u0301FICA: FUNDAMENTOS E APLICAC\u0327A\u0303O NO ENSINO E PESQUISA EM GEOGRAFIA<\/strong><br \/>\nOptativa<br \/>\n4 cr\u00e9ditos<br \/>\n<a href=\"https:\/\/institucional.ufpel.edu.br\/disciplinas\/cod\/10060298\">Conte\u00fado Program\u00e1tico<\/a><\/p>\n<p><strong>GEOPROCESSAMENTO APLICADO NA AN\u00c1LISE AMBIENTAL<\/strong><br \/>\nOptativa<br \/>\n4 cr\u00e9ditos<br \/>\n<a href=\"https:\/\/institucional.ufpel.edu.br\/disciplinas\/cod\/10060295\">Conte\u00fado Program\u00e1tico<\/a><\/p>\n<p><strong>GEOPROCESSAMENTO E SISTEMAS DE INFORMA\u00c7\u00d5ES GEOGR\u00c1FICAS<\/strong><br \/>\nOptativa<br \/>\n4 cr\u00e9ditos<br \/>\n<a href=\"https:\/\/institucional.ufpel.edu.br\/disciplinas\/cod\/10060286\">Conte\u00fado Program\u00e1tico<\/a><\/p>\n<p><strong>AS TEM\u00c1TICAS F\u00cdSICO-NATURAIS NO ENSINO DE GEOGRAFIA<\/strong><br \/>\nOptativa<br \/>\n4 cr\u00e9ditos<br \/>\n<a href=\"https:\/\/institucional.ufpel.edu.br\/disciplinas\/cod\/10060314\">Conte\u00fado Program\u00e1tico<\/a><\/p>\n<p><strong>GEODIVERSIDADE E GEOCONSERVA\u00c7\u00c3O<\/strong><br \/>\nOptativa<br \/>\n4 cr\u00e9ditos<br \/>\n<a href=\"https:\/\/institucional.ufpel.edu.br\/disciplinas\/cod\/10060312\">Conte\u00fado Program\u00e1tico<\/a><\/p>\n<p><strong>HENRI LEFEBVRE: ESPACIO, TIEMPO Y VIDA COTIDIANA<\/strong><br \/>\nOptativa<br \/>\n4 cr\u00e9ditos<br \/>\n<a href=\"https:\/\/institucional.ufpel.edu.br\/disciplinas\/cod\/10060313\">Conte\u00fado Program\u00e1tico<\/a><\/p>\n<p><strong>JOGOS E GAMIFICA\u00c7\u00c3O NO ENSINO DE GEOGRAFIA<\/strong><br \/>\nOptativa<br \/>\n4 cr\u00e9ditos<br \/>\n<a href=\"https:\/\/institucional.ufpel.edu.br\/disciplinas\/cod\/10060315\">Conte\u00fado Program\u00e1tico<\/a><\/p>\n<p><strong>ESCALAS GEOGR\u00c1FICAS E PROCESSOS DE GLOBALIZA\u00c7\u00c3O: ABORDAGENS CR\u00cdTICAS E P\u00d3S-CR\u00cdTICAS<\/strong><br \/>\nOptativa<br \/>\n4 cr\u00e9ditos<br \/>\n<a href=\"https:\/\/institucional.ufpel.edu.br\/disciplinas\/cod\/10060303\">Conte\u00fado Program\u00e1tico<\/a><\/p>\n<p><strong>FILOSOFIA DO ENSINO DE GEOGRAFIA<\/strong><br \/>\nOptativa<br \/>\n4 cr\u00e9ditos<br \/>\n<a href=\"https:\/\/institucional.ufpel.edu.br\/disciplinas\/cod\/10060301\">Conte\u00fado Program\u00e1tico<\/a><\/p>\n<p><strong>GEOMORFOLOGIA GERAL<\/strong><br \/>\nOptativa<br \/>\n4 cr\u00e9ditos<br \/>\n<a href=\"https:\/\/institucional.ufpel.edu.br\/disciplinas\/cod\/10060309\">Conte\u00fado Program\u00e1tico<\/a><\/p>\n<p><strong>TERRIT\u00d3RIOS, CRIME ORGANIZADO E VIOL\u00caNCIA URBANA NO MUNDO CONTEMPOR\u00c2NEO<\/strong><br \/>\nOptativa<br \/>\n4 cr\u00e9ditos<br \/>\n<a href=\"https:\/\/institucional.ufpel.edu.br\/disciplinas\/cod\/10060302\">Conte\u00fado Program\u00e1tico<\/a><\/p>\n<p><strong>CARTOGRAFIA TEM\u00c1TICA APLICADA \u00c0 AN\u00c1LISE AMBIENTAL<\/strong><br \/>\nOptativa<br \/>\n4 cr\u00e9ditos<br \/>\n<a href=\"https:\/\/institucional.ufpel.edu.br\/disciplinas\/cod\/10060308\">Conte\u00fado Program\u00e1tico<\/a><\/p>\n<p><strong>QUEST\u00c3O AGR\u00c1RIA E DESENVOLVIMENTO TERRITORIAL SUSTENT\u00c1VEL<\/strong><br \/>\nOptativa<br \/>\n4 cr\u00e9ditos<br \/>\nConte\u00fado Program\u00e1tico<\/p>\n<p><strong>GEOECOLOGIA: PRINC\u00cdPIOS E TEMAS<\/strong><br \/>\nOptativa<br \/>\n4 cr\u00e9ditos<br \/>\nConte\u00fado Program\u00e1tico<\/p>\n<p><strong>CARTOGRAFIA T\u00c1TIL E INCLUS\u00c3O ESCOLAR<\/strong><br \/>\nOptativa<br \/>\n4 cr\u00e9ditos<br \/>\n<a href=\"https:\/\/institucional.ufpel.edu.br\/disciplinas\/cod\/10060293\">Conte\u00fado Program\u00e1tico<\/a><\/p>\n<p><strong>EST\u00c1GIO DE DOC\u00caNCIA NA GRADUA\u00c7\u00c3O<\/strong><br \/>\nOptativa para alunos n\u00e3o bolsistas<br \/>\n2 cr\u00e9ditos<\/p>\n<p><b>\u00a0<\/b><strong>T\u00d3PICOS ESPECIAIS (I, II e III)<\/strong><br \/>\nOptativas<br \/>\n2 cr\u00e9ditos<b><br \/>\n<\/b><\/p>\n","protected":false},"excerpt":{"rendered":"<p>ESTRUTURA CURRICULAR: O curso de Mestrado exige o cumprimento de, no m\u00ednimo, 24 (vinte e quatro) cr\u00e9ditos em disciplinas e 08 (oito) cr\u00e9ditos em Semin\u00e1rio de Orienta\u00e7\u00e3o. Soma-se a estes cr\u00e9ditos, o Exame de Qualifica\u00e7\u00e3o e a Defesa da Disserta\u00e7\u00e3o. O curso de Doutorado exige o cumprimento de, no m\u00ednimo, 36 (trinta e seis) cr\u00e9ditos [&hellip;]<\/p>\n","protected":false},"author":202,"featured_media":0,"parent":62,"menu_order":6,"comment_status":"closed","ping_status":"closed","template":"","meta":{"footnotes":""},"class_list":["post-60","page","type-page","status-publish","hentry"],"jetpack_sharing_enabled":true,"_links":{"self":[{"href":"https:\/\/wp.ufpel.edu.br\/ppgeo\/wp-json\/wp\/v2\/pages\/60","targetHints":{"allow":["GET"]}}],"collection":[{"href":"https:\/\/wp.ufpel.edu.br\/ppgeo\/wp-json\/wp\/v2\/pages"}],"about":[{"href":"https:\/\/wp.ufpel.edu.br\/ppgeo\/wp-json\/wp\/v2\/types\/page"}],"author":[{"embeddable":true,"href":"https:\/\/wp.ufpel.edu.br\/ppgeo\/wp-json\/wp\/v2\/users\/202"}],"replies":[{"embeddable":true,"href":"https:\/\/wp.ufpel.edu.br\/ppgeo\/wp-json\/wp\/v2\/comments?post=60"}],"version-history":[{"count":4,"href":"https:\/\/wp.ufpel.edu.br\/ppgeo\/wp-json\/wp\/v2\/pages\/60\/revisions"}],"predecessor-version":[{"id":3552,"href":"https:\/\/wp.ufpel.edu.br\/ppgeo\/wp-json\/wp\/v2\/pages\/60\/revisions\/3552"}],"up":[{"embeddable":true,"href":"https:\/\/wp.ufpel.edu.br\/ppgeo\/wp-json\/wp\/v2\/pages\/62"}],"wp:attachment":[{"href":"https:\/\/wp.ufpel.edu.br\/ppgeo\/wp-json\/wp\/v2\/media?parent=60"}],"curies":[{"name":"wp","href":"https:\/\/api.w.org\/{rel}","templated":true}]}}