{"id":58,"date":"2014-11-04T23:11:08","date_gmt":"2014-11-05T01:11:08","guid":{"rendered":"https:\/\/wp.ufpel.edu.br\/ppgeo\/?page_id=58"},"modified":"2026-01-20T15:59:41","modified_gmt":"2026-01-20T18:59:41","slug":"areas_linhas","status":"publish","type":"page","link":"https:\/\/wp.ufpel.edu.br\/ppgeo\/programa\/areas_linhas\/","title":{"rendered":"\u00c1rea de Concentra\u00e7\u00e3o e Linhas de Pesquisa"},"content":{"rendered":"<p data-start=\"76\" data-end=\"222\">O PPGeo tem como \u00c1rea de Concentra\u00e7\u00e3o <strong data-start=\"114\" data-end=\"146\">An\u00e1lise do Espa\u00e7o Geogr\u00e1fico<\/strong> e organiza-se em tr\u00eas Linhas de Pesquisa no Curso de Mestrado em Geografia:<\/p>\n<ul data-start=\"224\" data-end=\"341\">\n<li data-start=\"224\" data-end=\"246\">\n<p data-start=\"226\" data-end=\"246\">An\u00e1lise Ambiental;<\/p>\n<\/li>\n<li data-start=\"247\" data-end=\"271\">\n<p data-start=\"249\" data-end=\"271\">An\u00e1lise Territorial;<\/p>\n<\/li>\n<li data-start=\"272\" data-end=\"341\">\n<p data-start=\"274\" data-end=\"341\">Educa\u00e7\u00e3o Geogr\u00e1fica, Ensino de Geografia e Forma\u00e7\u00e3o de Professores.<\/p>\n<\/li>\n<\/ul>\n<p>&nbsp;<\/p>\n<p data-start=\"343\" data-end=\"416\">O Curso de Doutorado em Geografia organiza-se em duas Linhas de Pesquisa:<\/p>\n<ul data-start=\"418\" data-end=\"538\">\n<li data-start=\"418\" data-end=\"468\">\n<p data-start=\"420\" data-end=\"468\">Din\u00e2micas Ambientais e Processos Territoriais;<\/p>\n<\/li>\n<li data-start=\"469\" data-end=\"538\">\n<p data-start=\"471\" data-end=\"538\">Educa\u00e7\u00e3o Geogr\u00e1fica, Ensino de Geografia e Forma\u00e7\u00e3o de Professores.<\/p>\n<\/li>\n<\/ul>\n","protected":false},"excerpt":{"rendered":"<p>O PPGeo tem como \u00c1rea de Concentra\u00e7\u00e3o An\u00e1lise do Espa\u00e7o Geogr\u00e1fico e organiza-se em tr\u00eas Linhas de Pesquisa no Curso de Mestrado em Geografia: An\u00e1lise Ambiental; An\u00e1lise Territorial; Educa\u00e7\u00e3o Geogr\u00e1fica, Ensino de Geografia e Forma\u00e7\u00e3o de Professores. &nbsp; O Curso de Doutorado em Geografia organiza-se em duas Linhas de Pesquisa: Din\u00e2micas Ambientais e Processos Territoriais; [&hellip;]<\/p>\n","protected":false},"author":202,"featured_media":0,"parent":62,"menu_order":4,"comment_status":"closed","ping_status":"closed","template":"","meta":{"footnotes":""},"class_list":["post-58","page","type-page","status-publish","hentry"],"jetpack_sharing_enabled":true,"_links":{"self":[{"href":"https:\/\/wp.ufpel.edu.br\/ppgeo\/wp-json\/wp\/v2\/pages\/58","targetHints":{"allow":["GET"]}}],"collection":[{"href":"https:\/\/wp.ufpel.edu.br\/ppgeo\/wp-json\/wp\/v2\/pages"}],"about":[{"href":"https:\/\/wp.ufpel.edu.br\/ppgeo\/wp-json\/wp\/v2\/types\/page"}],"author":[{"embeddable":true,"href":"https:\/\/wp.ufpel.edu.br\/ppgeo\/wp-json\/wp\/v2\/users\/202"}],"replies":[{"embeddable":true,"href":"https:\/\/wp.ufpel.edu.br\/ppgeo\/wp-json\/wp\/v2\/comments?post=58"}],"version-history":[{"count":4,"href":"https:\/\/wp.ufpel.edu.br\/ppgeo\/wp-json\/wp\/v2\/pages\/58\/revisions"}],"predecessor-version":[{"id":3535,"href":"https:\/\/wp.ufpel.edu.br\/ppgeo\/wp-json\/wp\/v2\/pages\/58\/revisions\/3535"}],"up":[{"embeddable":true,"href":"https:\/\/wp.ufpel.edu.br\/ppgeo\/wp-json\/wp\/v2\/pages\/62"}],"wp:attachment":[{"href":"https:\/\/wp.ufpel.edu.br\/ppgeo\/wp-json\/wp\/v2\/media?parent=58"}],"curies":[{"name":"wp","href":"https:\/\/api.w.org\/{rel}","templated":true}]}}