{"id":3657,"date":"2026-03-30T10:10:18","date_gmt":"2026-03-30T13:10:18","guid":{"rendered":"https:\/\/wp.ufpel.edu.br\/ppgeo\/?page_id=3657"},"modified":"2026-04-06T12:53:15","modified_gmt":"2026-04-06T15:53:15","slug":"bolsas","status":"publish","type":"page","link":"https:\/\/wp.ufpel.edu.br\/ppgeo\/selecao\/bolsas\/","title":{"rendered":"Edital de Bolsas"},"content":{"rendered":"<p><strong>Edital de Sele\u00e7\u00e3o de Bolsas &#8211; 2026<\/strong><\/p>\n<p><a href=\"https:\/\/wp.ufpel.edu.br\/ppgeo\/files\/2026\/04\/Lista_dos_Homologacao_-_2026_assinado.pdf\">Lista de Homologa\u00e7\u00e3o das Inscri\u00e7\u00f5es<\/a><br \/>\n<a href=\"https:\/\/wp.ufpel.edu.br\/ppgeo\/files\/2026\/03\/SEI_3706148_Resolucao_1-2026.pdf\">Resolu\u00e7\u00e3o Geral de Bolsas do PPGeo (Resolu\u00e7\u00e3o n\u00b01\/2026)<\/a><br \/>\n<a href=\"https:\/\/wp.ufpel.edu.br\/ppgeo\/files\/2026\/03\/Anexo-I-Edital-de-Bolsas.docx\">Anexo I &#8211; Edital de Bolsas (arquivo edit\u00e1vel)<\/a><br \/>\n<a href=\"https:\/\/wp.ufpel.edu.br\/ppgeo\/files\/2026\/03\/Anexo-I-Edital-de-Bolsas.pdf\">Anexo I &#8211; Edital de Bolsas<\/a><br \/>\n<a href=\"https:\/\/wp.ufpel.edu.br\/ppgeo\/files\/2026\/03\/Edital-de-Bolsas-2026_1.pdf\">Edital de Bolsas &#8211; 2026<\/a><\/p>\n","protected":false},"excerpt":{"rendered":"<p>Edital de Sele\u00e7\u00e3o de Bolsas &#8211; 2026 Lista de Homologa\u00e7\u00e3o das Inscri\u00e7\u00f5es Resolu\u00e7\u00e3o Geral de Bolsas do PPGeo (Resolu\u00e7\u00e3o n\u00b01\/2026) Anexo I &#8211; Edital de Bolsas (arquivo edit\u00e1vel) Anexo I &#8211; Edital de Bolsas Edital de Bolsas &#8211; 2026<\/p>\n","protected":false},"author":202,"featured_media":0,"parent":54,"menu_order":5,"comment_status":"closed","ping_status":"closed","template":"","meta":{"footnotes":""},"class_list":["post-3657","page","type-page","status-publish","hentry"],"jetpack_sharing_enabled":true,"_links":{"self":[{"href":"https:\/\/wp.ufpel.edu.br\/ppgeo\/wp-json\/wp\/v2\/pages\/3657","targetHints":{"allow":["GET"]}}],"collection":[{"href":"https:\/\/wp.ufpel.edu.br\/ppgeo\/wp-json\/wp\/v2\/pages"}],"about":[{"href":"https:\/\/wp.ufpel.edu.br\/ppgeo\/wp-json\/wp\/v2\/types\/page"}],"author":[{"embeddable":true,"href":"https:\/\/wp.ufpel.edu.br\/ppgeo\/wp-json\/wp\/v2\/users\/202"}],"replies":[{"embeddable":true,"href":"https:\/\/wp.ufpel.edu.br\/ppgeo\/wp-json\/wp\/v2\/comments?post=3657"}],"version-history":[{"count":3,"href":"https:\/\/wp.ufpel.edu.br\/ppgeo\/wp-json\/wp\/v2\/pages\/3657\/revisions"}],"predecessor-version":[{"id":3679,"href":"https:\/\/wp.ufpel.edu.br\/ppgeo\/wp-json\/wp\/v2\/pages\/3657\/revisions\/3679"}],"up":[{"embeddable":true,"href":"https:\/\/wp.ufpel.edu.br\/ppgeo\/wp-json\/wp\/v2\/pages\/54"}],"wp:attachment":[{"href":"https:\/\/wp.ufpel.edu.br\/ppgeo\/wp-json\/wp\/v2\/media?parent=3657"}],"curies":[{"name":"wp","href":"https:\/\/api.w.org\/{rel}","templated":true}]}}