{"id":3312,"date":"2025-06-26T08:59:18","date_gmt":"2025-06-26T11:59:18","guid":{"rendered":"https:\/\/wp.ufpel.edu.br\/ppgeo\/?page_id=3312"},"modified":"2025-08-08T18:17:59","modified_gmt":"2025-08-08T21:17:59","slug":"professor-visitante","status":"publish","type":"page","link":"https:\/\/wp.ufpel.edu.br\/ppgeo\/selecao\/professor-visitante\/","title":{"rendered":"Professor Visitante"},"content":{"rendered":"<p><strong>SELE\u00c7\u00c3O 2025<\/strong><\/p>\n<p><a href=\"https:\/\/wp.ufpel.edu.br\/ppgeo\/files\/2025\/08\/RESULTADO_FINAL___Edital_11_2025_Professor_Visitante.pdf\">Resultado Sele\u00e7\u00e3o para Professor Visitante &#8211; Edital 11\/2025<\/a><\/p>\n<p><a href=\"https:\/\/wp.ufpel.edu.br\/ppgeo\/files\/2025\/07\/Homologacao-das-inscricoes.docx.pdf\">Inscri\u00e7\u00f5es Homologadas\u00a0<\/a><\/p>\n<p><a href=\"https:\/\/wp.ufpel.edu.br\/ppgeo\/files\/2025\/07\/SEI_3168475_Despacho.pdf\">Comunicado<\/a><\/p>\n<p><a href=\"https:\/\/wp.ufpel.edu.br\/ppgeo\/files\/2025\/06\/Anexo_II.pdf\">Anexo II-quadro de pontua\u00e7\u00e3o da produ\u00e7\u00e3o<\/a><\/p>\n<p><a href=\"https:\/\/wp.ufpel.edu.br\/ppgeo\/files\/2025\/06\/Anexo_I.pdf\">Anexo I-formul\u00e1rio de inscri\u00e7\u00e3o<\/a><\/p>\n<p><a href=\"https:\/\/wp.ufpel.edu.br\/ppgeo\/files\/2025\/06\/SEI_3123293_Edital_11_2025.pdf\">Edital 11\/2025-Sele\u00e7\u00e3o Professor Visitante 2025<\/a><\/p>\n","protected":false},"excerpt":{"rendered":"<p>SELE\u00c7\u00c3O 2025 Resultado Sele\u00e7\u00e3o para Professor Visitante &#8211; Edital 11\/2025 Inscri\u00e7\u00f5es Homologadas\u00a0 Comunicado Anexo II-quadro de pontua\u00e7\u00e3o da produ\u00e7\u00e3o Anexo I-formul\u00e1rio de inscri\u00e7\u00e3o Edital 11\/2025-Sele\u00e7\u00e3o Professor Visitante 2025<\/p>\n","protected":false},"author":202,"featured_media":0,"parent":54,"menu_order":4,"comment_status":"closed","ping_status":"closed","template":"","meta":{"footnotes":""},"class_list":["post-3312","page","type-page","status-publish","hentry"],"jetpack_sharing_enabled":true,"_links":{"self":[{"href":"https:\/\/wp.ufpel.edu.br\/ppgeo\/wp-json\/wp\/v2\/pages\/3312","targetHints":{"allow":["GET"]}}],"collection":[{"href":"https:\/\/wp.ufpel.edu.br\/ppgeo\/wp-json\/wp\/v2\/pages"}],"about":[{"href":"https:\/\/wp.ufpel.edu.br\/ppgeo\/wp-json\/wp\/v2\/types\/page"}],"author":[{"embeddable":true,"href":"https:\/\/wp.ufpel.edu.br\/ppgeo\/wp-json\/wp\/v2\/users\/202"}],"replies":[{"embeddable":true,"href":"https:\/\/wp.ufpel.edu.br\/ppgeo\/wp-json\/wp\/v2\/comments?post=3312"}],"version-history":[{"count":3,"href":"https:\/\/wp.ufpel.edu.br\/ppgeo\/wp-json\/wp\/v2\/pages\/3312\/revisions"}],"predecessor-version":[{"id":3412,"href":"https:\/\/wp.ufpel.edu.br\/ppgeo\/wp-json\/wp\/v2\/pages\/3312\/revisions\/3412"}],"up":[{"embeddable":true,"href":"https:\/\/wp.ufpel.edu.br\/ppgeo\/wp-json\/wp\/v2\/pages\/54"}],"wp:attachment":[{"href":"https:\/\/wp.ufpel.edu.br\/ppgeo\/wp-json\/wp\/v2\/media?parent=3312"}],"curies":[{"name":"wp","href":"https:\/\/api.w.org\/{rel}","templated":true}]}}