{"id":3006,"date":"2024-08-05T09:49:58","date_gmt":"2024-08-05T12:49:58","guid":{"rendered":"https:\/\/wp.ufpel.edu.br\/ppgeo\/?page_id=3006"},"modified":"2026-01-20T11:06:38","modified_gmt":"2026-01-20T14:06:38","slug":"revistas","status":"publish","type":"page","link":"https:\/\/wp.ufpel.edu.br\/ppgeo\/revistas\/","title":{"rendered":"Revistas do PPGeo"},"content":{"rendered":"<p><a href=\"https:\/\/wp.ufpel.edu.br\/ppgeo\/files\/2026\/01\/Geographia-Meridionalis-scaled.png\"><img class=\"wp-image-3509 aligncenter\" src=\"https:\/\/wp.ufpel.edu.br\/ppgeo\/files\/2026\/01\/Geographia-Meridionalis-400x111.png\" alt=\"\" width=\"465\" height=\"129\" srcset=\"https:\/\/wp.ufpel.edu.br\/ppgeo\/files\/2026\/01\/Geographia-Meridionalis-400x111.png 400w, https:\/\/wp.ufpel.edu.br\/ppgeo\/files\/2026\/01\/Geographia-Meridionalis-1024x283.png 1024w, https:\/\/wp.ufpel.edu.br\/ppgeo\/files\/2026\/01\/Geographia-Meridionalis-768x213.png 768w, https:\/\/wp.ufpel.edu.br\/ppgeo\/files\/2026\/01\/Geographia-Meridionalis-1536x425.png 1536w, https:\/\/wp.ufpel.edu.br\/ppgeo\/files\/2026\/01\/Geographia-Meridionalis-2048x567.png 2048w\" sizes=\"(max-width: 465px) 100vw, 465px\" \/><\/a><\/p>\n<p>A <a href=\"https:\/\/periodicos.ufpel.edu.br\/index.php\/Geographis\">Revista Geographia Meridionalis<\/a> \u00e9 um peri\u00f3dico de acesso aberto do Programa de P\u00f3s-gradua\u00e7\u00e3o em Geografia, da Universidade Federal de Pelotas, e que adota a modalidade de publica\u00e7\u00e3o em fluxo cont\u00ednuo. Seu objetivo \u00e9 difundir o conhecimento da Geografia e \u00e1reas afins por meio de Artigos, Notas, Resenhas e Entrevistas resultantes de pesquisas de reconhecido m\u00e9rito t\u00e9cnico-acad\u00eamico.<\/p>\n<p>A revista \u00e9 classificada pelo Qualis\/CAPES na categoria A3 (Quadri\u00eanio 2021-2024).<\/p>\n<p>Para maiores informa\u00e7\u00f5es, acesse a <a href=\"https:\/\/periodicos.ufpel.edu.br\/index.php\/Geographis\">p\u00e1gina da revista<\/a>.<\/p>\n<p>&nbsp;<\/p>\n<p><a href=\"https:\/\/wp.ufpel.edu.br\/ppgeo\/files\/2026\/01\/Revista-de-Geomorfologia.png\"><img class=\"size-medium wp-image-3508 aligncenter\" src=\"https:\/\/wp.ufpel.edu.br\/ppgeo\/files\/2026\/01\/Revista-de-Geomorfologia-400x164.png\" alt=\"\" width=\"400\" height=\"164\" srcset=\"https:\/\/wp.ufpel.edu.br\/ppgeo\/files\/2026\/01\/Revista-de-Geomorfologia-400x164.png 400w, https:\/\/wp.ufpel.edu.br\/ppgeo\/files\/2026\/01\/Revista-de-Geomorfologia-1024x420.png 1024w, https:\/\/wp.ufpel.edu.br\/ppgeo\/files\/2026\/01\/Revista-de-Geomorfologia-768x315.png 768w, https:\/\/wp.ufpel.edu.br\/ppgeo\/files\/2026\/01\/Revista-de-Geomorfologia.png 1214w\" sizes=\"(max-width: 400px) 100vw, 400px\" \/><\/a><\/p>\n<p>&nbsp;<\/p>\n<p>A <a href=\"https:\/\/revistaaprogeomg.org.br\/index.php\/margaridapenteadorevista\/issue\/view\/4\">Marganida Penteado Revista de Geomorfologia<\/a> \u00e9 um peri\u00f3dico com publica\u00e7\u00e3o semestral da Associa\u00e7\u00e3o Profissional de Ge\u00f3grafos de Minas Gerais (APROGEO \u2013 MG), e tem como prioridade disseminar o conhecimento em geomorfologia em todas as suas dimens\u00f5es (cient\u00edfica, te\u00f3rica, emp\u00edrica, t\u00e9cnica, aplicada, de planejamento), abrangendo as especialidades estrutural, costeira, continental, fluvial, ambiental, de ensino, de geoprocessamento, de geodiversidade, dentre v\u00e1rias outras possibilidades. O peri\u00f3dico conta com a parceria do Programa de P\u00f3s-Gradua\u00e7\u00e3o em Geografia, da Universidade Federal de Pelotas.<\/p>\n<p>A revista \u00e9 classificada pelo Qualis\/CAPES na categoria A4 (Quadri\u00eanio 2021-2024).<\/p>\n<p>Para maiores informa\u00e7\u00f5es, acesse a <a href=\"https:\/\/revistaaprogeomg.org.br\/index.php\/margaridapenteadorevista\/issue\/view\/4\">p\u00e1gina da revista<\/a>.<\/p>\n","protected":false},"excerpt":{"rendered":"<p>A Revista Geographia Meridionalis \u00e9 um peri\u00f3dico de acesso aberto do Programa de P\u00f3s-gradua\u00e7\u00e3o em Geografia, da Universidade Federal de Pelotas, e que adota a modalidade de publica\u00e7\u00e3o em fluxo cont\u00ednuo. Seu objetivo \u00e9 difundir o conhecimento da Geografia e \u00e1reas afins por meio de Artigos, Notas, Resenhas e Entrevistas resultantes de pesquisas de reconhecido [&hellip;]<\/p>\n","protected":false},"author":202,"featured_media":0,"parent":0,"menu_order":8,"comment_status":"closed","ping_status":"closed","template":"","meta":{"footnotes":""},"class_list":["post-3006","page","type-page","status-publish","hentry"],"jetpack_sharing_enabled":true,"_links":{"self":[{"href":"https:\/\/wp.ufpel.edu.br\/ppgeo\/wp-json\/wp\/v2\/pages\/3006","targetHints":{"allow":["GET"]}}],"collection":[{"href":"https:\/\/wp.ufpel.edu.br\/ppgeo\/wp-json\/wp\/v2\/pages"}],"about":[{"href":"https:\/\/wp.ufpel.edu.br\/ppgeo\/wp-json\/wp\/v2\/types\/page"}],"author":[{"embeddable":true,"href":"https:\/\/wp.ufpel.edu.br\/ppgeo\/wp-json\/wp\/v2\/users\/202"}],"replies":[{"embeddable":true,"href":"https:\/\/wp.ufpel.edu.br\/ppgeo\/wp-json\/wp\/v2\/comments?post=3006"}],"version-history":[{"count":3,"href":"https:\/\/wp.ufpel.edu.br\/ppgeo\/wp-json\/wp\/v2\/pages\/3006\/revisions"}],"predecessor-version":[{"id":3009,"href":"https:\/\/wp.ufpel.edu.br\/ppgeo\/wp-json\/wp\/v2\/pages\/3006\/revisions\/3009"}],"wp:attachment":[{"href":"https:\/\/wp.ufpel.edu.br\/ppgeo\/wp-json\/wp\/v2\/media?parent=3006"}],"curies":[{"name":"wp","href":"https:\/\/api.w.org\/{rel}","templated":true}]}}