{"id":2947,"date":"2024-07-27T16:02:41","date_gmt":"2024-07-27T19:02:41","guid":{"rendered":"https:\/\/wp.ufpel.edu.br\/ppgeo\/?page_id=2947"},"modified":"2026-01-20T15:22:33","modified_gmt":"2026-01-20T18:22:33","slug":"2023-2","status":"publish","type":"page","link":"https:\/\/wp.ufpel.edu.br\/ppgeo\/discentes\/2023-2\/","title":{"rendered":"2023"},"content":{"rendered":"<p>3Bruna Ribeiro Vieira &#8211; <a href=\"http:\/\/lattes.cnpq.br\/6443442461004303\">Lattes<\/a><br \/>\nElinton Gustavo Liziardi &#8211; <a href=\"http:\/\/lattes.cnpq.br\/6144804322286501\">Lattes<\/a><br \/>\nFernanda Puglia Vieira Dias &#8211; <a href=\"http:\/\/lattes.cnpq.br\/9096103627554144\">Lattes<\/a><br \/>\nGabriel da Fonseca Gazal &#8211; <a href=\"http:\/\/lattes.cnpq.br\/1871323692815293\">Lattes<\/a><br \/>\nJanine Bergmann Lopes &#8211; <a href=\"http:\/\/lattes.cnpq.br\/0740186202607146\">Lattes<\/a><br \/>\nJosu\u00e9 Kuhn Volz &#8211; <a href=\"http:\/\/lattes.cnpq.br\/8103116301765301\">Lattes<\/a><br \/>\nM\u00e1rlon Co\u00ed Rojas &#8211; <a href=\"http:\/\/lattes.cnpq.br\/0072803885507902\">Lattes<\/a><br \/>\nYago Jacondino Nunes &#8211; <a href=\"http:\/\/lattes.cnpq.br\/9541559665758436\">Lattes<\/a><\/p>\n","protected":false},"excerpt":{"rendered":"<p>3Bruna Ribeiro Vieira &#8211; Lattes Elinton Gustavo Liziardi &#8211; Lattes Fernanda Puglia Vieira Dias &#8211; Lattes Gabriel da Fonseca Gazal &#8211; Lattes Janine Bergmann Lopes &#8211; Lattes Josu\u00e9 Kuhn Volz &#8211; Lattes M\u00e1rlon Co\u00ed Rojas &#8211; Lattes Yago Jacondino Nunes &#8211; Lattes<\/p>\n","protected":false},"author":202,"featured_media":0,"parent":23,"menu_order":3,"comment_status":"closed","ping_status":"closed","template":"","meta":{"footnotes":""},"class_list":["post-2947","page","type-page","status-publish","hentry"],"jetpack_sharing_enabled":true,"_links":{"self":[{"href":"https:\/\/wp.ufpel.edu.br\/ppgeo\/wp-json\/wp\/v2\/pages\/2947","targetHints":{"allow":["GET"]}}],"collection":[{"href":"https:\/\/wp.ufpel.edu.br\/ppgeo\/wp-json\/wp\/v2\/pages"}],"about":[{"href":"https:\/\/wp.ufpel.edu.br\/ppgeo\/wp-json\/wp\/v2\/types\/page"}],"author":[{"embeddable":true,"href":"https:\/\/wp.ufpel.edu.br\/ppgeo\/wp-json\/wp\/v2\/users\/202"}],"replies":[{"embeddable":true,"href":"https:\/\/wp.ufpel.edu.br\/ppgeo\/wp-json\/wp\/v2\/comments?post=2947"}],"version-history":[{"count":3,"href":"https:\/\/wp.ufpel.edu.br\/ppgeo\/wp-json\/wp\/v2\/pages\/2947\/revisions"}],"predecessor-version":[{"id":3524,"href":"https:\/\/wp.ufpel.edu.br\/ppgeo\/wp-json\/wp\/v2\/pages\/2947\/revisions\/3524"}],"up":[{"embeddable":true,"href":"https:\/\/wp.ufpel.edu.br\/ppgeo\/wp-json\/wp\/v2\/pages\/23"}],"wp:attachment":[{"href":"https:\/\/wp.ufpel.edu.br\/ppgeo\/wp-json\/wp\/v2\/media?parent=2947"}],"curies":[{"name":"wp","href":"https:\/\/api.w.org\/{rel}","templated":true}]}}