{"id":243,"date":"2014-11-12T14:32:46","date_gmt":"2014-11-12T16:32:46","guid":{"rendered":"https:\/\/wp.ufpel.edu.br\/ppgeo\/?page_id=243"},"modified":"2024-07-27T16:56:21","modified_gmt":"2024-07-27T19:56:21","slug":"objetivos","status":"publish","type":"page","link":"https:\/\/wp.ufpel.edu.br\/ppgeo\/programa\/objetivos\/","title":{"rendered":"Objetivos"},"content":{"rendered":"<p><strong>Objetivo Geral<br \/>\n<\/strong><\/p>\n<p>Proporcionar a qualifica\u00e7\u00e3o e o aprimoramento te\u00f3rico, metodol\u00f3gico, t\u00e9cnico e epistemol\u00f3gico a professores, pesquisadores e demais profissionais identificados com a proposta do programa, contribuindo assim para o aprofundamento do conhecimento geogr\u00e1fico, em especial no \u00e2mbito de cada uma das linhas de pesquisa do programa.<\/p>\n<p><strong>Objetivos Espec\u00edficos<br \/>\n<\/strong><\/p>\n<p>&#8211; Atrav\u00e9s das atividades de ensino e pesquisa, promover o aprofundamento das discuss\u00f5es sobre a ci\u00eancia geogr\u00e1fica em seus diferentes enfoques, com especial interesse nas tem\u00e1ticas associadas \u00e0s linhas de pesquisa do programa;<\/p>\n<p>&#8211; Promover um aprofundamento te\u00f3rico-metodol\u00f3gico e pr\u00e1tico que forne\u00e7a aos alunos do programa uma s\u00f3lida base para a constru\u00e7\u00e3o dos trabalhos de pesquisa em Geografia;<\/p>\n<p>&#8211; Promover a forma\u00e7\u00e3o de pesquisadores capazes de identificar e investigar tem\u00e1ticas geogr\u00e1ficas pertinentes, sabendo abord\u00e1-las de forma metodologicamente adequada e integrada, e sabendo divulgar os resultados obtidos no decorrer do processo de pesquisa.<\/p>\n<p>&#8211; Atrav\u00e9s dos trabalhos de ensino e pesquisa, contribuir para o desenvolvimento local e regional;<\/p>\n<p>&#8211; Constituir-se como um curso de refer\u00eancia no Rio Grande do Sul para a forma\u00e7\u00e3o e o aprimoramento em de profissionais de Geografia e \u00e1reas afins.<\/p>\n","protected":false},"excerpt":{"rendered":"<p>Objetivo Geral Proporcionar a qualifica\u00e7\u00e3o e o aprimoramento te\u00f3rico, metodol\u00f3gico, t\u00e9cnico e epistemol\u00f3gico a professores, pesquisadores e demais profissionais identificados com a proposta do programa, contribuindo assim para o aprofundamento do conhecimento geogr\u00e1fico, em especial no \u00e2mbito de cada uma das linhas de pesquisa do programa. Objetivos Espec\u00edficos &#8211; Atrav\u00e9s das atividades de ensino e [&hellip;]<\/p>\n","protected":false},"author":202,"featured_media":0,"parent":62,"menu_order":2,"comment_status":"closed","ping_status":"closed","template":"","meta":{"footnotes":""},"class_list":["post-243","page","type-page","status-publish","hentry"],"jetpack_sharing_enabled":true,"_links":{"self":[{"href":"https:\/\/wp.ufpel.edu.br\/ppgeo\/wp-json\/wp\/v2\/pages\/243","targetHints":{"allow":["GET"]}}],"collection":[{"href":"https:\/\/wp.ufpel.edu.br\/ppgeo\/wp-json\/wp\/v2\/pages"}],"about":[{"href":"https:\/\/wp.ufpel.edu.br\/ppgeo\/wp-json\/wp\/v2\/types\/page"}],"author":[{"embeddable":true,"href":"https:\/\/wp.ufpel.edu.br\/ppgeo\/wp-json\/wp\/v2\/users\/202"}],"replies":[{"embeddable":true,"href":"https:\/\/wp.ufpel.edu.br\/ppgeo\/wp-json\/wp\/v2\/comments?post=243"}],"version-history":[{"count":5,"href":"https:\/\/wp.ufpel.edu.br\/ppgeo\/wp-json\/wp\/v2\/pages\/243\/revisions"}],"predecessor-version":[{"id":2962,"href":"https:\/\/wp.ufpel.edu.br\/ppgeo\/wp-json\/wp\/v2\/pages\/243\/revisions\/2962"}],"up":[{"embeddable":true,"href":"https:\/\/wp.ufpel.edu.br\/ppgeo\/wp-json\/wp\/v2\/pages\/62"}],"wp:attachment":[{"href":"https:\/\/wp.ufpel.edu.br\/ppgeo\/wp-json\/wp\/v2\/media?parent=243"}],"curies":[{"name":"wp","href":"https:\/\/api.w.org\/{rel}","templated":true}]}}