{"id":233,"date":"2014-11-11T15:32:04","date_gmt":"2014-11-11T17:32:04","guid":{"rendered":"https:\/\/wp.ufpel.edu.br\/ppgeo\/?page_id=233"},"modified":"2025-03-27T15:36:34","modified_gmt":"2025-03-27T18:36:34","slug":"sempgeo","status":"publish","type":"page","link":"https:\/\/wp.ufpel.edu.br\/ppgeo\/sempgeo\/","title":{"rendered":"SEMPGEO"},"content":{"rendered":"<p>O PPGeo organiza anualmente o\u00a0<strong>SEMPGEO &#8211; Semin\u00e1rio do Programa de P\u00f3s-Gradua\u00e7\u00e3o em Geografia<\/strong>.<\/p>\n<p>Este\u00a0evento tem por\u00a0objetivo proporcionar a integra\u00e7\u00e3o entre os discentes e docentes do Programa e tamb\u00e9m com as demais institui\u00e7\u00f5es de ensino e pesquisa envolvidas, a partir da socializa\u00e7\u00e3o dos trabalhos cient\u00edficos em desenvolvimento, ou conclu\u00eddos, e espa\u00e7os de discuss\u00e3o de temas atuais no\u00a0\u00e2mbito da Geografia.<\/p>\n<p>Informa\u00e7\u00f5es sobre o SEMPGEO est\u00e3o dispon\u00edveis na <a href=\"https:\/\/wp.ufpel.edu.br\/sempgeoufpel\/\">p\u00e1gina do evento<\/a><\/p>\n<hr \/>\n<p><strong>Anais do Semin\u00e1rio do Programa de P\u00f3s-Gradua\u00e7\u00e3o em Geografia<br \/>\n<\/strong><\/p>\n<p>&nbsp;<\/p>\n<ul>\n<li><a href=\"https:\/\/wp.ufpel.edu.br\/ppgeo\/files\/2025\/03\/ANAIS_SEMPGEO_2024.pdf\">Anais do XI SEMPGEO<\/a><\/li>\n<li><a href=\"https:\/\/drive.google.com\/file\/d\/1YZYXqrc_5h9cIiD4FabWwwGesXh__Wa6\/view?usp=sharing\">Anais do X SEMPGEO<\/a><\/li>\n<li><a href=\"https:\/\/drive.google.com\/file\/d\/1LcLeLMw2E-AX5HjoDZztL_KquqLf_Lqp\/view?usp=sharing\">Anais do IX SEMPGEO<\/a><\/li>\n<li><a href=\"https:\/\/wp.ufpel.edu.br\/ppgeo\/files\/2021\/03\/Anais_VII_SEMPGEO.pdf\">Anais do VII SEMPGEO<\/a><\/li>\n<li><a href=\"https:\/\/wp.ufpel.edu.br\/ppgeo\/files\/2019\/12\/ANAIS-VI-SEMPGEO-2019.pdf\">Anais do VI SEMPGEO<\/a><\/li>\n<li><a href=\"https:\/\/wp.ufpel.edu.br\/ppgeo\/files\/2019\/01\/ANAIS_V_SEMPGEO.pdf\">Anais do V SEMPGEO<\/a><\/li>\n<li><a href=\"https:\/\/wp.ufpel.edu.br\/ppgeo\/files\/2019\/08\/Anais-do-IV-SEMPGEO-Vers\u00e3o-Final.pdf\">Anais do IV SEMPGEO<\/a><\/li>\n<li><a href=\"https:\/\/wp.ufpel.edu.br\/ppgeo\/files\/2017\/12\/ANAIS_III_SEMPGEO.pdf\">Anais do III SEMPGEO<\/a><\/li>\n<li><a href=\"https:\/\/wp.ufpel.edu.br\/ppgeo\/files\/2016\/06\/ANAIS-II-SEMPGEO.pdf\">Anais do II SEMPGEO<\/a><\/li>\n<li><a href=\"https:\/\/wp.ufpel.edu.br\/ppgeo\/files\/2016\/06\/ANAIS-I-SEMPGEO-1.pdf\">Anais do I SEMPGEO<\/a><\/li>\n<\/ul>\n","protected":false},"excerpt":{"rendered":"<p>O PPGeo organiza anualmente o\u00a0SEMPGEO &#8211; Semin\u00e1rio do Programa de P\u00f3s-Gradua\u00e7\u00e3o em Geografia. Este\u00a0evento tem por\u00a0objetivo proporcionar a integra\u00e7\u00e3o entre os discentes e docentes do Programa e tamb\u00e9m com as demais institui\u00e7\u00f5es de ensino e pesquisa envolvidas, a partir da socializa\u00e7\u00e3o dos trabalhos cient\u00edficos em desenvolvimento, ou conclu\u00eddos, e espa\u00e7os de discuss\u00e3o de temas atuais [&hellip;]<\/p>\n","protected":false},"author":202,"featured_media":0,"parent":0,"menu_order":7,"comment_status":"closed","ping_status":"closed","template":"","meta":{"footnotes":""},"class_list":["post-233","page","type-page","status-publish","hentry"],"jetpack_sharing_enabled":true,"_links":{"self":[{"href":"https:\/\/wp.ufpel.edu.br\/ppgeo\/wp-json\/wp\/v2\/pages\/233","targetHints":{"allow":["GET"]}}],"collection":[{"href":"https:\/\/wp.ufpel.edu.br\/ppgeo\/wp-json\/wp\/v2\/pages"}],"about":[{"href":"https:\/\/wp.ufpel.edu.br\/ppgeo\/wp-json\/wp\/v2\/types\/page"}],"author":[{"embeddable":true,"href":"https:\/\/wp.ufpel.edu.br\/ppgeo\/wp-json\/wp\/v2\/users\/202"}],"replies":[{"embeddable":true,"href":"https:\/\/wp.ufpel.edu.br\/ppgeo\/wp-json\/wp\/v2\/comments?post=233"}],"version-history":[{"count":38,"href":"https:\/\/wp.ufpel.edu.br\/ppgeo\/wp-json\/wp\/v2\/pages\/233\/revisions"}],"predecessor-version":[{"id":3259,"href":"https:\/\/wp.ufpel.edu.br\/ppgeo\/wp-json\/wp\/v2\/pages\/233\/revisions\/3259"}],"wp:attachment":[{"href":"https:\/\/wp.ufpel.edu.br\/ppgeo\/wp-json\/wp\/v2\/media?parent=233"}],"curies":[{"name":"wp","href":"https:\/\/api.w.org\/{rel}","templated":true}]}}