{"id":213,"date":"2014-11-06T19:45:07","date_gmt":"2014-11-06T21:45:07","guid":{"rendered":"https:\/\/wp.ufpel.edu.br\/ppgeo\/?page_id=213"},"modified":"2026-03-16T09:51:13","modified_gmt":"2026-03-16T12:51:13","slug":"aluno-especial","status":"publish","type":"page","link":"https:\/\/wp.ufpel.edu.br\/ppgeo\/selecao\/aluno-especial\/","title":{"rendered":"Aluno Especial"},"content":{"rendered":"<p>A sele\u00e7\u00e3o de alunos especiais ocorre sempre pr\u00f3ximo ao in\u00edcio de cada semestre letivo. As informa\u00e7\u00f5es sobre o processo de sele\u00e7\u00e3o s\u00e3o disponibilizadas sob a forma de edital espec\u00edfico para este caso.<\/p>\n<p><strong>Sele\u00e7\u00e3o para Alunos Especial e Aluno externo 2026\/1<\/strong><\/p>\n<p><a href=\"https:\/\/wp.ufpel.edu.br\/ppgeo\/files\/2026\/03\/Lista_de_inscritos_homologados_2026_-_Aluno_Especial___Externo_assinado.pdf\">Inscritos &#8211; Aluno Especial \/ Externo<\/a><\/p>\n<p><a href=\"https:\/\/wp.ufpel.edu.br\/ppgeo\/files\/2026\/03\/SEI_3710218_Despacho.pdf\">Retifica\u00e7\u00e3o do link para pagamento da taxa de inscri\u00e7\u00e3o<\/a><\/p>\n<p><a href=\"https:\/\/wp.ufpel.edu.br\/ppgeo\/files\/2026\/03\/REQUERIMENTO_INSCRICAO_ALUNOS_EXTERNO-3.docx\">Requerimento de inscri\u00e7\u00e3o &#8211; Aluno Externo\u00a0<\/a><\/p>\n<p><a href=\"https:\/\/wp.ufpel.edu.br\/ppgeo\/files\/2026\/03\/REQUERIMENTO_INSCRICAO_ALUNOS_ESPECIAIS-2.docx\">Requerimento de Inscri\u00e7\u00e3o &#8211; Aluno Especial\u00a0<\/a><\/p>\n<p><a href=\"https:\/\/wp.ufpel.edu.br\/ppgeo\/files\/2026\/03\/SEI_3687796_Edital_de_selecao_PRPPG_20.pdf\">Edital de Selecao N\u00ba 20\/2026<\/a><\/p>\n<p>&nbsp;<\/p>\n<p><strong>Sele\u00e7\u00e3o para Alunos Especial e Aluno externo 2025\/2 (encerrada)<\/strong><\/p>\n<p><a href=\"https:\/\/wp.ufpel.edu.br\/ppgeo\/files\/2025\/08\/Inscritos-Aluno-Especial-_-Externo.docx.pdf\">Inscritos &#8211; Aluno Especial\u00a0 \/ Externo.docx<\/a><\/p>\n<p><a href=\"https:\/\/wp.ufpel.edu.br\/ppgeo\/files\/2025\/03\/REQUERIMENTO_INSCRICAO_ALUNOS_EXTERNO-3.pdf\">Requerimento de Inscri\u00e7\u00e3o &#8211; Aluno Externo\u00a0<\/a><\/p>\n<p><a href=\"https:\/\/wp.ufpel.edu.br\/ppgeo\/files\/2025\/03\/REQUERIMENTO_INSCRICAO_ALUNOS_ESPECIAIS-2.pdf\">Requerimento de Inscri\u00e7\u00e3o &#8211; Aluno Especial\u00a0<\/a><\/p>\n<p><a href=\"https:\/\/wp.ufpel.edu.br\/ppgeo\/files\/2025\/08\/SEI_3184694_Edital_de_selecao_PRPPG_135.pdf\">Edital de Sele\u00e7\u00e3o N\u00ba 135\/2025\u00a0<\/a><\/p>\n<p>&nbsp;<\/p>\n<p><strong>Sele\u00e7\u00e3o para Alunos Especial e Aluno externo 2025\/1 (encerrada)<\/strong><\/p>\n<p><a href=\"https:\/\/wp.ufpel.edu.br\/ppgeo\/files\/2025\/04\/Resultado-Preliminar-EDITAL-No-046_2025-2.pdf\">Resultado Preliminar &#8211; EDITAL N\u00ba 046_2025 <\/a><\/p>\n<p><a href=\"https:\/\/wp.ufpel.edu.br\/ppgeo\/files\/2025\/03\/SEI_2993373_Edital_de_selecao_PRPPG_46.pdf\">Edital de sele\u00e7\u00e3o<\/a><\/p>\n<p><a href=\"https:\/\/wp.ufpel.edu.br\/ppgeo\/files\/2025\/03\/REQUERIMENTO_INSCRICAO_ALUNOS_EXTERNO-3.pdf\">Requerimento de Inscri\u00e7\u00e3o &#8211; Aluno Externo<\/a><\/p>\n<p><a href=\"https:\/\/wp.ufpel.edu.br\/ppgeo\/files\/2025\/03\/REQUERIMENTO_INSCRICAO_ALUNOS_ESPECIAIS-2.pdf\">Requerimento de inscri\u00e7\u00e3o &#8211; Aluno Especial<\/a><\/p>\n<p>&nbsp;<\/p>\n<p><strong>Sele\u00e7\u00e3o para Alunos Especial e Aluno externo 2024\/2 (encerrada):<\/strong><\/p>\n<p><a href=\"https:\/\/wp.ufpel.edu.br\/ppgeo\/files\/2024\/08\/SEI_UFPel-2696494-Edital-de-selecao-PRPPG-1.pdf\">Edital de sele\u00e7\u00e3o\u00a0<\/a><\/p>\n<p><a href=\"https:\/\/wp.ufpel.edu.br\/ppgeo\/files\/2024\/08\/REQUERIMENTO_INSCRICAO_ALUNOS_EXTERNO-3.pdf\">Requerimento de Inscri\u00e7\u00e3o &#8211; Aluno Externo<\/a><\/p>\n<p><a href=\"https:\/\/wp.ufpel.edu.br\/ppgeo\/files\/2024\/08\/REQUERIMENTO_INSCRICAO_ALUNOS_ESPECIAIS-2.pdf\">Requerimento de Inscri\u00e7\u00e3o &#8211; Aluno Especial<\/a><\/p>\n<p>&nbsp;<\/p>\n<p><strong>Sele\u00e7\u00e3o para Alunos Especial e Aluno externo 2024\/1 (encerrada):<\/strong><\/p>\n<p><a href=\"https:\/\/wp.ufpel.edu.br\/ppgeo\/files\/2024\/04\/Resultado-Final-aluno-especial-2024_1.pdf\">Resultado Final<\/a><\/p>\n<p style=\"text-align: left;\"><a href=\"https:\/\/wp.ufpel.edu.br\/ppgeo\/files\/2024\/04\/Resultado-preliminar-aluno-especial-20241-1.pdf\">Resultado Preliminar<\/a><\/p>\n<p><a href=\"https:\/\/wp.ufpel.edu.br\/ppgeo\/files\/2024\/03\/SEI_UFPel-2557178-Edital-de-selec\u0327a\u0303o-para-aluno-Especial-PPGEO-1.pdf\">Edital de Sele\u00e7\u00e3o<\/a><\/p>\n<p><a href=\"https:\/\/wp.ufpel.edu.br\/ppgeo\/files\/2024\/03\/REQUERIMENTO_INSCRICAO_ALUNOS_EXTERNO-3.pdf\">Requerimento Aluno Externo<\/a><\/p>\n<p><a href=\"https:\/\/wp.ufpel.edu.br\/ppgeo\/files\/2024\/03\/REQUERIMENTO_INSCRICAO_ALUNOS_ESPECIAIS-2.pdf\">Requerimento Aluno Especial<\/a><\/p>\n<p>&nbsp;<\/p>\n<p><strong>Sele\u00e7\u00e3o para Aluno Especial e Aluno Externo 2022\/2 (encerrada):<\/strong><\/p>\n<p><a href=\"https:\/\/wp.ufpel.edu.br\/ppgeo\/files\/2022\/08\/PPGEO-Selecao-aluno-especial_2022.pdf\">Resultado Final<\/a><\/p>\n<p><a href=\"https:\/\/wp.ufpel.edu.br\/ppgeo\/files\/2022\/07\/SEI_UFPel-1761976-Edital-de-selec\u0327a\u0303o-PRPPG.pdf\">Edital de Sele\u00e7\u00e3o<\/a><\/p>\n<hr \/>\n<p><strong>Sele\u00e7\u00e3o para Aluno Especial 2022\/1 (encerrada):<\/strong><\/p>\n<p><a href=\"https:\/\/wp.ufpel.edu.br\/ppgeo\/files\/2022\/03\/Resultado-Final-aluno-especial-2022_1.pdf\">Resultado Final\u00a0<\/a><\/p>\n<p><a href=\"https:\/\/wp.ufpel.edu.br\/ppgeo\/files\/2022\/03\/Resultado-preliminar-aluno-especial-2022_1.pdf\">Resultado preliminar<\/a><\/p>\n<p><a href=\"https:\/\/wp.ufpel.edu.br\/ppgeo\/files\/2022\/02\/Edital_Aluno_Especial_2022.pdf\">Edital 2022\/1<\/a><\/p>\n<p><a href=\"https:\/\/wp.ufpel.edu.br\/ppgeo\/files\/2022\/02\/REQUERIMENTO_INSCRICAO_ALUNOS_ESPECIAIS_2022.pdf\">Requerimento de Inscri\u00e7\u00e3o<\/a><\/p>\n<hr \/>\n<p><strong>Sele\u00e7\u00e3o para Aluno Especial \u2013 Semestre 2021\/2 (encerrada):<\/strong><\/p>\n<p><a href=\"https:\/\/wp.ufpel.edu.br\/ppgeo\/files\/2021\/07\/Resultado_Final.pdf\">Resultado Final<\/a><\/p>\n<p><a href=\"https:\/\/wp.ufpel.edu.br\/ppgeo\/files\/2021\/07\/Resultado-Preliminar-aluno-especial-PPGEO.pdf\">Resultado Preliminar<\/a><\/p>\n<p><a href=\"https:\/\/wp.ufpel.edu.br\/ppgeo\/files\/2021\/07\/Edital-de-selec\u0327a\u0303o-aluno-especil-PPPGEO-2021-2.pdf\">Edital de 20201_2<\/a><\/p>\n<p><a href=\"https:\/\/wp.ufpel.edu.br\/ppgeo\/files\/2021\/07\/REQUERIMENTO_INSCRICAO_ALUNOS_ESPECIAIS.pdf\">Requerimento de Inscri\u00e7\u00e3o <\/a><\/p>\n<p>&nbsp;<\/p>\n<p><strong>Sele\u00e7\u00e3o para Aluno Especial \u2013 Semestre 2021\/1 (encerrada):<\/strong><\/p>\n<p><a href=\"https:\/\/wp.ufpel.edu.br\/ppgeo\/files\/2021\/03\/SEI_UFPel-1235075-Despacho_Aluno-Especial_2021_1.pdf\">Resultado Final<\/a><\/p>\n<p><a href=\"https:\/\/wp.ufpel.edu.br\/ppgeo\/files\/2021\/03\/Resultado-preliminar-aluno-especial-ppgeo.pdf\">Resultado Preliminar<\/a><\/p>\n<p><a href=\"https:\/\/wp.ufpel.edu.br\/ppgeo\/files\/2021\/03\/REQUERIMENTO_INSCRICAO_ALUNOS_ESPECIAIS.pdf\">Requerimento de Inscri\u00e7\u00e3o<\/a><\/p>\n<p><a href=\"https:\/\/wp.ufpel.edu.br\/ppgeo\/files\/2021\/03\/Edital-Aluno-Especial-2021_1.pdf\">Edital 2021_1<\/a><\/p>\n<hr \/>\n<p><strong>Sele\u00e7\u00e3o para Aluno Especial \u2013 Semestre 2020\/1 &#8211; Oferta em 2020\/2 (encerrada):<\/strong><\/p>\n<p><a href=\"https:\/\/wp.ufpel.edu.br\/ppgeo\/files\/2020\/09\/RESULTADO-ALUNO_ESPECIAL-E-DE-OUTROS-PROGRAMAS.pdf\">Resultado Aluno Especial 2020\/1 &#8211; Oferta 2020\/2<\/a><\/p>\n<p><a href=\"https:\/\/wp.ufpel.edu.br\/ppgeo\/files\/2020\/09\/REQUERIMENTO_INSCRICAO_ALUNOS_ESPECIAIS.pdf\">Requerimento de Inscri\u00e7\u00e3o\u00a0<\/a><\/p>\n<p><a href=\"https:\/\/wp.ufpel.edu.br\/ppgeo\/files\/2020\/09\/SEI_UFPel-1057587-Edital-de-Retificacao-PRPPGI.pdf\">Edital de retifica\u00e7\u00e3o<\/a><\/p>\n<p><a href=\"https:\/\/wp.ufpel.edu.br\/ppgeo\/files\/2020\/09\/SEI_UFPel-1048364-Edital-de-selecao-PRPPGI-1.pdf\">Edital<\/a><\/p>\n<p><a href=\"https:\/\/wp.ufpel.edu.br\/ppgeo\/documentos\/formulario-de-matricula\/\">Formul\u00e1rio de Matr\u00edcula<\/a><\/p>\n<p>&nbsp;<\/p>\n<p><strong>Sele\u00e7\u00e3o para Aluno Especial \u2013 Semestre 2020\/1 (encerrada):<\/strong><\/p>\n<p><a href=\"https:\/\/wp.ufpel.edu.br\/ppgeo\/files\/2020\/03\/Resultado_Aluno_Especial_2020_1.pdf\">Resultado Aluno Especial 2020\/1<\/a><\/p>\n<p><a href=\"https:\/\/wp.ufpel.edu.br\/ppgeo\/files\/2020\/02\/Edital_Aluno_Especial_2020_1.pdf\">Edital de Sele\u00e7\u00e3o<\/a><\/p>\n<p><a href=\"https:\/\/wp.ufpel.edu.br\/ppgeo\/documentos\/formulario-de-matricula\/\">Formul\u00e1rio de matr\u00edcula<\/a><\/p>\n<hr \/>\n<p><strong>Sele\u00e7\u00e3o para Aluno Especial \u2013 Semestre 2019\/2 (encerrada):<\/strong><\/p>\n<p><a href=\"https:\/\/wp.ufpel.edu.br\/ppgeo\/files\/2019\/07\/Edital_Aluno_Especial_2019_2.pdf\">Edital de Sele\u00e7\u00e3o\u00a0<\/a><\/p>\n<p><a href=\"https:\/\/wp.ufpel.edu.br\/ppgeo\/files\/2019\/08\/alunos_especiais_2019_ii.pdf\">Resultado Aluno Especial<\/a><\/p>\n<p><strong>Sele\u00e7\u00e3o para Aluno Especial \u2013 Semestre 2019\/1 (encerrada):<\/strong><\/p>\n<p><a href=\"https:\/\/wp.ufpel.edu.br\/ppgeo\/files\/2019\/03\/SEI_UFPel-0438382-Edital-de-sele\u00e7\u00e3o-PRPPGIaprovado.pdf\">Edital de Sele\u00e7\u00e3o\u00a0<\/a><\/p>\n<p><a href=\"https:\/\/wp.ufpel.edu.br\/ppgeo\/files\/2019\/03\/REQUERIMENTO_INSCRI\u00c7\u00c3O_ALUNOS_ESPECIAIS.pdf\">Requerimento de Inscri\u00e7\u00e3o<\/a><\/p>\n<hr \/>\n<p><strong>Sele\u00e7\u00e3o para Aluno Especial \u2013 Semestre 2018\/2 (encerrada):<\/strong><\/p>\n<p><a href=\"https:\/\/wp.ufpel.edu.br\/ppgeo\/files\/2018\/07\/SEI_UFPel-0211973-Edital-de-sele\u00e7\u00e3o-PRPPGI.pdf\">Edital de Sele\u00e7\u00e3o<\/a><\/p>\n<p><a href=\"https:\/\/wp.ufpel.edu.br\/ppgeo\/files\/2018\/07\/REQUERIMENTO_INSCRI\u00c7\u00c3O_ALUNOS_ESPECIAIS.pdf\">Requerimento de Inscri\u00e7\u00e3o<\/a><\/p>\n<p><a href=\"https:\/\/wp.ufpel.edu.br\/ppgeo\/files\/2018\/08\/lista-alunos-especiais-2018_2.pdf\">Resultado &#8211; Aluno Especial<\/a><\/p>\n<p>&nbsp;<\/p>\n<p><strong>Sele\u00e7\u00e3o para Aluno Especial &#8211; Semestre 2018\/1 (encerrada):<br \/>\n<\/strong><\/p>\n<p><a href=\"https:\/\/wp.ufpel.edu.br\/ppgeo\/files\/2018\/02\/SEI_UFPel-0043751-Edital-de-sele\u00e7\u00e3o-PRPPGI.pdf\">Edital de Sele\u00e7\u00e3o<\/a><\/p>\n<p><a href=\"https:\/\/wp.ufpel.edu.br\/ppgeo\/files\/2018\/02\/FORMULARIO_MATRICULA.pdf\">Requerimento de Inscri\u00e7\u00e3o<\/a><\/p>\n<p><a href=\"https:\/\/wp.ufpel.edu.br\/ppgeo\/files\/2018\/03\/RESULTADO_ALUNO_ESPECIAL_2018_01.pdf\">Resultado &#8211; Aluno Especial<\/a><\/p>\n<hr \/>\n<p><strong>Sele\u00e7\u00e3o para Aluno Especial &#8211; Semestre 2017\/2 (encerrada):<br \/>\n<\/strong><\/p>\n<p><a href=\"https:\/\/wp.ufpel.edu.br\/ppgeo\/files\/2017\/08\/Edital_Aluno_Especial_2017_2.pdf\">Edital de Sele\u00e7\u00e3o<\/a><\/p>\n<p><a href=\"https:\/\/wp.ufpel.edu.br\/ppgeo\/files\/2017\/08\/Requerimento_Inscri\u00e7\u00e3o_Aluno_Especial_2017_2.docx\">Requerimento de Inscri\u00e7\u00e3o<\/a><\/p>\n<p><a href=\"https:\/\/wp.ufpel.edu.br\/ppgeo\/files\/2017\/08\/RESULTADO_ALUNO_ESPECIAL_2017_02.pdf\">Resultado &#8211; Aluno Especial<\/a><\/p>\n<p>&nbsp;<\/p>\n<p><strong>Sele\u00e7\u00e3o para Aluno Especial &#8211; Semestre 2017\/1 (encerrada):<br \/>\n<\/strong><\/p>\n<p><a href=\"https:\/\/wp.ufpel.edu.br\/prppg\/files\/2013\/10\/Edital-de-Aluno-Especial-022-PPG-Geografia.pdf\">Edital de Sele\u00e7\u00e3o<\/a><\/p>\n<p><a href=\"https:\/\/wp.ufpel.edu.br\/ppgeo\/files\/2014\/11\/Requerimento_Inscri\u00e7\u00e3o_Aluno_Especial_2017_1.docx\">Requerimento de Inscri\u00e7\u00e3o<\/a><\/p>\n<p><a href=\"https:\/\/wp.ufpel.edu.br\/ppgeo\/files\/2017\/05\/Resultado_Aluno_Especial_2017_1.pdf\">Resultado &#8211; Aluno Especial<\/a><\/p>\n<hr \/>\n<p><strong>Sele\u00e7\u00e3o para Aluno Especial &#8211; Semestre 2016\/2 (encerrada):<\/strong><\/p>\n<p><a href=\"https:\/\/wp.ufpel.edu.br\/prppg\/files\/2013\/10\/Edital-de-Aluno-Especial-060-PPG-Geografia.pdf\">Edital de Sele\u00e7\u00e3o<\/a><\/p>\n<p><a href=\"https:\/\/wp.ufpel.edu.br\/ppgeo\/files\/2014\/11\/Requerimento_Inscri\u00e7\u00e3o_Aluno_Especial_2016_2.docx\">Requerimento de Inscri\u00e7\u00e3o<\/a><\/p>\n<p><a href=\"https:\/\/wp.ufpel.edu.br\/ppgeo\/files\/2016\/08\/Resultado_Aluno_Especial_2016_2.pdf\">Resultado &#8211; Aluno Especial<\/a><\/p>\n<p>&nbsp;<\/p>\n<p><strong>Sele\u00e7\u00e3o para Aluno Especial &#8211; Semestre 2016\/1 (encerrada):<\/strong><\/p>\n<p><a href=\"https:\/\/wp.ufpel.edu.br\/prppg\/files\/2013\/10\/Edital-Aluno-Especial-030-PPG-Geografia.pdf\">Edital de Sele\u00e7\u00e3o<\/a><\/p>\n<p><a href=\"https:\/\/wp.ufpel.edu.br\/ppgeo\/files\/2014\/11\/Requerimento_Inscri\u00e7\u00e3o_Aluno_Especial_2016_1.docx\">Requerimento de Inscri\u00e7\u00e3o<\/a><\/p>\n<p><a href=\"https:\/\/wp.ufpel.edu.br\/ppgeo\/files\/2016\/03\/Resultado_Aluno_Especial_2016_1.pdf\">Resultado &#8211; Aluno Especial<\/a><\/p>\n<hr \/>\n<p><strong>Sele\u00e7\u00e3o para Aluno Especial &#8211; Semestre 2015\/2 (encerrada):<\/strong><\/p>\n<p><a href=\"https:\/\/wp.ufpel.edu.br\/prppg\/files\/2013\/10\/Edital-Sele%C3%A7%C3%A3o-Aluno-Especial-066-PPG-Geografia.pdf\">Edital de Sele\u00e7\u00e3o<\/a><\/p>\n<p><a href=\"https:\/\/wp.ufpel.edu.br\/ppgeo\/files\/2015\/07\/Requerimento_Inscri\u00e7\u00e3o_Aluno_Especial_2015_2.docx\">Requerimento de Inscri\u00e7\u00e3o 2015_2<\/a><\/p>\n<p><a href=\"https:\/\/wp.ufpel.edu.br\/ppgeo\/files\/2015\/08\/Resultado_Aluno_Especial_2015_2.pdf\">Resultado &#8211; Aluno Especial e Alunos de outros PPGs<\/a><\/p>\n","protected":false},"excerpt":{"rendered":"<p>A sele\u00e7\u00e3o de alunos especiais ocorre sempre pr\u00f3ximo ao in\u00edcio de cada semestre letivo. As informa\u00e7\u00f5es sobre o processo de sele\u00e7\u00e3o s\u00e3o disponibilizadas sob a forma de edital espec\u00edfico para este caso. Sele\u00e7\u00e3o para Alunos Especial e Aluno externo 2026\/1 Inscritos &#8211; Aluno Especial \/ Externo Retifica\u00e7\u00e3o do link para pagamento da taxa de inscri\u00e7\u00e3o [&hellip;]<\/p>\n","protected":false},"author":202,"featured_media":0,"parent":54,"menu_order":2,"comment_status":"closed","ping_status":"closed","template":"","meta":{"footnotes":""},"class_list":["post-213","page","type-page","status-publish","hentry"],"jetpack_sharing_enabled":true,"_links":{"self":[{"href":"https:\/\/wp.ufpel.edu.br\/ppgeo\/wp-json\/wp\/v2\/pages\/213","targetHints":{"allow":["GET"]}}],"collection":[{"href":"https:\/\/wp.ufpel.edu.br\/ppgeo\/wp-json\/wp\/v2\/pages"}],"about":[{"href":"https:\/\/wp.ufpel.edu.br\/ppgeo\/wp-json\/wp\/v2\/types\/page"}],"author":[{"embeddable":true,"href":"https:\/\/wp.ufpel.edu.br\/ppgeo\/wp-json\/wp\/v2\/users\/202"}],"replies":[{"embeddable":true,"href":"https:\/\/wp.ufpel.edu.br\/ppgeo\/wp-json\/wp\/v2\/comments?post=213"}],"version-history":[{"count":4,"href":"https:\/\/wp.ufpel.edu.br\/ppgeo\/wp-json\/wp\/v2\/pages\/213\/revisions"}],"predecessor-version":[{"id":3643,"href":"https:\/\/wp.ufpel.edu.br\/ppgeo\/wp-json\/wp\/v2\/pages\/213\/revisions\/3643"}],"up":[{"embeddable":true,"href":"https:\/\/wp.ufpel.edu.br\/ppgeo\/wp-json\/wp\/v2\/pages\/54"}],"wp:attachment":[{"href":"https:\/\/wp.ufpel.edu.br\/ppgeo\/wp-json\/wp\/v2\/media?parent=213"}],"curies":[{"name":"wp","href":"https:\/\/api.w.org\/{rel}","templated":true}]}}