{"id":2052,"date":"2020-06-17T14:55:30","date_gmt":"2020-06-17T17:55:30","guid":{"rendered":"https:\/\/wp.ufpel.edu.br\/ppgeo\/?page_id=2052"},"modified":"2023-03-26T23:43:23","modified_gmt":"2023-03-27T02:43:23","slug":"docs_qualif_defesa","status":"publish","type":"page","link":"https:\/\/wp.ufpel.edu.br\/ppgeo\/documentos\/docs_qualif_defesa\/","title":{"rendered":"Qualifica\u00e7\u00e3o e Defesa"},"content":{"rendered":"<p><a href=\"https:\/\/wp.ufpel.edu.br\/ppgeo\/files\/2020\/06\/Orienta\u00e7\u00f5es-para-Qualifica\u00e7\u00e3o-e-Defesa.pdf\">Orienta\u00e7\u00f5es para Qualifica\u00e7\u00e3o e Defesa<\/a><\/p>\n<p>&nbsp;<\/p>\n<ul>\n<li><a href=\"https:\/\/wp.ufpel.edu.br\/ppgeo\/files\/2020\/06\/ANEXO-I-Formul\u00e1rio-Membro-Externo.docx\">ANEXO I &#8211; Formul\u00e1rio Membro Externo<\/a><\/li>\n<li><a href=\"https:\/\/wp.ufpel.edu.br\/ppgeo\/files\/2020\/06\/ANEXO-II-Guia-para-membro-externo.pdf\">ANEXO II &#8211; Guia para Membro Externo<\/a><\/li>\n<li><a href=\"https:\/\/wp.ufpel.edu.br\/ppgeo\/files\/2020\/06\/ANEXO-III-Guia-para-criar-uma-Sala-Virtual.pdf\">ANEXO III &#8211; Guia para criar uma Sala Virtual<\/a><\/li>\n<\/ul>\n","protected":false},"excerpt":{"rendered":"<p>Orienta\u00e7\u00f5es para Qualifica\u00e7\u00e3o e Defesa &nbsp; ANEXO I &#8211; Formul\u00e1rio Membro Externo ANEXO II &#8211; Guia para Membro Externo ANEXO III &#8211; Guia para criar uma Sala Virtual<\/p>\n","protected":false},"author":202,"featured_media":0,"parent":89,"menu_order":6,"comment_status":"closed","ping_status":"closed","template":"","meta":{"footnotes":""},"class_list":["post-2052","page","type-page","status-publish","hentry"],"jetpack_sharing_enabled":true,"_links":{"self":[{"href":"https:\/\/wp.ufpel.edu.br\/ppgeo\/wp-json\/wp\/v2\/pages\/2052","targetHints":{"allow":["GET"]}}],"collection":[{"href":"https:\/\/wp.ufpel.edu.br\/ppgeo\/wp-json\/wp\/v2\/pages"}],"about":[{"href":"https:\/\/wp.ufpel.edu.br\/ppgeo\/wp-json\/wp\/v2\/types\/page"}],"author":[{"embeddable":true,"href":"https:\/\/wp.ufpel.edu.br\/ppgeo\/wp-json\/wp\/v2\/users\/202"}],"replies":[{"embeddable":true,"href":"https:\/\/wp.ufpel.edu.br\/ppgeo\/wp-json\/wp\/v2\/comments?post=2052"}],"version-history":[{"count":2,"href":"https:\/\/wp.ufpel.edu.br\/ppgeo\/wp-json\/wp\/v2\/pages\/2052\/revisions"}],"predecessor-version":[{"id":2716,"href":"https:\/\/wp.ufpel.edu.br\/ppgeo\/wp-json\/wp\/v2\/pages\/2052\/revisions\/2716"}],"up":[{"embeddable":true,"href":"https:\/\/wp.ufpel.edu.br\/ppgeo\/wp-json\/wp\/v2\/pages\/89"}],"wp:attachment":[{"href":"https:\/\/wp.ufpel.edu.br\/ppgeo\/wp-json\/wp\/v2\/media?parent=2052"}],"curies":[{"name":"wp","href":"https:\/\/api.w.org\/{rel}","templated":true}]}}