{"id":19,"date":"2014-11-04T21:44:36","date_gmt":"2014-11-04T23:44:36","guid":{"rendered":"https:\/\/wp.ufpel.edu.br\/ppgeo\/?page_id=19"},"modified":"2026-01-21T10:43:21","modified_gmt":"2026-01-21T13:43:21","slug":"laboratorios","status":"publish","type":"page","link":"https:\/\/wp.ufpel.edu.br\/ppgeo\/laboratorios\/","title":{"rendered":"Laborat\u00f3rios"},"content":{"rendered":"<ul>\n<li>\n<h3><strong>LABORAT\u00d3RIOS DE PESQUISA:<\/strong><\/h3>\n<\/li>\n<\/ul>\n<p style=\"text-align: justify;\"><a href=\"https:\/\/wp.ufpel.edu.br\/leaa\/\"><strong>LEAA &#8211; Laborat\u00f3rio de Estudos Agr\u00e1rios e Ambientais<\/strong><\/a><br \/>\nSala 118 do Instituto de Ci\u00eancias Humanas &#8211; UFPel.<br \/>\nO LEAA dedica-se aos estudos sobre a heterogeneidade dos espa\u00e7os rurais, buscando apreender, por um lado, a diversidade na organiza\u00e7\u00e3o socioespacial da agricultura familiar e, por outro, as din\u00e2micas e identidades territoriais, entendendo o desenvolvimento local e regional como resultante das inter-rela\u00e7\u00f5es complexas entre natureza e sociedade, ou seja, o ambiente natural e as tradi\u00e7\u00f5es culturais encontram-se imbricados na constru\u00e7\u00e3o dos territ\u00f3rios rurais.<\/p>\n<p style=\"text-align: justify;\"><a href=\"https:\/\/wp.ufpel.edu.br\/leagef\/\"><strong>LEAGEF &#8211; Laborat\u00f3rio de Estudos Aplicados \u00e0 Geografia F\u00edsica<\/strong><\/a><br \/>\nSala 105 do Instituto de Ci\u00eancias Humanas &#8211; UFPel.<br \/>\nO Laborat\u00f3rio de Estudos Aplicados em Geografia F\u00edsica, constitu\u00eddo no ano de 2012, abrange o conjunto de atividades de pesquisa, ensino e extens\u00e3o, que enfoquem a compreens\u00e3o da din\u00e2mica da sociedade\/natureza na an\u00e1lise geogr\u00e1fica. Tem como proposta, reunir os professores, pesquisadores, bolsistas e alunos interessados na \u00e1rea de Geografia F\u00edsica, possibilitando o desenvolvimento de atividades de pesquisa, ensino e extens\u00e3o, de forma a promover a produ\u00e7\u00e3o de conhecimentos, a forma\u00e7\u00e3o de novos pesquisadores e a dissemina\u00e7\u00e3o do conhecimento produzido.<\/p>\n<p style=\"text-align: justify;\"><a href=\"https:\/\/wp.ufpel.edu.br\/lega\/lega\/\"><strong>LACEG &#8211; Laborat\u00f3rio de Cartografia e Educa\u00e7\u00e3o Geogr\u00e1fica<\/strong><\/a><br \/>\nSala 116 do Instituto de Ci\u00eancias Humanas \u2013 UFPel.<br \/>\nO Laborat\u00f3rio de Cartografia e Educa\u00e7\u00e3o Geogr\u00e1fica (LACEG) da UFPel consolida-se como um espa\u00e7o de ensino, pesquisa e extens\u00e3o que articula a universidade, a escola e institui\u00e7\u00f5es de planejamento. Vinculado ao Departamento de Geografia, tem como objetivos formar professores, bachar\u00e9is e pesquisadores, promover projetos em Cartografia e Educa\u00e7\u00e3o Geogr\u00e1fica e estimular parcerias institucionais. Suas linhas de pesquisa abrangem desde pr\u00e1ticas pedag\u00f3gicas e cartografia escolar at\u00e9 (geo)tecnologias e mapas do cotidiano. O funcionamento \u00e9 regulamentado por normas que garantem organiza\u00e7\u00e3o, \u00e9tica, preserva\u00e7\u00e3o dos recursos e integra\u00e7\u00e3o entre os membros. Assim, o LACEG afirma-se como um polo de inova\u00e7\u00e3o acad\u00eamica e cient\u00edfica, contribuindo para a produ\u00e7\u00e3o de conhecimento e para a forma\u00e7\u00e3o cr\u00edtica de profissionais da Geografia.<\/p>\n<p style=\"text-align: justify;\"><a href=\"https:\/\/wp.ufpel.edu.br\/leurengeo\/\"><strong>LEUR &#8211; Laborat\u00f3rio de Estudos Urbanos e Regionais<\/strong><\/a><br \/>\nSala 212 do Campus 2 do Instituto de Ci\u00eancias Humanas \u2013 UFPel<br \/>\nA atua\u00e7\u00e3o do Laborat\u00f3rio de Estudos Urbanos e Regionais se d\u00e1, prioritariamente, nas\u00a0 linhas: 1. Geografia Urbana, com \u00eanfase para Geografia do Com\u00e9rcio e do Consumo, Geografia Hist\u00f3rica e Geografia Cultural. 2. Ensino de Geografia.<\/p>\n<hr \/>\n<ul>\n<li>\n<h3><strong>LABORAT\u00d3RIOS DID\u00c1TICOS:<\/strong><\/h3>\n<\/li>\n<\/ul>\n<p><strong>AMI &#8211; Ambiente Multidisciplinar Integrado<br \/>\n<\/strong>Sala 317 do Instituto de Ci\u00eancias Humanas &#8211; UFPel<br \/>\nAmbiente multidisciplinar compartilhado Programas de P\u00f3s-Gradua\u00e7\u00e3o em Geografia (PPGeo), Antropologia (PPGAnt) e Hist\u00f3ria (PPGH).<\/p>\n<p><strong>Laborat\u00f3rio Did\u00e1tico de Cartografia<\/strong><br \/>\nSala 101 do\u00a0Campus 2 do Instituto de Ci\u00eancias Humanas \u2013 UFPel<br \/>\nLaborat\u00f3rio did\u00e1tico que disp\u00f5e de mapoteca e de instrumental para o ensino de Cartografia.<\/p>\n<p><strong>Laborat\u00f3rio Did\u00e1tico de Geografia F\u00edsica<\/strong><br \/>\nSala 135-A\u00a0do Instituto de Ci\u00eancias Humanas &#8211; UFPel<br \/>\nAtua no sentido de contribuir para o aprofundamento e a melhoria na qualidade de ensino, pesquisa e extens\u00e3o, estimulando a busca por novos conhecimentos referentes ao espa\u00e7o geogr\u00e1fico, com \u00eanfase nos aspectos f\u00edsicos. Promove a integra\u00e7\u00e3o e a socializa\u00e7\u00e3o de trabalhos e pesquisas voltados aos aspectos f\u00edsico-geogr\u00e1ficos do territ\u00f3rio, Incentivando os acad\u00eamicos e p\u00f3s-graduandos dos cursos de Geografia \u00e0 realiza\u00e7\u00e3o de pesquisas que abrangem os aspectos socioambientais do espa\u00e7o geogr\u00e1fico local e regional. Est\u00e1 localizado em uma sala de 48m\u00b2, equipada com 06 microsc\u00f3pios, 04 computadores, 01 impressora, 01 data show, 01 tela de proje\u00e7\u00e3o e diversas amostras de rochas e minerais, bem como bancadas sob medida e de acordo com as necessidades da \u00e1rea, com capacidade para atender, simultaneamente, 30 alunos em atividades pr\u00e1ticas.<\/p>\n<p><strong>Laborat\u00f3rio de Geotecnologias Aplicadas \u00e0 Geografia<\/strong><br \/>\nSala 201 do Campus 2 do Instituto de Ci\u00eancias Humanas \u2013 UFPel<br \/>\nDestina-se prioritariamente a atender a comunidade discente na realiza\u00e7\u00e3o de atividades acad\u00eamicas que demandem recursos de cartografia digital e geoprocessamento. Busca atender tamb\u00e9m as atividades de pesquisa e extens\u00e3o. Sua infraestrutura conta com 32 computadores conectados a internet, softwares de geoprocessamento, receptores GPS, B\u00fassolas de Ge\u00f3logo, C\u00e2meras Digitais, 1 Esta\u00e7\u00e3o Total e 1 GNSS, al\u00e9m de equipamentos vinculados a estudos de Climatologia, como 06 termo-higr\u00f4metros, 06 anem\u00f4metros digitais port\u00e1teis, uma esta\u00e7\u00e3o meteorol\u00f3gica autom\u00e1tica TFA e 01 computador.<\/p>\n","protected":false},"excerpt":{"rendered":"<p>LABORAT\u00d3RIOS DE PESQUISA: LEAA &#8211; Laborat\u00f3rio de Estudos Agr\u00e1rios e Ambientais Sala 118 do Instituto de Ci\u00eancias Humanas &#8211; UFPel. O LEAA dedica-se aos estudos sobre a heterogeneidade dos espa\u00e7os rurais, buscando apreender, por um lado, a diversidade na organiza\u00e7\u00e3o socioespacial da agricultura familiar e, por outro, as din\u00e2micas e identidades territoriais, entendendo o desenvolvimento [&hellip;]<\/p>\n","protected":false},"author":202,"featured_media":0,"parent":0,"menu_order":4,"comment_status":"closed","ping_status":"closed","template":"","meta":{"footnotes":""},"class_list":["post-19","page","type-page","status-publish","hentry"],"jetpack_sharing_enabled":true,"_links":{"self":[{"href":"https:\/\/wp.ufpel.edu.br\/ppgeo\/wp-json\/wp\/v2\/pages\/19","targetHints":{"allow":["GET"]}}],"collection":[{"href":"https:\/\/wp.ufpel.edu.br\/ppgeo\/wp-json\/wp\/v2\/pages"}],"about":[{"href":"https:\/\/wp.ufpel.edu.br\/ppgeo\/wp-json\/wp\/v2\/types\/page"}],"author":[{"embeddable":true,"href":"https:\/\/wp.ufpel.edu.br\/ppgeo\/wp-json\/wp\/v2\/users\/202"}],"replies":[{"embeddable":true,"href":"https:\/\/wp.ufpel.edu.br\/ppgeo\/wp-json\/wp\/v2\/comments?post=19"}],"version-history":[{"count":4,"href":"https:\/\/wp.ufpel.edu.br\/ppgeo\/wp-json\/wp\/v2\/pages\/19\/revisions"}],"predecessor-version":[{"id":3554,"href":"https:\/\/wp.ufpel.edu.br\/ppgeo\/wp-json\/wp\/v2\/pages\/19\/revisions\/3554"}],"wp:attachment":[{"href":"https:\/\/wp.ufpel.edu.br\/ppgeo\/wp-json\/wp\/v2\/media?parent=19"}],"curies":[{"name":"wp","href":"https:\/\/api.w.org\/{rel}","templated":true}]}}