{"id":159,"date":"2014-11-05T15:55:44","date_gmt":"2014-11-05T17:55:44","guid":{"rendered":"https:\/\/wp.ufpel.edu.br\/ppgeo\/?page_id=159"},"modified":"2025-10-17T15:19:50","modified_gmt":"2025-10-17T18:19:50","slug":"comissoes","status":"publish","type":"page","link":"https:\/\/wp.ufpel.edu.br\/ppgeo\/programa\/comissoes\/","title":{"rendered":"Comiss\u00f5es"},"content":{"rendered":"<p><strong>COMISS\u00d5ES PERMANENTES (<a href=\"https:\/\/wp.ufpel.edu.br\/ppgeo\/files\/2025\/10\/SEI_3394511_Portaria_Interna_134.pdf\">Portaria Interna ICH n\u00ba 134\/2025<\/a>)\u00a0<\/strong><\/p>\n<p class=\"Texto_Justificado_Recuo_Primeira_Linha\"><strong>1. Comiss\u00e3o de Finan\u00e7as:<\/strong><\/p>\n<p class=\"Texto_Justificado_Recuo_Primeira_Linha\">Professor Dr. Maur\u00edcio Rizzatti;<\/p>\n<p class=\"Texto_Justificado_Recuo_Primeira_Linha\">Professora Dra. Laura Rudzewicz;<\/p>\n<p class=\"Texto_Justificado_Recuo_Primeira_Linha\">Professor Dr. Bruno Nunes Batista;<\/p>\n<p class=\"Texto_Justificado_Recuo_Primeira_Linha\">Professor Dr. Maur\u00edcio Meurer (suplente);<\/p>\n<p class=\"Texto_Justificado_Recuo_Primeira_Linha\">Professora Dra. Edvania Aparecida Corr\u00eaa Alves (suplente);<\/p>\n<p class=\"Texto_Justificado_Recuo_Primeira_Linha\">Denise da Rocha Luz (Representante Discente &#8211; titular &#8211; Mestrado);<\/p>\n<p class=\"Texto_Justificado_Recuo_Primeira_Linha\">Carolina Minozzo (Representante Discente &#8211;\u00a0suplente &#8211; Mestrado);<\/p>\n<p class=\"Texto_Justificado_Recuo_Primeira_Linha\">Rebeca Jer\u00f4nimo Nunes da Silva (Representante Discente &#8211; titular &#8211; Doutorado);<\/p>\n<p class=\"Texto_Justificado_Recuo_Primeira_Linha\">Vict\u00f3ria Dejan Paganotto (Representante Discente &#8211; suplente &#8211; Doutorado).<\/p>\n<p class=\"Texto_Justificado_Recuo_Primeira_Linha\"><strong>2. Comiss\u00e3o de Bolsas:<\/strong><\/p>\n<p class=\"Texto_Justificado_Recuo_Primeira_Linha\">Professor Dr. Maur\u00edcio Rizzatti;<\/p>\n<p class=\"Texto_Justificado_Recuo_Primeira_Linha\">Professora Dra. Edvania Aparecida Corr\u00eaa Alves;<\/p>\n<p class=\"Texto_Justificado_Recuo_Primeira_Linha\">Professora Dra. Giovana Mendes Oliveira;<\/p>\n<p class=\"Texto_Justificado_Recuo_Primeira_Linha\">Professor Dr. C\u00e9sar Ferrari Martinez (suplente);<\/p>\n<p class=\"Texto_Justificado_Recuo_Primeira_Linha\">Giane Silva da Silva (Representante Discente &#8211; titular &#8211; Mestrado);<\/p>\n<p class=\"Texto_Justificado_Recuo_Primeira_Linha\">Vinicius Albuquerque de Lima\u00a0(Representante Discente &#8211; suplente &#8211; Mestrado);<\/p>\n<p class=\"Texto_Justificado_Recuo_Primeira_Linha\">Vict\u00f3ria Dejan Paganotto (Representante Discente &#8211; titular &#8211; Doutorado);<\/p>\n<p class=\"Texto_Justificado_Recuo_Primeira_Linha\">Rebeca Jer\u00f4nimo Nunes da Silva (Representante Discente &#8211; suplente &#8211; Doutorado).<\/p>\n<p class=\"Texto_Justificado_Recuo_Primeira_Linha\"><strong>3. Comiss\u00e3o de Auto-Avalia\u00e7\u00e3o:<\/strong><\/p>\n<p class=\"Texto_Justificado_Recuo_Primeira_Linha\">Professor Dr. Maur\u00edcio Rizzatti;<\/p>\n<p class=\"Texto_Justificado_Recuo_Primeira_Linha\">Professora Dra. Edvania Aparecida Corr\u00eaa Alves;<\/p>\n<p class=\"Texto_Justificado_Recuo_Primeira_Linha\">Professora Dra. Giovana Mendes Oliveira;<\/p>\n<p class=\"Texto_Justificado_Recuo_Primeira_Linha\">Professora Dra. Rosangela Lurdes Spironello;<\/p>\n<p class=\"Texto_Justificado_Recuo_Primeira_Linha\">Professor Dr. C\u00e9sar Ferrari Martinez (suplente).<\/p>\n<p class=\"Texto_Justificado_Recuo_Primeira_Linha\"><strong>4. Comiss\u00e3o de Credenciamento, Descredenciamento e Recredenciamento:<\/strong><\/p>\n<p class=\"Texto_Justificado_Recuo_Primeira_Linha\">Professor Dr. Maur\u00edcio Rizzatti;<\/p>\n<p class=\"Texto_Justificado_Recuo_Primeira_Linha\">Professora\u00a0Dra. \u00c9rika Collischonn;<\/p>\n<p class=\"Texto_Justificado_Recuo_Primeira_Linha\">Professora\u00a0Dra. Rosangela Lurdes Spironello;<\/p>\n<p class=\"Texto_Justificado_Recuo_Primeira_Linha\">Professor\u00a0Dr. Sidney Gon\u00e7alves Vieira.<\/p>\n<p>&nbsp;<\/p>\n<p><strong>COMISS\u00d5ES TEMPOR\u00c1RIAS (<a href=\"https:\/\/wp.ufpel.edu.br\/ppgeo\/files\/2025\/08\/SEI_3180710_Portaria_Interna_101.pdf\">Portaria Interna ICH n\u00ba 101\/2025<\/a>)<\/strong><\/p>\n<p><strong>Comiss\u00e3o do Processo de Sele\u00e7\u00e3o &#8211;\u00a0<\/strong><strong>Edital Aluno Regular (Mestrado \/ Doutorado)\u00a0<\/strong><strong>2025<\/strong><\/p>\n<p class=\"Texto_Justificado_Recuo_Primeira_Linha\">Prof\u00aa.Giovana Mendes de Oliveira;<\/p>\n<p class=\"Texto_Justificado_Recuo_Primeira_Linha\">Prof. Adriano Lu\u00eds Heck Simon;<\/p>\n<p class=\"Texto_Justificado_Recuo_Primeira_Linha\">Prof. Cesar Augusto Ferrari Martinez;<\/p>\n<p class=\"Texto_Justificado_Recuo_Primeira_Linha\">Prof. Sidney Gon\u00e7alves Vieira;<\/p>\n<p class=\"Texto_Justificado_Recuo_Primeira_Linha\">Prof\u00aa. Rosangela Lurdes Spironello (Suplente).<\/p>\n<p><strong>Comiss\u00e3o de Recursos para o Edital de Sele\u00e7\u00e3o de Doutorado (Edital 128\/2025)<\/strong><\/p>\n<p class=\"Texto_Justificado_Recuo_Primeira_Linha\">Prof\u00aa. Edvania Aparecida Corr\u00eaa Alves;<\/p>\n<p class=\"Texto_Justificado_Recuo_Primeira_Linha\">Prof. Dr. Mauricio Rizzatti;<\/p>\n<p class=\"Texto_Justificado_Recuo_Primeira_Linha\">Prof. Dr. Roberto Luiz dos Santos Antunes;<\/p>\n<p class=\"Texto_Justificado_Recuo_Primeira_Linha\">Prof\u00aa. Vanda Carneiro Sales.<\/p>\n<p><strong>Comiss\u00e3o\u00a0<\/strong><strong>de Sele\u00e7\u00e3o &#8211; Edital Professor Visitante (Edital 11\/2025)<\/strong><\/p>\n<p class=\"Texto_Justificado_Recuo_Primeira_Linha\">Prof. Bruno Nunes Batista;<\/p>\n<p class=\"Texto_Justificado_Recuo_Primeira_Linha\">Prof\u00aa. Edvania Aparecida Corr\u00eaa Alves;<\/p>\n<p class=\"Texto_Justificado_Recuo_Primeira_Linha\">Prof\u00aa. Dr\u00aa. Laura Rudzewicz<\/p>\n<p class=\"Texto_Justificado_Recuo_Primeira_Linha\">Prof. Dr. Roberto Luiz dos Santos Antunes.<\/p>\n<p>&nbsp;<\/p>\n","protected":false},"excerpt":{"rendered":"<p>COMISS\u00d5ES PERMANENTES (Portaria Interna ICH n\u00ba 134\/2025)\u00a0 1. Comiss\u00e3o de Finan\u00e7as: Professor Dr. Maur\u00edcio Rizzatti; Professora Dra. Laura Rudzewicz; Professor Dr. Bruno Nunes Batista; Professor Dr. Maur\u00edcio Meurer (suplente); Professora Dra. Edvania Aparecida Corr\u00eaa Alves (suplente); Denise da Rocha Luz (Representante Discente &#8211; titular &#8211; Mestrado); Carolina Minozzo (Representante Discente &#8211;\u00a0suplente &#8211; Mestrado); Rebeca Jer\u00f4nimo [&hellip;]<\/p>\n","protected":false},"author":202,"featured_media":0,"parent":62,"menu_order":8,"comment_status":"closed","ping_status":"closed","template":"","meta":{"footnotes":""},"class_list":["post-159","page","type-page","status-publish","hentry"],"jetpack_sharing_enabled":true,"_links":{"self":[{"href":"https:\/\/wp.ufpel.edu.br\/ppgeo\/wp-json\/wp\/v2\/pages\/159","targetHints":{"allow":["GET"]}}],"collection":[{"href":"https:\/\/wp.ufpel.edu.br\/ppgeo\/wp-json\/wp\/v2\/pages"}],"about":[{"href":"https:\/\/wp.ufpel.edu.br\/ppgeo\/wp-json\/wp\/v2\/types\/page"}],"author":[{"embeddable":true,"href":"https:\/\/wp.ufpel.edu.br\/ppgeo\/wp-json\/wp\/v2\/users\/202"}],"replies":[{"embeddable":true,"href":"https:\/\/wp.ufpel.edu.br\/ppgeo\/wp-json\/wp\/v2\/comments?post=159"}],"version-history":[{"count":4,"href":"https:\/\/wp.ufpel.edu.br\/ppgeo\/wp-json\/wp\/v2\/pages\/159\/revisions"}],"predecessor-version":[{"id":3473,"href":"https:\/\/wp.ufpel.edu.br\/ppgeo\/wp-json\/wp\/v2\/pages\/159\/revisions\/3473"}],"up":[{"embeddable":true,"href":"https:\/\/wp.ufpel.edu.br\/ppgeo\/wp-json\/wp\/v2\/pages\/62"}],"wp:attachment":[{"href":"https:\/\/wp.ufpel.edu.br\/ppgeo\/wp-json\/wp\/v2\/media?parent=159"}],"curies":[{"name":"wp","href":"https:\/\/api.w.org\/{rel}","templated":true}]}}