{"id":1586,"date":"2019-05-19T17:41:10","date_gmt":"2019-05-19T20:41:10","guid":{"rendered":"https:\/\/wp.ufpel.edu.br\/ppgeo\/?page_id=1586"},"modified":"2026-01-20T15:24:30","modified_gmt":"2026-01-20T18:24:30","slug":"2019-2","status":"publish","type":"page","link":"https:\/\/wp.ufpel.edu.br\/ppgeo\/discentes\/2019-2\/","title":{"rendered":"2019"},"content":{"rendered":"<p>Adriel Costa da Silva &#8211; <a href=\"http:\/\/buscatextual.cnpq.br\/buscatextual\/visualizacv.do?id=K8139141D7\">Lattes<\/a><\/p>\n<p>Alexandre Garcia Amaral &#8211; <a href=\"http:\/\/buscatextual.cnpq.br\/buscatextual\/visualizacv.do?id=K4771272P6\">Lattes<\/a><\/p>\n<p>Andressa Amaral dos Santos &#8211; <a href=\"http:\/\/buscatextual.cnpq.br\/buscatextual\/visualizacv.do?id=K8219937E5\">Lattes<\/a><\/p>\n<p>C\u00edntia Helenice Aires &#8211; <a href=\"http:\/\/buscatextual.cnpq.br\/buscatextual\/visualizacv.do?id=K4468296Y3\">Lattes<\/a><\/p>\n<p>Jorge Am\u00e9rico da Silva Winter J\u00fanior &#8211; <a href=\"http:\/\/buscatextual.cnpq.br\/buscatextual\/visualizacv.do?id=K4491854T6\">Lattes<\/a><\/p>\n<p>Josiane Silveira Silveira &#8211; <a href=\"http:\/\/buscatextual.cnpq.br\/buscatextual\/visualizacv.do?id=K2737375U0\">Lattes<\/a><\/p>\n<p>J\u00falio de Anello Balbela &#8211; <a href=\"http:\/\/buscatextual.cnpq.br\/buscatextual\/visualizacv.do?id=K4848495A3\">Lattes<\/a><\/p>\n<p>Kelvin Dutra Xavier &#8211; <a href=\"http:\/\/buscatextual.cnpq.br\/buscatextual\/visualizacv.do?id=K8056138J3\">Lattes<\/a><\/p>\n<p>Maiara Berdete &#8211; <a href=\"http:\/\/lattes.cnpq.br\/8273235370211705\">Lattes<\/a><\/p>\n<p>Marceli Teixeira dos Santos &#8211; <a href=\"http:\/\/buscatextual.cnpq.br\/buscatextual\/visualizacv.do?id=K2706332Y8\">Lattes<\/a><\/p>\n<p>Nath\u00e1lia Bonow &#8211; <a href=\"http:\/\/buscatextual.cnpq.br\/buscatextual\/visualizacv.do?id=K8152559Z2\">Lattes<\/a><\/p>\n<p>Rodrigo de Oliveira Siqueira &#8211; <a href=\"http:\/\/buscatextual.cnpq.br\/buscatextual\/visualizacv.do?id=K4089844J9\">Lattes<\/a><\/p>\n<p>Rosana Botelho Gon\u00e7alves Ostermann &#8211; <a href=\"http:\/\/buscatextual.cnpq.br\/buscatextual\/visualizacv.do?id=K4209439T8\">Lattes<\/a><\/p>\n<p>Valdirene Drehmer &#8211; <a href=\"http:\/\/buscatextual.cnpq.br\/buscatextual\/visualizacv.do?id=K2777225U9\">Lattes<\/a><\/p>\n","protected":false},"excerpt":{"rendered":"<p>Adriel Costa da Silva &#8211; Lattes Alexandre Garcia Amaral &#8211; Lattes Andressa Amaral dos Santos &#8211; Lattes C\u00edntia Helenice Aires &#8211; Lattes Jorge Am\u00e9rico da Silva Winter J\u00fanior &#8211; Lattes Josiane Silveira Silveira &#8211; Lattes J\u00falio de Anello Balbela &#8211; Lattes Kelvin Dutra Xavier &#8211; Lattes Maiara Berdete &#8211; Lattes Marceli Teixeira dos Santos &#8211; [&hellip;]<\/p>\n","protected":false},"author":202,"featured_media":0,"parent":23,"menu_order":7,"comment_status":"closed","ping_status":"closed","template":"","meta":{"footnotes":""},"class_list":["post-1586","page","type-page","status-publish","hentry"],"jetpack_sharing_enabled":true,"_links":{"self":[{"href":"https:\/\/wp.ufpel.edu.br\/ppgeo\/wp-json\/wp\/v2\/pages\/1586","targetHints":{"allow":["GET"]}}],"collection":[{"href":"https:\/\/wp.ufpel.edu.br\/ppgeo\/wp-json\/wp\/v2\/pages"}],"about":[{"href":"https:\/\/wp.ufpel.edu.br\/ppgeo\/wp-json\/wp\/v2\/types\/page"}],"author":[{"embeddable":true,"href":"https:\/\/wp.ufpel.edu.br\/ppgeo\/wp-json\/wp\/v2\/users\/202"}],"replies":[{"embeddable":true,"href":"https:\/\/wp.ufpel.edu.br\/ppgeo\/wp-json\/wp\/v2\/comments?post=1586"}],"version-history":[{"count":5,"href":"https:\/\/wp.ufpel.edu.br\/ppgeo\/wp-json\/wp\/v2\/pages\/1586\/revisions"}],"predecessor-version":[{"id":1644,"href":"https:\/\/wp.ufpel.edu.br\/ppgeo\/wp-json\/wp\/v2\/pages\/1586\/revisions\/1644"}],"up":[{"embeddable":true,"href":"https:\/\/wp.ufpel.edu.br\/ppgeo\/wp-json\/wp\/v2\/pages\/23"}],"wp:attachment":[{"href":"https:\/\/wp.ufpel.edu.br\/ppgeo\/wp-json\/wp\/v2\/media?parent=1586"}],"curies":[{"name":"wp","href":"https:\/\/api.w.org\/{rel}","templated":true}]}}