{"id":1444,"date":"2018-09-24T14:07:14","date_gmt":"2018-09-24T17:07:14","guid":{"rendered":"https:\/\/wp.ufpel.edu.br\/ppgeo\/?page_id=1444"},"modified":"2023-03-26T22:58:50","modified_gmt":"2023-03-27T01:58:50","slug":"pos-doutorado","status":"publish","type":"page","link":"https:\/\/wp.ufpel.edu.br\/ppgeo\/selecao\/pos-doutorado\/","title":{"rendered":"P\u00f3s-Doutorado"},"content":{"rendered":"<p><strong>Sele\u00e7\u00e3o para P\u00f3s-doutorando 2020: <\/strong>(encerrada)<\/p>\n<p><a href=\"https:\/\/wp.ufpel.edu.br\/ppgeo\/files\/2020\/04\/ResultadoPNPD_PPGEO_2020.pdf\">Resultado<\/a><\/p>\n<p><a href=\"https:\/\/wp.ufpel.edu.br\/ppgeo\/files\/2020\/04\/Inscri\u00e7\u00f5es_Homologadas_Pos-Doc_2020.pdf\">Inscri\u00e7\u00f5es Homologadas<\/a><\/p>\n<p><a href=\"https:\/\/wp.ufpel.edu.br\/ppgeo\/files\/2020\/04\/Edital-PNPD_PPGEO_2020_novo.pdf\">Edital de Sele\u00e7\u00e3o 2020<\/a><\/p>\n<hr \/>\n<p><strong>Sele\u00e7\u00e3o para bolsista de P\u00f3s-doutorado PNPD\/CAPES: <\/strong>(encerrada)<\/p>\n<p><a href=\"https:\/\/wp.ufpel.edu.br\/ppgeo\/files\/2018\/11\/ResultadoRECURSO_PNPD_PPGEO_2018.pdf\">Resultado do Recurso<\/a><\/p>\n<p><a href=\"https:\/\/wp.ufpel.edu.br\/ppgeo\/files\/2018\/10\/ResultadoPNPD_PPGEO_2018.pdf\">Resultado<\/a><\/p>\n<p><a href=\"https:\/\/wp.ufpel.edu.br\/ppgeo\/files\/2018\/10\/Homologa\u00e7\u00e3o_PNPD_2018.pdf\">Homologa\u00e7\u00e3o das Inscri\u00e7\u00f5es<\/a><\/p>\n<p><a href=\"https:\/\/wp.ufpel.edu.br\/ppgeo\/files\/2018\/09\/Edital-PNPD_PPGEO_2018.pdf\">Edital<\/a><\/p>\n","protected":false},"excerpt":{"rendered":"<p>Sele\u00e7\u00e3o para P\u00f3s-doutorando 2020: (encerrada) Resultado Inscri\u00e7\u00f5es Homologadas Edital de Sele\u00e7\u00e3o 2020 Sele\u00e7\u00e3o para bolsista de P\u00f3s-doutorado PNPD\/CAPES: (encerrada) Resultado do Recurso Resultado Homologa\u00e7\u00e3o das Inscri\u00e7\u00f5es Edital<\/p>\n","protected":false},"author":202,"featured_media":0,"parent":54,"menu_order":3,"comment_status":"closed","ping_status":"closed","template":"","meta":{"footnotes":""},"class_list":["post-1444","page","type-page","status-publish","hentry"],"jetpack_sharing_enabled":true,"_links":{"self":[{"href":"https:\/\/wp.ufpel.edu.br\/ppgeo\/wp-json\/wp\/v2\/pages\/1444","targetHints":{"allow":["GET"]}}],"collection":[{"href":"https:\/\/wp.ufpel.edu.br\/ppgeo\/wp-json\/wp\/v2\/pages"}],"about":[{"href":"https:\/\/wp.ufpel.edu.br\/ppgeo\/wp-json\/wp\/v2\/types\/page"}],"author":[{"embeddable":true,"href":"https:\/\/wp.ufpel.edu.br\/ppgeo\/wp-json\/wp\/v2\/users\/202"}],"replies":[{"embeddable":true,"href":"https:\/\/wp.ufpel.edu.br\/ppgeo\/wp-json\/wp\/v2\/comments?post=1444"}],"version-history":[{"count":12,"href":"https:\/\/wp.ufpel.edu.br\/ppgeo\/wp-json\/wp\/v2\/pages\/1444\/revisions"}],"predecessor-version":[{"id":2703,"href":"https:\/\/wp.ufpel.edu.br\/ppgeo\/wp-json\/wp\/v2\/pages\/1444\/revisions\/2703"}],"up":[{"embeddable":true,"href":"https:\/\/wp.ufpel.edu.br\/ppgeo\/wp-json\/wp\/v2\/pages\/54"}],"wp:attachment":[{"href":"https:\/\/wp.ufpel.edu.br\/ppgeo\/wp-json\/wp\/v2\/media?parent=1444"}],"curies":[{"name":"wp","href":"https:\/\/api.w.org\/{rel}","templated":true}]}}