{"id":135,"date":"2014-11-05T15:05:56","date_gmt":"2014-11-05T17:05:56","guid":{"rendered":"https:\/\/wp.ufpel.edu.br\/ppgeo\/?page_id=135"},"modified":"2023-03-26T23:38:25","modified_gmt":"2023-03-27T02:38:25","slug":"credenciamentodescredenciamento","status":"publish","type":"page","link":"https:\/\/wp.ufpel.edu.br\/ppgeo\/documentos\/credenciamentodescredenciamento\/","title":{"rendered":"Credenciam.\/Descredenciam."},"content":{"rendered":"<p><a href=\"https:\/\/wp.ufpel.edu.br\/ppgeo\/files\/2022\/02\/RESOLUCAO-2021-CCDR-FINAL.pdf\">Resolu\u00e7\u00e3o de Credenciamento 01\/2021<\/a> (em vigor)<\/p>\n<p><a href=\"https:\/\/wp.ufpel.edu.br\/ppgeo\/files\/2022\/02\/ANEXO-1_PLANILHA-DE-AVALIACAO_CCDR.pdf\">Anexo 1 &#8211; Planilha de avalia\u00e7\u00e3o<\/a> (em vigor)<\/p>\n<hr \/>\n<ul>\n<li><strong>PROCESSOS E DOCUMENTOS ANTERIORES:<\/strong><\/li>\n<\/ul>\n<p><a href=\"https:\/\/wp.ufpel.edu.br\/ppgeo\/files\/2020\/03\/pos_juizo-1.pdf\">Resultado do Credenciamento ap\u00f3s decis\u00e3o judicial<\/a><\/p>\n<p><a href=\"https:\/\/wp.ufpel.edu.br\/ppgeo\/files\/2019\/11\/Credenciamento_Resultado_NOVO.pdf\">Resultado do Credenciamento ap\u00f3s decis\u00e3o judicial<\/a><\/p>\n<p><a href=\"https:\/\/wp.ufpel.edu.br\/ppgeo\/files\/2019\/05\/Resolu\u00e7\u00e3o01_2019.pdf\">Resolu\u00e7\u00e3o de Credenciamento 01\/2019<\/a><\/p>\n<p><a href=\"https:\/\/wp.ufpel.edu.br\/ppgeo\/files\/2019\/06\/CREDENCIAMENTO_DOCENTES_PPGEO_2019.pdf\">Edital de Credenciamento 2019<\/a><\/p>\n<p><a href=\"https:\/\/wp.ufpel.edu.br\/ppgeo\/files\/2019\/08\/HOMOLOGA\u00c7\u00c3O-DAS-INSCRI\u00c7\u00d5ES.pdf\">Homologa\u00e7\u00e3o das Inscri\u00e7\u00f5es<\/a><\/p>\n<p><a href=\"https:\/\/wp.ufpel.edu.br\/ppgeo\/files\/2019\/08\/Resultado-recurso-PPGeo.pdf\">Resultado dos Recursos<\/a><\/p>\n<p><a href=\"https:\/\/wp.ufpel.edu.br\/ppgeo\/files\/2019\/08\/Resultado-CCDR.pdf\">Resultado do Edital de Credenciamento 2019<\/a> (revogada)<\/p>\n<p><a href=\"https:\/\/wp.ufpel.edu.br\/ppgeo\/files\/2019\/09\/Resultado-Final-Credenciamento-de-novos-docentes-PPGeo.pdf\">Resultado Final &#8211; Credenciamento de novos docentes PPGeo<\/a> (ap\u00f3s recursos)<\/p>\n","protected":false},"excerpt":{"rendered":"<p>Resolu\u00e7\u00e3o de Credenciamento 01\/2021 (em vigor) Anexo 1 &#8211; Planilha de avalia\u00e7\u00e3o (em vigor) PROCESSOS E DOCUMENTOS ANTERIORES: Resultado do Credenciamento ap\u00f3s decis\u00e3o judicial Resultado do Credenciamento ap\u00f3s decis\u00e3o judicial Resolu\u00e7\u00e3o de Credenciamento 01\/2019 Edital de Credenciamento 2019 Homologa\u00e7\u00e3o das Inscri\u00e7\u00f5es Resultado dos Recursos Resultado do Edital de Credenciamento 2019 (revogada) Resultado Final &#8211; Credenciamento [&hellip;]<\/p>\n","protected":false},"author":202,"featured_media":0,"parent":89,"menu_order":2,"comment_status":"closed","ping_status":"closed","template":"","meta":{"footnotes":""},"class_list":["post-135","page","type-page","status-publish","hentry"],"jetpack_sharing_enabled":true,"_links":{"self":[{"href":"https:\/\/wp.ufpel.edu.br\/ppgeo\/wp-json\/wp\/v2\/pages\/135","targetHints":{"allow":["GET"]}}],"collection":[{"href":"https:\/\/wp.ufpel.edu.br\/ppgeo\/wp-json\/wp\/v2\/pages"}],"about":[{"href":"https:\/\/wp.ufpel.edu.br\/ppgeo\/wp-json\/wp\/v2\/types\/page"}],"author":[{"embeddable":true,"href":"https:\/\/wp.ufpel.edu.br\/ppgeo\/wp-json\/wp\/v2\/users\/202"}],"replies":[{"embeddable":true,"href":"https:\/\/wp.ufpel.edu.br\/ppgeo\/wp-json\/wp\/v2\/comments?post=135"}],"version-history":[{"count":16,"href":"https:\/\/wp.ufpel.edu.br\/ppgeo\/wp-json\/wp\/v2\/pages\/135\/revisions"}],"predecessor-version":[{"id":2714,"href":"https:\/\/wp.ufpel.edu.br\/ppgeo\/wp-json\/wp\/v2\/pages\/135\/revisions\/2714"}],"up":[{"embeddable":true,"href":"https:\/\/wp.ufpel.edu.br\/ppgeo\/wp-json\/wp\/v2\/pages\/89"}],"wp:attachment":[{"href":"https:\/\/wp.ufpel.edu.br\/ppgeo\/wp-json\/wp\/v2\/media?parent=135"}],"curies":[{"name":"wp","href":"https:\/\/api.w.org\/{rel}","templated":true}]}}