{"id":128,"date":"2014-11-05T14:57:10","date_gmt":"2014-11-05T16:57:10","guid":{"rendered":"https:\/\/wp.ufpel.edu.br\/ppgeo\/?page_id=128"},"modified":"2025-10-17T15:18:25","modified_gmt":"2025-10-17T18:18:25","slug":"coordenacao","status":"publish","type":"page","link":"https:\/\/wp.ufpel.edu.br\/ppgeo\/programa\/coordenacao\/","title":{"rendered":"Coordena\u00e7\u00e3o"},"content":{"rendered":"<p><strong><a href=\"https:\/\/wp.ufpel.edu.br\/ppgeo\/files\/2025\/10\/SEI_3394337_Portaria_Interna_133.pdf\">Portaria Interna ICH n\u00ba 133\/2025-Recomposi\u00e7\u00e3o do Colegiado do PPGGeo<\/a><\/strong><\/p>\n<p><strong>Coordenador: <\/strong><\/p>\n<p>Prof. Dr. Maur\u00edcio Rizzatti<\/p>\n<p><strong>Coordenador adjunto: <\/strong><\/p>\n<p>Prof. Dr. Maur\u00edcio Meurer<\/p>\n<p class=\"Texto_Justificado_Recuo_Primeira_Linha\"><strong>Representantes das Linhas de Pesquisa:\u00a0<\/strong><\/p>\n<p class=\"Texto_Justificado_Recuo_Primeira_Linha\">Professor\u00a0Dr. Adriano Lu\u00eds Heck Simon (An\u00e1lise Ambiental);<\/p>\n<p class=\"Texto_Justificado_Recuo_Primeira_Linha\">Professora\u00a0Dra. Gracieli Trentin (suplente);<\/p>\n<p class=\"Texto_Justificado_Recuo_Primeira_Linha\">Professora\u00a0Dra. Giovana Mendes de Oliveira (An\u00e1lise Territorial);<\/p>\n<p class=\"Texto_Justificado_Recuo_Primeira_Linha\">Professora\u00a0Dra. Lara Dalperio Buscioli (suplente);<\/p>\n<p class=\"Texto_Justificado_Recuo_Primeira_Linha\">Professora\u00a0Dra. Rosangela Lurdes Spironello (Educa\u00e7\u00e3o Geogr\u00e1fica, Ensino de Geografia e Forma\u00e7\u00e3o de Professores);<\/p>\n<p class=\"Texto_Justificado_Recuo_Primeira_Linha\">Professora Dra. Gabriela Dambros (suplente).<\/p>\n<p class=\"Texto_Justificado_Recuo_Primeira_Linha\"><strong>Representantes Discentes:<\/strong><\/p>\n<p class=\"Texto_Justificado_Recuo_Primeira_Linha\">Cassiely da Roza Pacheco (titular &#8211; Mestrado);<\/p>\n<p class=\"Texto_Justificado_Recuo_Primeira_Linha\">Vinicius Albuquerque de Lima (suplente &#8211; Mestrado);<\/p>\n<p class=\"Texto_Justificado_Recuo_Primeira_Linha\">Ires de Oliveira Furtado (titular &#8211; Doutorado);<\/p>\n<p class=\"Texto_Justificado_Recuo_Primeira_Linha\">Erica Insaurriaga Megiato (suplente &#8211; Doutorado).<\/p>\n<p>&nbsp;<\/p>\n","protected":false},"excerpt":{"rendered":"<p>Portaria Interna ICH n\u00ba 133\/2025-Recomposi\u00e7\u00e3o do Colegiado do PPGGeo Coordenador: Prof. Dr. Maur\u00edcio Rizzatti Coordenador adjunto: Prof. Dr. Maur\u00edcio Meurer Representantes das Linhas de Pesquisa:\u00a0 Professor\u00a0Dr. Adriano Lu\u00eds Heck Simon (An\u00e1lise Ambiental); Professora\u00a0Dra. Gracieli Trentin (suplente); Professora\u00a0Dra. Giovana Mendes de Oliveira (An\u00e1lise Territorial); Professora\u00a0Dra. Lara Dalperio Buscioli (suplente); Professora\u00a0Dra. Rosangela Lurdes Spironello (Educa\u00e7\u00e3o Geogr\u00e1fica, Ensino [&hellip;]<\/p>\n","protected":false},"author":202,"featured_media":0,"parent":62,"menu_order":9,"comment_status":"closed","ping_status":"closed","template":"","meta":{"footnotes":""},"class_list":["post-128","page","type-page","status-publish","hentry"],"jetpack_sharing_enabled":true,"_links":{"self":[{"href":"https:\/\/wp.ufpel.edu.br\/ppgeo\/wp-json\/wp\/v2\/pages\/128","targetHints":{"allow":["GET"]}}],"collection":[{"href":"https:\/\/wp.ufpel.edu.br\/ppgeo\/wp-json\/wp\/v2\/pages"}],"about":[{"href":"https:\/\/wp.ufpel.edu.br\/ppgeo\/wp-json\/wp\/v2\/types\/page"}],"author":[{"embeddable":true,"href":"https:\/\/wp.ufpel.edu.br\/ppgeo\/wp-json\/wp\/v2\/users\/202"}],"replies":[{"embeddable":true,"href":"https:\/\/wp.ufpel.edu.br\/ppgeo\/wp-json\/wp\/v2\/comments?post=128"}],"version-history":[{"count":4,"href":"https:\/\/wp.ufpel.edu.br\/ppgeo\/wp-json\/wp\/v2\/pages\/128\/revisions"}],"predecessor-version":[{"id":3472,"href":"https:\/\/wp.ufpel.edu.br\/ppgeo\/wp-json\/wp\/v2\/pages\/128\/revisions\/3472"}],"up":[{"embeddable":true,"href":"https:\/\/wp.ufpel.edu.br\/ppgeo\/wp-json\/wp\/v2\/pages\/62"}],"wp:attachment":[{"href":"https:\/\/wp.ufpel.edu.br\/ppgeo\/wp-json\/wp\/v2\/media?parent=128"}],"curies":[{"name":"wp","href":"https:\/\/api.w.org\/{rel}","templated":true}]}}