{"id":1171,"date":"2017-08-01T20:14:44","date_gmt":"2017-08-01T23:14:44","guid":{"rendered":"https:\/\/wp.ufpel.edu.br\/ppgeo\/?page_id=1171"},"modified":"2026-01-20T15:25:02","modified_gmt":"2026-01-20T18:25:02","slug":"2017-2","status":"publish","type":"page","link":"https:\/\/wp.ufpel.edu.br\/ppgeo\/discentes\/2017-2\/","title":{"rendered":"2017"},"content":{"rendered":"<p>Ana Paula Melo da Silva &#8211; <a href=\"http:\/\/lattes.cnpq.br\/5779742656648899\">Lattes<\/a><\/p>\n<p>Bianca Souza Barbosa &#8211; <a href=\"http:\/\/lattes.cnpq.br\/2540253336454376\">Lattes<\/a><\/p>\n<p>Diego Noda dos Santos &#8211; <a href=\"http:\/\/lattes.cnpq.br\/3250499501562386\">Lattes<\/a><\/p>\n<p>Henrique M\u00fcller Priebbernow &#8211; <a href=\"http:\/\/lattes.cnpq.br\/4704640213472347\">Lattes<\/a><\/p>\n<p>Jos\u00e9 Luiz Louren\u00e7o Ribeiro &#8211; <a href=\"http:\/\/lattes.cnpq.br\/8756674651361216\">Lattes<\/a><\/p>\n<p>Luciano Martins da Rosa &#8211; <a href=\"http:\/\/lattes.cnpq.br\/0535582784440483\">Lattes<\/a><\/p>\n<p>Solange Otte N\u00f6rnberg &#8211; <a href=\"http:\/\/lattes.cnpq.br\/1220442885052719\">Lattes<\/a><\/p>\n","protected":false},"excerpt":{"rendered":"<p>Ana Paula Melo da Silva &#8211; Lattes Bianca Souza Barbosa &#8211; Lattes Diego Noda dos Santos &#8211; Lattes Henrique M\u00fcller Priebbernow &#8211; Lattes Jos\u00e9 Luiz Louren\u00e7o Ribeiro &#8211; Lattes Luciano Martins da Rosa &#8211; Lattes Solange Otte N\u00f6rnberg &#8211; Lattes<\/p>\n","protected":false},"author":202,"featured_media":0,"parent":23,"menu_order":9,"comment_status":"closed","ping_status":"closed","template":"","meta":{"footnotes":""},"class_list":["post-1171","page","type-page","status-publish","hentry"],"jetpack_sharing_enabled":true,"_links":{"self":[{"href":"https:\/\/wp.ufpel.edu.br\/ppgeo\/wp-json\/wp\/v2\/pages\/1171","targetHints":{"allow":["GET"]}}],"collection":[{"href":"https:\/\/wp.ufpel.edu.br\/ppgeo\/wp-json\/wp\/v2\/pages"}],"about":[{"href":"https:\/\/wp.ufpel.edu.br\/ppgeo\/wp-json\/wp\/v2\/types\/page"}],"author":[{"embeddable":true,"href":"https:\/\/wp.ufpel.edu.br\/ppgeo\/wp-json\/wp\/v2\/users\/202"}],"replies":[{"embeddable":true,"href":"https:\/\/wp.ufpel.edu.br\/ppgeo\/wp-json\/wp\/v2\/comments?post=1171"}],"version-history":[{"count":11,"href":"https:\/\/wp.ufpel.edu.br\/ppgeo\/wp-json\/wp\/v2\/pages\/1171\/revisions"}],"predecessor-version":[{"id":1593,"href":"https:\/\/wp.ufpel.edu.br\/ppgeo\/wp-json\/wp\/v2\/pages\/1171\/revisions\/1593"}],"up":[{"embeddable":true,"href":"https:\/\/wp.ufpel.edu.br\/ppgeo\/wp-json\/wp\/v2\/pages\/23"}],"wp:attachment":[{"href":"https:\/\/wp.ufpel.edu.br\/ppgeo\/wp-json\/wp\/v2\/media?parent=1171"}],"curies":[{"name":"wp","href":"https:\/\/api.w.org\/{rel}","templated":true}]}}