{"id":1098,"date":"2017-03-25T20:54:02","date_gmt":"2017-03-25T23:54:02","guid":{"rendered":"https:\/\/wp.ufpel.edu.br\/ppgeo\/?page_id=1098"},"modified":"2026-01-21T10:42:20","modified_gmt":"2026-01-21T13:42:20","slug":"calendario-academico","status":"publish","type":"page","link":"https:\/\/wp.ufpel.edu.br\/ppgeo\/documentos\/calendario-academico\/","title":{"rendered":"Calend\u00e1rio Acad\u00eamico"},"content":{"rendered":"<p><a href=\"https:\/\/wp.ufpel.edu.br\/cra\/calendarios-academicos\/calendario-academico-2026\/\">Calend\u00e1rio Acad\u00eamico 2026<\/a><\/p>\n<p><a href=\"https:\/\/wp.ufpel.edu.br\/cra\/calendarios-academicos\/calendario-academico-2025\/\">Calend\u00e1rio Acad\u00eamico 2025<\/a><\/p>\n<p><a href=\"https:\/\/wp.ufpel.edu.br\/cra\/calendarios-academicos\/calendario-academico-2024\/\">Calend\u00e1rio Acad\u00eamico 2024<\/a><\/p>\n<p><a href=\"https:\/\/wp.ufpel.edu.br\/cra\/calendarios-academicos\/calendario-academico-2023\/\">Calend\u00e1rio Acad\u00eamico 2023<\/a><\/p>\n<p><a href=\"https:\/\/wp.ufpel.edu.br\/cra\/calendarios-academicos\/calendario-academico-2022\/\">Calend\u00e1rio Acad\u00eamico 2022<\/a><\/p>\n<p><a href=\"https:\/\/wp.ufpel.edu.br\/cra\/calendarios-academicos\/calendario-academico-2021\/\">Calend\u00e1rio Acad\u00eamico 2021<\/a><\/p>\n<p><a href=\"https:\/\/wp.ufpel.edu.br\/cra\/calendarios-academicos\/calendario-alternativo-2020-1\/\">Calend\u00e1rio Acad\u00eamico 2020<\/a><\/p>\n<p><a href=\"https:\/\/wp.ufpel.edu.br\/ppgeo\/files\/2019\/03\/Calendario_Academico_PPGeo2019.pdf\">Calend\u00e1rio Acad\u00eamico 2019<\/a><\/p>\n<p><a href=\"https:\/\/wp.ufpel.edu.br\/ppgeo\/files\/2018\/03\/CALENDARIO_ACADEMICO_2018.pdf\">Calend\u00e1rio Acad\u00eamico 2018<\/a><\/p>\n<p><a href=\"https:\/\/wp.ufpel.edu.br\/ppgeo\/files\/2017\/03\/CALEND\u00c1RIO_ACAD\u00caMICO_2017.pdf\">Calend\u00e1rio Acad\u00eamico 2017<\/a><\/p>\n","protected":false},"excerpt":{"rendered":"<p>Calend\u00e1rio Acad\u00eamico 2026 Calend\u00e1rio Acad\u00eamico 2025 Calend\u00e1rio Acad\u00eamico 2024 Calend\u00e1rio Acad\u00eamico 2023 Calend\u00e1rio Acad\u00eamico 2022 Calend\u00e1rio Acad\u00eamico 2021 Calend\u00e1rio Acad\u00eamico 2020 Calend\u00e1rio Acad\u00eamico 2019 Calend\u00e1rio Acad\u00eamico 2018 Calend\u00e1rio Acad\u00eamico 2017<\/p>\n","protected":false},"author":202,"featured_media":0,"parent":89,"menu_order":7,"comment_status":"closed","ping_status":"closed","template":"","meta":{"footnotes":""},"class_list":["post-1098","page","type-page","status-publish","hentry"],"jetpack_sharing_enabled":true,"_links":{"self":[{"href":"https:\/\/wp.ufpel.edu.br\/ppgeo\/wp-json\/wp\/v2\/pages\/1098","targetHints":{"allow":["GET"]}}],"collection":[{"href":"https:\/\/wp.ufpel.edu.br\/ppgeo\/wp-json\/wp\/v2\/pages"}],"about":[{"href":"https:\/\/wp.ufpel.edu.br\/ppgeo\/wp-json\/wp\/v2\/types\/page"}],"author":[{"embeddable":true,"href":"https:\/\/wp.ufpel.edu.br\/ppgeo\/wp-json\/wp\/v2\/users\/202"}],"replies":[{"embeddable":true,"href":"https:\/\/wp.ufpel.edu.br\/ppgeo\/wp-json\/wp\/v2\/comments?post=1098"}],"version-history":[{"count":3,"href":"https:\/\/wp.ufpel.edu.br\/ppgeo\/wp-json\/wp\/v2\/pages\/1098\/revisions"}],"predecessor-version":[{"id":3553,"href":"https:\/\/wp.ufpel.edu.br\/ppgeo\/wp-json\/wp\/v2\/pages\/1098\/revisions\/3553"}],"up":[{"embeddable":true,"href":"https:\/\/wp.ufpel.edu.br\/ppgeo\/wp-json\/wp\/v2\/pages\/89"}],"wp:attachment":[{"href":"https:\/\/wp.ufpel.edu.br\/ppgeo\/wp-json\/wp\/v2\/media?parent=1098"}],"curies":[{"name":"wp","href":"https:\/\/api.w.org\/{rel}","templated":true}]}}