{"id":8,"date":"2016-02-16T10:43:18","date_gmt":"2016-02-16T12:43:18","guid":{"rendered":"https:\/\/wp.ufpel.edu.br\/ppgent\/?page_id=8"},"modified":"2016-02-16T10:43:18","modified_gmt":"2016-02-16T12:43:18","slug":"linhas-de-pesquisa","status":"publish","type":"page","link":"https:\/\/wp.ufpel.edu.br\/ppgent\/linhas-de-pesquisa\/","title":{"rendered":"Linhas de Pesquisa"},"content":{"rendered":"<p><strong>\u00c1rea de Concentra\u00e7\u00e3o em Entomologia<\/strong><\/p>\n<p>Linha de Pesquisa 1 \u2013 Biologia e Ecologia de Insetos<\/p>\n<p>A linha de pesquisa em Biologia e Ecologia de Insetos envolve estudos faun\u00edsticos, comportamentais, intera\u00e7\u00e3o inseto-planta, vetores, morfologia, fisiologia e biologia dos Insetos, visando obter informa\u00e7\u00f5es que contribuam para manejo e controle de insetos, conhecimento e a conserva\u00e7\u00e3o da fauna entomol\u00f3gica neotropical.<\/p>\n<p>Linha de Pesquisa 2 \u2013 Manejo Integrado de Insetos<\/p>\n<p>A linha de pesquisa Manejo Integrado de Insetos preconiza experimenta\u00e7\u00f5es sobre m\u00e9todos de controle de pragas, com \u00eanfase no MIP e aspectos conceituais e tecnol\u00f3gicos da Resist\u00eancia de Plantas aos Artr\u00f3podes, Tecnologia dos Inseticidas, Resist\u00eancia de Insetos a Inseticidas, Controle Biol\u00f3gico, Novos M\u00e9todos de Controle e Entomologia Econ\u00f4mica.<\/p>\n","protected":false},"excerpt":{"rendered":"<p>\u00c1rea de Concentra\u00e7\u00e3o em Entomologia Linha de Pesquisa 1 \u2013 Biologia e Ecologia de Insetos A linha de pesquisa em Biologia e Ecologia de Insetos envolve estudos faun\u00edsticos, comportamentais, intera\u00e7\u00e3o inseto-planta, vetores, morfologia, fisiologia e biologia dos Insetos, visando obter informa\u00e7\u00f5es que contribuam para manejo e controle de insetos, conhecimento e a conserva\u00e7\u00e3o da fauna [&hellip;]<\/p>\n","protected":false},"author":606,"featured_media":0,"parent":0,"menu_order":0,"comment_status":"closed","ping_status":"closed","template":"","meta":{"footnotes":""},"class_list":["post-8","page","type-page","status-publish","hentry"],"yoast_head":"<!-- This site is optimized with the Yoast SEO plugin v26.7 - https:\/\/yoast.com\/wordpress\/plugins\/seo\/ -->\n<title>Linhas de Pesquisa &#8226; PPG em Entomologia<\/title>\n<meta name=\"robots\" content=\"index, follow, max-snippet:-1, max-image-preview:large, max-video-preview:-1\" \/>\n<link rel=\"canonical\" href=\"https:\/\/wp.ufpel.edu.br\/ppgent\/linhas-de-pesquisa\/\" \/>\n<meta property=\"og:locale\" content=\"pt_BR\" \/>\n<meta property=\"og:type\" content=\"article\" \/>\n<meta property=\"og:title\" content=\"Linhas de Pesquisa &#8226; PPG em Entomologia\" \/>\n<meta property=\"og:description\" content=\"\u00c1rea de Concentra\u00e7\u00e3o em Entomologia Linha de Pesquisa 1 \u2013 Biologia e Ecologia de Insetos A linha de pesquisa em Biologia e Ecologia de Insetos envolve estudos faun\u00edsticos, comportamentais, intera\u00e7\u00e3o inseto-planta, vetores, morfologia, fisiologia e biologia dos Insetos, visando obter informa\u00e7\u00f5es que contribuam para manejo e controle de insetos, conhecimento e a conserva\u00e7\u00e3o da fauna [&hellip;]\" \/>\n<meta property=\"og:url\" content=\"https:\/\/wp.ufpel.edu.br\/ppgent\/linhas-de-pesquisa\/\" \/>\n<meta property=\"og:site_name\" content=\"PPG em Entomologia\" \/>\n<meta name=\"twitter:card\" content=\"summary_large_image\" \/>\n<meta name=\"twitter:label1\" content=\"Est. tempo de leitura\" \/>\n\t<meta name=\"twitter:data1\" content=\"1 minuto\" \/>\n<script type=\"application\/ld+json\" class=\"yoast-schema-graph\">{\"@context\":\"https:\/\/schema.org\",\"@graph\":[{\"@type\":\"WebPage\",\"@id\":\"https:\/\/wp.ufpel.edu.br\/ppgent\/linhas-de-pesquisa\/\",\"url\":\"https:\/\/wp.ufpel.edu.br\/ppgent\/linhas-de-pesquisa\/\",\"name\":\"Linhas de Pesquisa &#8226; PPG em Entomologia\",\"isPartOf\":{\"@id\":\"https:\/\/wp.ufpel.edu.br\/ppgent\/#website\"},\"datePublished\":\"2016-02-16T12:43:18+00:00\",\"breadcrumb\":{\"@id\":\"https:\/\/wp.ufpel.edu.br\/ppgent\/linhas-de-pesquisa\/#breadcrumb\"},\"inLanguage\":\"pt-BR\",\"potentialAction\":[{\"@type\":\"ReadAction\",\"target\":[\"https:\/\/wp.ufpel.edu.br\/ppgent\/linhas-de-pesquisa\/\"]}]},{\"@type\":\"BreadcrumbList\",\"@id\":\"https:\/\/wp.ufpel.edu.br\/ppgent\/linhas-de-pesquisa\/#breadcrumb\",\"itemListElement\":[{\"@type\":\"ListItem\",\"position\":1,\"name\":\"In\u00edcio\",\"item\":\"https:\/\/wp.ufpel.edu.br\/ppgent\/\"},{\"@type\":\"ListItem\",\"position\":2,\"name\":\"Linhas de Pesquisa\"}]},{\"@type\":\"WebSite\",\"@id\":\"https:\/\/wp.ufpel.edu.br\/ppgent\/#website\",\"url\":\"https:\/\/wp.ufpel.edu.br\/ppgent\/\",\"name\":\"PPG em Entomologia\",\"description\":\"Universidade Federal de Pelotas\",\"potentialAction\":[{\"@type\":\"SearchAction\",\"target\":{\"@type\":\"EntryPoint\",\"urlTemplate\":\"https:\/\/wp.ufpel.edu.br\/ppgent\/?s={search_term_string}\"},\"query-input\":{\"@type\":\"PropertyValueSpecification\",\"valueRequired\":true,\"valueName\":\"search_term_string\"}}],\"inLanguage\":\"pt-BR\"}]}<\/script>\n<!-- \/ Yoast SEO plugin. -->","yoast_head_json":{"title":"Linhas de Pesquisa &#8226; PPG em Entomologia","robots":{"index":"index","follow":"follow","max-snippet":"max-snippet:-1","max-image-preview":"max-image-preview:large","max-video-preview":"max-video-preview:-1"},"canonical":"https:\/\/wp.ufpel.edu.br\/ppgent\/linhas-de-pesquisa\/","og_locale":"pt_BR","og_type":"article","og_title":"Linhas de Pesquisa &#8226; PPG em Entomologia","og_description":"\u00c1rea de Concentra\u00e7\u00e3o em Entomologia Linha de Pesquisa 1 \u2013 Biologia e Ecologia de Insetos A linha de pesquisa em Biologia e Ecologia de Insetos envolve estudos faun\u00edsticos, comportamentais, intera\u00e7\u00e3o inseto-planta, vetores, morfologia, fisiologia e biologia dos Insetos, visando obter informa\u00e7\u00f5es que contribuam para manejo e controle de insetos, conhecimento e a conserva\u00e7\u00e3o da fauna [&hellip;]","og_url":"https:\/\/wp.ufpel.edu.br\/ppgent\/linhas-de-pesquisa\/","og_site_name":"PPG em Entomologia","twitter_card":"summary_large_image","twitter_misc":{"Est. tempo de leitura":"1 minuto"},"schema":{"@context":"https:\/\/schema.org","@graph":[{"@type":"WebPage","@id":"https:\/\/wp.ufpel.edu.br\/ppgent\/linhas-de-pesquisa\/","url":"https:\/\/wp.ufpel.edu.br\/ppgent\/linhas-de-pesquisa\/","name":"Linhas de Pesquisa &#8226; PPG em Entomologia","isPartOf":{"@id":"https:\/\/wp.ufpel.edu.br\/ppgent\/#website"},"datePublished":"2016-02-16T12:43:18+00:00","breadcrumb":{"@id":"https:\/\/wp.ufpel.edu.br\/ppgent\/linhas-de-pesquisa\/#breadcrumb"},"inLanguage":"pt-BR","potentialAction":[{"@type":"ReadAction","target":["https:\/\/wp.ufpel.edu.br\/ppgent\/linhas-de-pesquisa\/"]}]},{"@type":"BreadcrumbList","@id":"https:\/\/wp.ufpel.edu.br\/ppgent\/linhas-de-pesquisa\/#breadcrumb","itemListElement":[{"@type":"ListItem","position":1,"name":"In\u00edcio","item":"https:\/\/wp.ufpel.edu.br\/ppgent\/"},{"@type":"ListItem","position":2,"name":"Linhas de Pesquisa"}]},{"@type":"WebSite","@id":"https:\/\/wp.ufpel.edu.br\/ppgent\/#website","url":"https:\/\/wp.ufpel.edu.br\/ppgent\/","name":"PPG em Entomologia","description":"Universidade Federal de Pelotas","potentialAction":[{"@type":"SearchAction","target":{"@type":"EntryPoint","urlTemplate":"https:\/\/wp.ufpel.edu.br\/ppgent\/?s={search_term_string}"},"query-input":{"@type":"PropertyValueSpecification","valueRequired":true,"valueName":"search_term_string"}}],"inLanguage":"pt-BR"}]}},"jetpack_sharing_enabled":true,"_links":{"self":[{"href":"https:\/\/wp.ufpel.edu.br\/ppgent\/wp-json\/wp\/v2\/pages\/8","targetHints":{"allow":["GET"]}}],"collection":[{"href":"https:\/\/wp.ufpel.edu.br\/ppgent\/wp-json\/wp\/v2\/pages"}],"about":[{"href":"https:\/\/wp.ufpel.edu.br\/ppgent\/wp-json\/wp\/v2\/types\/page"}],"author":[{"embeddable":true,"href":"https:\/\/wp.ufpel.edu.br\/ppgent\/wp-json\/wp\/v2\/users\/606"}],"replies":[{"embeddable":true,"href":"https:\/\/wp.ufpel.edu.br\/ppgent\/wp-json\/wp\/v2\/comments?post=8"}],"version-history":[{"count":1,"href":"https:\/\/wp.ufpel.edu.br\/ppgent\/wp-json\/wp\/v2\/pages\/8\/revisions"}],"predecessor-version":[{"id":10,"href":"https:\/\/wp.ufpel.edu.br\/ppgent\/wp-json\/wp\/v2\/pages\/8\/revisions\/10"}],"wp:attachment":[{"href":"https:\/\/wp.ufpel.edu.br\/ppgent\/wp-json\/wp\/v2\/media?parent=8"}],"curies":[{"name":"wp","href":"https:\/\/api.w.org\/{rel}","templated":true}]}}