{"id":72,"date":"2016-02-16T12:05:45","date_gmt":"2016-02-16T14:05:45","guid":{"rendered":"https:\/\/wp.ufpel.edu.br\/ppgent\/?page_id=72"},"modified":"2020-02-06T11:13:17","modified_gmt":"2020-02-06T14:13:17","slug":"documentos","status":"publish","type":"page","link":"https:\/\/wp.ufpel.edu.br\/ppgent\/documentos\/","title":{"rendered":"Documentos"},"content":{"rendered":"<ol>\n<li><a href=\"https:\/\/drive.google.com\/file\/d\/1aOehA910Slz3afNjzO4Kq0mmeflsUexc\/view?usp=sharing\">Novo Regimento (aprovado em dezembro\/2019)<\/a><\/li>\n<li><a href=\"https:\/\/wp.ufpel.edu.br\/ppgent\/files\/2016\/02\/CCF03062014_00000.pdf\" rel=\"\">Regimento anterior<\/a><\/li>\n<li><a href=\"https:\/\/drive.google.com\/file\/d\/1g6UBnnEKQOx0GfujZs-38kKJg9r7sUQu\/view?usp=sharing\">Planilha de pontua\u00e7\u00e3o (Processo Seletivo para Aluno Regular)<\/a><\/li>\n<li><a href=\"https:\/\/drive.google.com\/file\/d\/1AcTeevXTQkijeQhQjyQLe-UZmlfvV66P\/view?usp=sharing\">Formul\u00e1rio de Inscri\u00e7\u00e3o &#8211; Aluno Especial (2019-02)<\/a><\/li>\n<li><a href=\"https:\/\/drive.google.com\/file\/d\/1K-xvkkaUR_QDWLxXrB1bVGRaH_Cv6WCG\/view?usp=sharing\">Formul\u00e1rio de Inscri\u00e7\u00e3o &#8211; Alunos Especial (2020-01)<\/a><\/li>\n<\/ol>\n","protected":false},"excerpt":{"rendered":"<p>Novo Regimento (aprovado em dezembro\/2019) Regimento anterior Planilha de pontua\u00e7\u00e3o (Processo Seletivo para Aluno Regular) Formul\u00e1rio de Inscri\u00e7\u00e3o &#8211; Aluno Especial (2019-02) Formul\u00e1rio de Inscri\u00e7\u00e3o &#8211; Alunos Especial (2020-01)<\/p>\n","protected":false},"author":606,"featured_media":0,"parent":0,"menu_order":0,"comment_status":"closed","ping_status":"closed","template":"","meta":{"footnotes":""},"class_list":["post-72","page","type-page","status-publish","hentry"],"yoast_head":"<!-- This site is optimized with the Yoast SEO plugin v26.7 - https:\/\/yoast.com\/wordpress\/plugins\/seo\/ -->\n<title>Documentos &#8226; PPG em Entomologia<\/title>\n<meta name=\"robots\" content=\"index, follow, max-snippet:-1, max-image-preview:large, max-video-preview:-1\" \/>\n<link rel=\"canonical\" href=\"https:\/\/wp.ufpel.edu.br\/ppgent\/documentos\/\" \/>\n<meta property=\"og:locale\" content=\"pt_BR\" \/>\n<meta property=\"og:type\" content=\"article\" \/>\n<meta property=\"og:title\" content=\"Documentos &#8226; PPG em Entomologia\" \/>\n<meta property=\"og:description\" content=\"Novo Regimento (aprovado em dezembro\/2019) Regimento anterior Planilha de pontua\u00e7\u00e3o (Processo Seletivo para Aluno Regular) Formul\u00e1rio de Inscri\u00e7\u00e3o &#8211; Aluno Especial (2019-02) Formul\u00e1rio de Inscri\u00e7\u00e3o &#8211; Alunos Especial (2020-01)\" \/>\n<meta property=\"og:url\" content=\"https:\/\/wp.ufpel.edu.br\/ppgent\/documentos\/\" \/>\n<meta property=\"og:site_name\" content=\"PPG em Entomologia\" \/>\n<meta property=\"article:modified_time\" content=\"2020-02-06T14:13:17+00:00\" \/>\n<meta name=\"twitter:card\" content=\"summary_large_image\" \/>\n<script type=\"application\/ld+json\" class=\"yoast-schema-graph\">{\"@context\":\"https:\/\/schema.org\",\"@graph\":[{\"@type\":\"WebPage\",\"@id\":\"https:\/\/wp.ufpel.edu.br\/ppgent\/documentos\/\",\"url\":\"https:\/\/wp.ufpel.edu.br\/ppgent\/documentos\/\",\"name\":\"Documentos &#8226; PPG em Entomologia\",\"isPartOf\":{\"@id\":\"https:\/\/wp.ufpel.edu.br\/ppgent\/#website\"},\"datePublished\":\"2016-02-16T14:05:45+00:00\",\"dateModified\":\"2020-02-06T14:13:17+00:00\",\"breadcrumb\":{\"@id\":\"https:\/\/wp.ufpel.edu.br\/ppgent\/documentos\/#breadcrumb\"},\"inLanguage\":\"pt-BR\",\"potentialAction\":[{\"@type\":\"ReadAction\",\"target\":[\"https:\/\/wp.ufpel.edu.br\/ppgent\/documentos\/\"]}]},{\"@type\":\"BreadcrumbList\",\"@id\":\"https:\/\/wp.ufpel.edu.br\/ppgent\/documentos\/#breadcrumb\",\"itemListElement\":[{\"@type\":\"ListItem\",\"position\":1,\"name\":\"In\u00edcio\",\"item\":\"https:\/\/wp.ufpel.edu.br\/ppgent\/\"},{\"@type\":\"ListItem\",\"position\":2,\"name\":\"Documentos\"}]},{\"@type\":\"WebSite\",\"@id\":\"https:\/\/wp.ufpel.edu.br\/ppgent\/#website\",\"url\":\"https:\/\/wp.ufpel.edu.br\/ppgent\/\",\"name\":\"PPG em Entomologia\",\"description\":\"Universidade Federal de Pelotas\",\"potentialAction\":[{\"@type\":\"SearchAction\",\"target\":{\"@type\":\"EntryPoint\",\"urlTemplate\":\"https:\/\/wp.ufpel.edu.br\/ppgent\/?s={search_term_string}\"},\"query-input\":{\"@type\":\"PropertyValueSpecification\",\"valueRequired\":true,\"valueName\":\"search_term_string\"}}],\"inLanguage\":\"pt-BR\"}]}<\/script>\n<!-- \/ Yoast SEO plugin. -->","yoast_head_json":{"title":"Documentos &#8226; PPG em Entomologia","robots":{"index":"index","follow":"follow","max-snippet":"max-snippet:-1","max-image-preview":"max-image-preview:large","max-video-preview":"max-video-preview:-1"},"canonical":"https:\/\/wp.ufpel.edu.br\/ppgent\/documentos\/","og_locale":"pt_BR","og_type":"article","og_title":"Documentos &#8226; PPG em Entomologia","og_description":"Novo Regimento (aprovado em dezembro\/2019) Regimento anterior Planilha de pontua\u00e7\u00e3o (Processo Seletivo para Aluno Regular) Formul\u00e1rio de Inscri\u00e7\u00e3o &#8211; Aluno Especial (2019-02) Formul\u00e1rio de Inscri\u00e7\u00e3o &#8211; Alunos Especial (2020-01)","og_url":"https:\/\/wp.ufpel.edu.br\/ppgent\/documentos\/","og_site_name":"PPG em Entomologia","article_modified_time":"2020-02-06T14:13:17+00:00","twitter_card":"summary_large_image","schema":{"@context":"https:\/\/schema.org","@graph":[{"@type":"WebPage","@id":"https:\/\/wp.ufpel.edu.br\/ppgent\/documentos\/","url":"https:\/\/wp.ufpel.edu.br\/ppgent\/documentos\/","name":"Documentos &#8226; PPG em Entomologia","isPartOf":{"@id":"https:\/\/wp.ufpel.edu.br\/ppgent\/#website"},"datePublished":"2016-02-16T14:05:45+00:00","dateModified":"2020-02-06T14:13:17+00:00","breadcrumb":{"@id":"https:\/\/wp.ufpel.edu.br\/ppgent\/documentos\/#breadcrumb"},"inLanguage":"pt-BR","potentialAction":[{"@type":"ReadAction","target":["https:\/\/wp.ufpel.edu.br\/ppgent\/documentos\/"]}]},{"@type":"BreadcrumbList","@id":"https:\/\/wp.ufpel.edu.br\/ppgent\/documentos\/#breadcrumb","itemListElement":[{"@type":"ListItem","position":1,"name":"In\u00edcio","item":"https:\/\/wp.ufpel.edu.br\/ppgent\/"},{"@type":"ListItem","position":2,"name":"Documentos"}]},{"@type":"WebSite","@id":"https:\/\/wp.ufpel.edu.br\/ppgent\/#website","url":"https:\/\/wp.ufpel.edu.br\/ppgent\/","name":"PPG em Entomologia","description":"Universidade Federal de Pelotas","potentialAction":[{"@type":"SearchAction","target":{"@type":"EntryPoint","urlTemplate":"https:\/\/wp.ufpel.edu.br\/ppgent\/?s={search_term_string}"},"query-input":{"@type":"PropertyValueSpecification","valueRequired":true,"valueName":"search_term_string"}}],"inLanguage":"pt-BR"}]}},"jetpack_sharing_enabled":true,"_links":{"self":[{"href":"https:\/\/wp.ufpel.edu.br\/ppgent\/wp-json\/wp\/v2\/pages\/72","targetHints":{"allow":["GET"]}}],"collection":[{"href":"https:\/\/wp.ufpel.edu.br\/ppgent\/wp-json\/wp\/v2\/pages"}],"about":[{"href":"https:\/\/wp.ufpel.edu.br\/ppgent\/wp-json\/wp\/v2\/types\/page"}],"author":[{"embeddable":true,"href":"https:\/\/wp.ufpel.edu.br\/ppgent\/wp-json\/wp\/v2\/users\/606"}],"replies":[{"embeddable":true,"href":"https:\/\/wp.ufpel.edu.br\/ppgent\/wp-json\/wp\/v2\/comments?post=72"}],"version-history":[{"count":5,"href":"https:\/\/wp.ufpel.edu.br\/ppgent\/wp-json\/wp\/v2\/pages\/72\/revisions"}],"predecessor-version":[{"id":398,"href":"https:\/\/wp.ufpel.edu.br\/ppgent\/wp-json\/wp\/v2\/pages\/72\/revisions\/398"}],"wp:attachment":[{"href":"https:\/\/wp.ufpel.edu.br\/ppgent\/wp-json\/wp\/v2\/media?parent=72"}],"curies":[{"name":"wp","href":"https:\/\/api.w.org\/{rel}","templated":true}]}}