{"id":448,"date":"2021-03-09T16:08:33","date_gmt":"2021-03-09T19:08:33","guid":{"rendered":"https:\/\/wp.ufpel.edu.br\/ppgent\/?page_id=448"},"modified":"2021-03-09T16:10:24","modified_gmt":"2021-03-09T19:10:24","slug":"edital-de-selecao-2019-ingresso-2020","status":"publish","type":"page","link":"https:\/\/wp.ufpel.edu.br\/ppgent\/ingresso\/edital-de-selecao-2019-ingresso-2020\/","title":{"rendered":"Edital de sele\u00e7\u00e3o 2019 (Ingresso 2020)"},"content":{"rendered":"<p><a href=\"https:\/\/wp.ufpel.edu.br\/prppgi\/files\/2019\/11\/Edital-de-sele%C3%A7%C3%A3o-161-2019-PPG-em-Entomologia-Aluno-Regular.pdf\">Edital de Sele\u00e7\u00e3o 2019 (Ingresso em 2020)<\/a><\/p>\n<p><a href=\"https:\/\/wp.ufpel.edu.br\/ppgent\/2019\/12\/10\/edital-de-selecao-para-aluno-regular-edital-no-161-2019\/\">Homologa\u00e7\u00e3o das Inscri\u00e7\u00f5es<\/a><\/p>\n<p><a href=\"https:\/\/wp.ufpel.edu.br\/ppgent\/2019\/12\/18\/processo-seletivo-para-aluno-regular-de-mestrado-edital-no-161-2019-lista-de-aprovados-1a-fase\/\">Resultado &#8211; 1\u00aa fase<\/a><\/p>\n<p><a href=\"https:\/\/wp.ufpel.edu.br\/ppgent\/2020\/01\/16\/processo-seletivo-para-aluno-regular-de-mestrado-edital-161-2019-classificacao-dos-candidatos\/\">Resultado Final<\/a><\/p>\n","protected":false},"excerpt":{"rendered":"<p>Edital de Sele\u00e7\u00e3o 2019 (Ingresso em 2020) Homologa\u00e7\u00e3o das Inscri\u00e7\u00f5es Resultado &#8211; 1\u00aa fase Resultado Final<\/p>\n","protected":false},"author":606,"featured_media":0,"parent":23,"menu_order":0,"comment_status":"closed","ping_status":"closed","template":"","meta":{"footnotes":""},"class_list":["post-448","page","type-page","status-publish","hentry"],"yoast_head":"<!-- This site is optimized with the Yoast SEO plugin v26.7 - https:\/\/yoast.com\/wordpress\/plugins\/seo\/ -->\n<title>Edital de sele\u00e7\u00e3o 2019 (Ingresso 2020) &#8226; PPG em Entomologia<\/title>\n<meta name=\"robots\" content=\"index, follow, max-snippet:-1, max-image-preview:large, max-video-preview:-1\" \/>\n<link rel=\"canonical\" href=\"https:\/\/wp.ufpel.edu.br\/ppgent\/ingresso\/edital-de-selecao-2019-ingresso-2020\/\" \/>\n<meta property=\"og:locale\" content=\"pt_BR\" \/>\n<meta property=\"og:type\" content=\"article\" \/>\n<meta property=\"og:title\" content=\"Edital de sele\u00e7\u00e3o 2019 (Ingresso 2020) &#8226; PPG em Entomologia\" \/>\n<meta property=\"og:description\" content=\"Edital de Sele\u00e7\u00e3o 2019 (Ingresso em 2020) Homologa\u00e7\u00e3o das Inscri\u00e7\u00f5es Resultado &#8211; 1\u00aa fase Resultado Final\" \/>\n<meta property=\"og:url\" content=\"https:\/\/wp.ufpel.edu.br\/ppgent\/ingresso\/edital-de-selecao-2019-ingresso-2020\/\" \/>\n<meta property=\"og:site_name\" content=\"PPG em Entomologia\" \/>\n<meta property=\"article:modified_time\" content=\"2021-03-09T19:10:24+00:00\" \/>\n<meta name=\"twitter:card\" content=\"summary_large_image\" \/>\n<meta name=\"twitter:label1\" content=\"Est. tempo de leitura\" \/>\n\t<meta name=\"twitter:data1\" content=\"1 minuto\" \/>\n<script type=\"application\/ld+json\" class=\"yoast-schema-graph\">{\"@context\":\"https:\/\/schema.org\",\"@graph\":[{\"@type\":\"WebPage\",\"@id\":\"https:\/\/wp.ufpel.edu.br\/ppgent\/ingresso\/edital-de-selecao-2019-ingresso-2020\/\",\"url\":\"https:\/\/wp.ufpel.edu.br\/ppgent\/ingresso\/edital-de-selecao-2019-ingresso-2020\/\",\"name\":\"Edital de sele\u00e7\u00e3o 2019 (Ingresso 2020) &#8226; PPG em Entomologia\",\"isPartOf\":{\"@id\":\"https:\/\/wp.ufpel.edu.br\/ppgent\/#website\"},\"datePublished\":\"2021-03-09T19:08:33+00:00\",\"dateModified\":\"2021-03-09T19:10:24+00:00\",\"breadcrumb\":{\"@id\":\"https:\/\/wp.ufpel.edu.br\/ppgent\/ingresso\/edital-de-selecao-2019-ingresso-2020\/#breadcrumb\"},\"inLanguage\":\"pt-BR\",\"potentialAction\":[{\"@type\":\"ReadAction\",\"target\":[\"https:\/\/wp.ufpel.edu.br\/ppgent\/ingresso\/edital-de-selecao-2019-ingresso-2020\/\"]}]},{\"@type\":\"BreadcrumbList\",\"@id\":\"https:\/\/wp.ufpel.edu.br\/ppgent\/ingresso\/edital-de-selecao-2019-ingresso-2020\/#breadcrumb\",\"itemListElement\":[{\"@type\":\"ListItem\",\"position\":1,\"name\":\"In\u00edcio\",\"item\":\"https:\/\/wp.ufpel.edu.br\/ppgent\/\"},{\"@type\":\"ListItem\",\"position\":2,\"name\":\"Ingresso\",\"item\":\"https:\/\/wp.ufpel.edu.br\/ppgent\/ingresso\/\"},{\"@type\":\"ListItem\",\"position\":3,\"name\":\"Edital de sele\u00e7\u00e3o 2019 (Ingresso 2020)\"}]},{\"@type\":\"WebSite\",\"@id\":\"https:\/\/wp.ufpel.edu.br\/ppgent\/#website\",\"url\":\"https:\/\/wp.ufpel.edu.br\/ppgent\/\",\"name\":\"PPG em Entomologia\",\"description\":\"Universidade Federal de Pelotas\",\"potentialAction\":[{\"@type\":\"SearchAction\",\"target\":{\"@type\":\"EntryPoint\",\"urlTemplate\":\"https:\/\/wp.ufpel.edu.br\/ppgent\/?s={search_term_string}\"},\"query-input\":{\"@type\":\"PropertyValueSpecification\",\"valueRequired\":true,\"valueName\":\"search_term_string\"}}],\"inLanguage\":\"pt-BR\"}]}<\/script>\n<!-- \/ Yoast SEO plugin. -->","yoast_head_json":{"title":"Edital de sele\u00e7\u00e3o 2019 (Ingresso 2020) &#8226; PPG em Entomologia","robots":{"index":"index","follow":"follow","max-snippet":"max-snippet:-1","max-image-preview":"max-image-preview:large","max-video-preview":"max-video-preview:-1"},"canonical":"https:\/\/wp.ufpel.edu.br\/ppgent\/ingresso\/edital-de-selecao-2019-ingresso-2020\/","og_locale":"pt_BR","og_type":"article","og_title":"Edital de sele\u00e7\u00e3o 2019 (Ingresso 2020) &#8226; PPG em Entomologia","og_description":"Edital de Sele\u00e7\u00e3o 2019 (Ingresso em 2020) Homologa\u00e7\u00e3o das Inscri\u00e7\u00f5es Resultado &#8211; 1\u00aa fase Resultado Final","og_url":"https:\/\/wp.ufpel.edu.br\/ppgent\/ingresso\/edital-de-selecao-2019-ingresso-2020\/","og_site_name":"PPG em Entomologia","article_modified_time":"2021-03-09T19:10:24+00:00","twitter_card":"summary_large_image","twitter_misc":{"Est. tempo de leitura":"1 minuto"},"schema":{"@context":"https:\/\/schema.org","@graph":[{"@type":"WebPage","@id":"https:\/\/wp.ufpel.edu.br\/ppgent\/ingresso\/edital-de-selecao-2019-ingresso-2020\/","url":"https:\/\/wp.ufpel.edu.br\/ppgent\/ingresso\/edital-de-selecao-2019-ingresso-2020\/","name":"Edital de sele\u00e7\u00e3o 2019 (Ingresso 2020) &#8226; PPG em Entomologia","isPartOf":{"@id":"https:\/\/wp.ufpel.edu.br\/ppgent\/#website"},"datePublished":"2021-03-09T19:08:33+00:00","dateModified":"2021-03-09T19:10:24+00:00","breadcrumb":{"@id":"https:\/\/wp.ufpel.edu.br\/ppgent\/ingresso\/edital-de-selecao-2019-ingresso-2020\/#breadcrumb"},"inLanguage":"pt-BR","potentialAction":[{"@type":"ReadAction","target":["https:\/\/wp.ufpel.edu.br\/ppgent\/ingresso\/edital-de-selecao-2019-ingresso-2020\/"]}]},{"@type":"BreadcrumbList","@id":"https:\/\/wp.ufpel.edu.br\/ppgent\/ingresso\/edital-de-selecao-2019-ingresso-2020\/#breadcrumb","itemListElement":[{"@type":"ListItem","position":1,"name":"In\u00edcio","item":"https:\/\/wp.ufpel.edu.br\/ppgent\/"},{"@type":"ListItem","position":2,"name":"Ingresso","item":"https:\/\/wp.ufpel.edu.br\/ppgent\/ingresso\/"},{"@type":"ListItem","position":3,"name":"Edital de sele\u00e7\u00e3o 2019 (Ingresso 2020)"}]},{"@type":"WebSite","@id":"https:\/\/wp.ufpel.edu.br\/ppgent\/#website","url":"https:\/\/wp.ufpel.edu.br\/ppgent\/","name":"PPG em Entomologia","description":"Universidade Federal de Pelotas","potentialAction":[{"@type":"SearchAction","target":{"@type":"EntryPoint","urlTemplate":"https:\/\/wp.ufpel.edu.br\/ppgent\/?s={search_term_string}"},"query-input":{"@type":"PropertyValueSpecification","valueRequired":true,"valueName":"search_term_string"}}],"inLanguage":"pt-BR"}]}},"jetpack_sharing_enabled":true,"_links":{"self":[{"href":"https:\/\/wp.ufpel.edu.br\/ppgent\/wp-json\/wp\/v2\/pages\/448","targetHints":{"allow":["GET"]}}],"collection":[{"href":"https:\/\/wp.ufpel.edu.br\/ppgent\/wp-json\/wp\/v2\/pages"}],"about":[{"href":"https:\/\/wp.ufpel.edu.br\/ppgent\/wp-json\/wp\/v2\/types\/page"}],"author":[{"embeddable":true,"href":"https:\/\/wp.ufpel.edu.br\/ppgent\/wp-json\/wp\/v2\/users\/606"}],"replies":[{"embeddable":true,"href":"https:\/\/wp.ufpel.edu.br\/ppgent\/wp-json\/wp\/v2\/comments?post=448"}],"version-history":[{"count":2,"href":"https:\/\/wp.ufpel.edu.br\/ppgent\/wp-json\/wp\/v2\/pages\/448\/revisions"}],"predecessor-version":[{"id":451,"href":"https:\/\/wp.ufpel.edu.br\/ppgent\/wp-json\/wp\/v2\/pages\/448\/revisions\/451"}],"up":[{"embeddable":true,"href":"https:\/\/wp.ufpel.edu.br\/ppgent\/wp-json\/wp\/v2\/pages\/23"}],"wp:attachment":[{"href":"https:\/\/wp.ufpel.edu.br\/ppgent\/wp-json\/wp\/v2\/media?parent=448"}],"curies":[{"name":"wp","href":"https:\/\/api.w.org\/{rel}","templated":true}]}}