{"id":290,"date":"2017-10-30T10:32:05","date_gmt":"2017-10-30T12:32:05","guid":{"rendered":"https:\/\/wp.ufpel.edu.br\/ppgent\/?page_id=290"},"modified":"2017-12-13T15:17:40","modified_gmt":"2017-12-13T17:17:40","slug":"edital-de-selecao-2017-ingresso-2018","status":"publish","type":"page","link":"https:\/\/wp.ufpel.edu.br\/ppgent\/ingresso\/edital-de-selecao-2017-ingresso-2018\/","title":{"rendered":"Edital de sele\u00e7\u00e3o 2017 (Ingresso 2018)"},"content":{"rendered":"<ul>\n<li><a href=\"https:\/\/wp.ufpel.edu.br\/ppgent\/files\/2017\/10\/Edital-selecao-2017.pdf\">Edital de sele\u00e7\u00e3o 2017 (para ingresso em 2018)<\/a><\/li>\n<li><a href=\"https:\/\/drive.google.com\/file\/d\/1zFzdUnESK-Z-1Cebjt3nnfbJwNCDwNiu\/view?usp=sharing\">Homologa\u00e7\u00e3o das Inscri\u00e7\u00f5es<\/a><\/li>\n<li><a href=\"https:\/\/drive.google.com\/file\/d\/0B6Qwd2ZvgTIZeEZMR1pUWjktYTV3X0FMU0VZRWRaelBueExF\/view?usp=sharing\">Resultado final<\/a><\/li>\n<\/ul>\n","protected":false},"excerpt":{"rendered":"<p>Edital de sele\u00e7\u00e3o 2017 (para ingresso em 2018) Homologa\u00e7\u00e3o das Inscri\u00e7\u00f5es Resultado final<\/p>\n","protected":false},"author":606,"featured_media":0,"parent":23,"menu_order":0,"comment_status":"closed","ping_status":"closed","template":"","meta":{"footnotes":""},"class_list":["post-290","page","type-page","status-publish","hentry"],"yoast_head":"<!-- This site is optimized with the Yoast SEO plugin v26.7 - https:\/\/yoast.com\/wordpress\/plugins\/seo\/ -->\n<title>Edital de sele\u00e7\u00e3o 2017 (Ingresso 2018) &#8226; PPG em Entomologia<\/title>\n<meta name=\"robots\" content=\"index, follow, max-snippet:-1, max-image-preview:large, max-video-preview:-1\" \/>\n<link rel=\"canonical\" href=\"https:\/\/wp.ufpel.edu.br\/ppgent\/ingresso\/edital-de-selecao-2017-ingresso-2018\/\" \/>\n<meta property=\"og:locale\" content=\"pt_BR\" \/>\n<meta property=\"og:type\" content=\"article\" \/>\n<meta property=\"og:title\" content=\"Edital de sele\u00e7\u00e3o 2017 (Ingresso 2018) &#8226; PPG em Entomologia\" \/>\n<meta property=\"og:description\" content=\"Edital de sele\u00e7\u00e3o 2017 (para ingresso em 2018) Homologa\u00e7\u00e3o das Inscri\u00e7\u00f5es Resultado final\" \/>\n<meta property=\"og:url\" content=\"https:\/\/wp.ufpel.edu.br\/ppgent\/ingresso\/edital-de-selecao-2017-ingresso-2018\/\" \/>\n<meta property=\"og:site_name\" content=\"PPG em Entomologia\" \/>\n<meta property=\"article:modified_time\" content=\"2017-12-13T17:17:40+00:00\" \/>\n<meta name=\"twitter:card\" content=\"summary_large_image\" \/>\n<script type=\"application\/ld+json\" class=\"yoast-schema-graph\">{\"@context\":\"https:\/\/schema.org\",\"@graph\":[{\"@type\":\"WebPage\",\"@id\":\"https:\/\/wp.ufpel.edu.br\/ppgent\/ingresso\/edital-de-selecao-2017-ingresso-2018\/\",\"url\":\"https:\/\/wp.ufpel.edu.br\/ppgent\/ingresso\/edital-de-selecao-2017-ingresso-2018\/\",\"name\":\"Edital de sele\u00e7\u00e3o 2017 (Ingresso 2018) &#8226; PPG em Entomologia\",\"isPartOf\":{\"@id\":\"https:\/\/wp.ufpel.edu.br\/ppgent\/#website\"},\"datePublished\":\"2017-10-30T12:32:05+00:00\",\"dateModified\":\"2017-12-13T17:17:40+00:00\",\"breadcrumb\":{\"@id\":\"https:\/\/wp.ufpel.edu.br\/ppgent\/ingresso\/edital-de-selecao-2017-ingresso-2018\/#breadcrumb\"},\"inLanguage\":\"pt-BR\",\"potentialAction\":[{\"@type\":\"ReadAction\",\"target\":[\"https:\/\/wp.ufpel.edu.br\/ppgent\/ingresso\/edital-de-selecao-2017-ingresso-2018\/\"]}]},{\"@type\":\"BreadcrumbList\",\"@id\":\"https:\/\/wp.ufpel.edu.br\/ppgent\/ingresso\/edital-de-selecao-2017-ingresso-2018\/#breadcrumb\",\"itemListElement\":[{\"@type\":\"ListItem\",\"position\":1,\"name\":\"In\u00edcio\",\"item\":\"https:\/\/wp.ufpel.edu.br\/ppgent\/\"},{\"@type\":\"ListItem\",\"position\":2,\"name\":\"Ingresso\",\"item\":\"https:\/\/wp.ufpel.edu.br\/ppgent\/ingresso\/\"},{\"@type\":\"ListItem\",\"position\":3,\"name\":\"Edital de sele\u00e7\u00e3o 2017 (Ingresso 2018)\"}]},{\"@type\":\"WebSite\",\"@id\":\"https:\/\/wp.ufpel.edu.br\/ppgent\/#website\",\"url\":\"https:\/\/wp.ufpel.edu.br\/ppgent\/\",\"name\":\"PPG em Entomologia\",\"description\":\"Universidade Federal de Pelotas\",\"potentialAction\":[{\"@type\":\"SearchAction\",\"target\":{\"@type\":\"EntryPoint\",\"urlTemplate\":\"https:\/\/wp.ufpel.edu.br\/ppgent\/?s={search_term_string}\"},\"query-input\":{\"@type\":\"PropertyValueSpecification\",\"valueRequired\":true,\"valueName\":\"search_term_string\"}}],\"inLanguage\":\"pt-BR\"}]}<\/script>\n<!-- \/ Yoast SEO plugin. -->","yoast_head_json":{"title":"Edital de sele\u00e7\u00e3o 2017 (Ingresso 2018) &#8226; PPG em Entomologia","robots":{"index":"index","follow":"follow","max-snippet":"max-snippet:-1","max-image-preview":"max-image-preview:large","max-video-preview":"max-video-preview:-1"},"canonical":"https:\/\/wp.ufpel.edu.br\/ppgent\/ingresso\/edital-de-selecao-2017-ingresso-2018\/","og_locale":"pt_BR","og_type":"article","og_title":"Edital de sele\u00e7\u00e3o 2017 (Ingresso 2018) &#8226; PPG em Entomologia","og_description":"Edital de sele\u00e7\u00e3o 2017 (para ingresso em 2018) Homologa\u00e7\u00e3o das Inscri\u00e7\u00f5es Resultado final","og_url":"https:\/\/wp.ufpel.edu.br\/ppgent\/ingresso\/edital-de-selecao-2017-ingresso-2018\/","og_site_name":"PPG em Entomologia","article_modified_time":"2017-12-13T17:17:40+00:00","twitter_card":"summary_large_image","schema":{"@context":"https:\/\/schema.org","@graph":[{"@type":"WebPage","@id":"https:\/\/wp.ufpel.edu.br\/ppgent\/ingresso\/edital-de-selecao-2017-ingresso-2018\/","url":"https:\/\/wp.ufpel.edu.br\/ppgent\/ingresso\/edital-de-selecao-2017-ingresso-2018\/","name":"Edital de sele\u00e7\u00e3o 2017 (Ingresso 2018) &#8226; PPG em Entomologia","isPartOf":{"@id":"https:\/\/wp.ufpel.edu.br\/ppgent\/#website"},"datePublished":"2017-10-30T12:32:05+00:00","dateModified":"2017-12-13T17:17:40+00:00","breadcrumb":{"@id":"https:\/\/wp.ufpel.edu.br\/ppgent\/ingresso\/edital-de-selecao-2017-ingresso-2018\/#breadcrumb"},"inLanguage":"pt-BR","potentialAction":[{"@type":"ReadAction","target":["https:\/\/wp.ufpel.edu.br\/ppgent\/ingresso\/edital-de-selecao-2017-ingresso-2018\/"]}]},{"@type":"BreadcrumbList","@id":"https:\/\/wp.ufpel.edu.br\/ppgent\/ingresso\/edital-de-selecao-2017-ingresso-2018\/#breadcrumb","itemListElement":[{"@type":"ListItem","position":1,"name":"In\u00edcio","item":"https:\/\/wp.ufpel.edu.br\/ppgent\/"},{"@type":"ListItem","position":2,"name":"Ingresso","item":"https:\/\/wp.ufpel.edu.br\/ppgent\/ingresso\/"},{"@type":"ListItem","position":3,"name":"Edital de sele\u00e7\u00e3o 2017 (Ingresso 2018)"}]},{"@type":"WebSite","@id":"https:\/\/wp.ufpel.edu.br\/ppgent\/#website","url":"https:\/\/wp.ufpel.edu.br\/ppgent\/","name":"PPG em Entomologia","description":"Universidade Federal de Pelotas","potentialAction":[{"@type":"SearchAction","target":{"@type":"EntryPoint","urlTemplate":"https:\/\/wp.ufpel.edu.br\/ppgent\/?s={search_term_string}"},"query-input":{"@type":"PropertyValueSpecification","valueRequired":true,"valueName":"search_term_string"}}],"inLanguage":"pt-BR"}]}},"jetpack_sharing_enabled":true,"_links":{"self":[{"href":"https:\/\/wp.ufpel.edu.br\/ppgent\/wp-json\/wp\/v2\/pages\/290","targetHints":{"allow":["GET"]}}],"collection":[{"href":"https:\/\/wp.ufpel.edu.br\/ppgent\/wp-json\/wp\/v2\/pages"}],"about":[{"href":"https:\/\/wp.ufpel.edu.br\/ppgent\/wp-json\/wp\/v2\/types\/page"}],"author":[{"embeddable":true,"href":"https:\/\/wp.ufpel.edu.br\/ppgent\/wp-json\/wp\/v2\/users\/606"}],"replies":[{"embeddable":true,"href":"https:\/\/wp.ufpel.edu.br\/ppgent\/wp-json\/wp\/v2\/comments?post=290"}],"version-history":[{"count":4,"href":"https:\/\/wp.ufpel.edu.br\/ppgent\/wp-json\/wp\/v2\/pages\/290\/revisions"}],"predecessor-version":[{"id":308,"href":"https:\/\/wp.ufpel.edu.br\/ppgent\/wp-json\/wp\/v2\/pages\/290\/revisions\/308"}],"up":[{"embeddable":true,"href":"https:\/\/wp.ufpel.edu.br\/ppgent\/wp-json\/wp\/v2\/pages\/23"}],"wp:attachment":[{"href":"https:\/\/wp.ufpel.edu.br\/ppgent\/wp-json\/wp\/v2\/media?parent=290"}],"curies":[{"name":"wp","href":"https:\/\/api.w.org\/{rel}","templated":true}]}}